{"id":9,"date":"2012-02-08T11:06:12","date_gmt":"2012-02-08T11:06:12","guid":{"rendered":"https:\/\/old.szpitaltoszek.pl\/?page_id=9"},"modified":"2024-07-11T11:25:56","modified_gmt":"2024-07-11T09:25:56","slug":"informacje-ogolne","status":"publish","type":"page","link":"https:\/\/old.szpitaltoszek.pl\/?page_id=9","title":{"rendered":"Strona g\u0142\u00f3wna"},"content":{"rendered":"<p><a href=\"https:\/\/old.szpitaltoszek.pl\/?p=2331\"><img loading=\"lazy\" decoding=\"async\" class=\"aligncenter size-full wp-image-2006\" src=\"https:\/\/old.szpitaltoszek.pl\/wp-content\/uploads\/2015\/03\/efrr_logo.jpg\" alt=\"efrr_logo\" width=\"2535\" height=\"448\" srcset=\"https:\/\/old.szpitaltoszek.pl\/wp-content\/uploads\/2015\/03\/efrr_logo.jpg 2535w, https:\/\/old.szpitaltoszek.pl\/wp-content\/uploads\/2015\/03\/efrr_logo-300x53.jpg 300w, https:\/\/old.szpitaltoszek.pl\/wp-content\/uploads\/2015\/03\/efrr_logo-1024x180.jpg 1024w\" sizes=\"auto, (max-width: 2535px) 100vw, 2535px\" \/><\/a><\/p>\n<p>&nbsp;<\/p>\n<h1><a href=\"https:\/\/old.szpitaltoszek.pl\/wp-content\/uploads\/2012\/04\/historia_rozwoj1.jpg\"><img loading=\"lazy\" decoding=\"async\" class=\"wp-image-135 alignleft\" src=\"https:\/\/old.szpitaltoszek.pl\/wp-content\/uploads\/2012\/04\/historia_rozwoj1.jpg\" alt=\"historia_rozwoj1\" width=\"336\" height=\"252\" srcset=\"https:\/\/old.szpitaltoszek.pl\/wp-content\/uploads\/2012\/04\/historia_rozwoj1.jpg 800w, https:\/\/old.szpitaltoszek.pl\/wp-content\/uploads\/2012\/04\/historia_rozwoj1-300x225.jpg 300w\" sizes=\"auto, (max-width: 336px) 100vw, 336px\" \/><\/a>Misja Szpitala<\/h1>\n<p><span style=\"color: #ff0000;\">&#8222;Jeste\u015bmy aby chroni\u0107 \u017cycie i godno\u015b\u0107, przywraca\u0107 zdrowie i dawa\u0107 nadziej\u0119&#8221;.<\/span><\/p>\n<p style=\"text-align: justify;\">Celem Szpitala jest udzielanie \u015bwiadcze\u0144 zdrowotnych i promocja zdrowia w spos\u00f3b profesjonalny, sumienny i przyjazny dla pacjenta, utrzymuj\u0105c standardy jako\u015bci us\u0142ug oraz wykonywanie zada\u0144 zgodnie ze wskazaniem aktualnej wiedzy medycznej i zasadami etyki zawodowej.<\/p>\n<p style=\"text-align: justify;\"><strong>Do zada\u0144 podmiotu nale\u017cy:<br \/>\n<\/strong>udzielanie \u015bwiadcze\u0144 zdrowotnych w dziedzinie:<br \/>\npsychiatrii z zakresu:<\/p>\n<ul style=\"text-align: justify;\">\n<li>lecznictwa stacjonarnego (hospitalizacja),<\/li>\n<li>lecznictwa ambulatoryjnego (porady specjalistyczne, terapia grupowa i indywidualna), chor\u00f3b wewn\u0119trznych z zakresu:<\/li>\n<li>lecznictwa stacjonarnego (hospitalizacja),<\/li>\n<li>lecznictwa ambulatoryjnego (porady specjalistyczne, diagnostyka endoskopowa, obrazowa),<\/li>\n<li>orzekanie o stanie zdrowia,<\/li>\n<li>realizacja zada\u0144 z zakresu promocji zdrowia,<\/li>\n<li>prowadzenia kszta\u0142cenia podyplomowego lekarzy,<\/li>\n<li>wsp\u00f3\u0142dzia\u0142anie z innymi podmiotami w zakresie prowadzenia szkole\u0144 i dokszta\u0142cania os\u00f3b udzielaj\u0105cych \u015bwiadcze\u0144 zdrowotnych.<\/li>\n<\/ul>\n<p style=\"text-align: justify;\">Szpital mo\u017ce tak\u017ce wykonywa\u0107 dzia\u0142alno\u015b\u0107 gospodarcz\u0105 w zakresie us\u0142ug technicznych, \u017cywieniowych oraz najmu wolnych powierzchni b\u0119d\u0105cych w jego dyspozycji.<\/p>\n<hr \/>\n<h5 style=\"text-align: justify;\"><strong><a href=\"https:\/\/old.szpitaltoszek.pl\/\">O nas<\/a><br \/>\n<a href=\"https:\/\/old.szpitaltoszek.pl\/?page_id=1870\">Informacje og\u00f3lne<\/a><br \/>\n<a href=\"https:\/\/old.szpitaltoszek.pl\/?page_id=1952\">Dyrekcja<\/a><br \/>\n<a href=\"https:\/\/old.szpitaltoszek.pl\/?page_id=4991\">Bud\u017cet i maj\u0105tek<\/a><br \/>\n<a href=\"https:\/\/old.szpitaltoszek.pl\/?page_id=4928\">Ksi\u0105\u017cka teleadresowa<\/a><\/strong><\/h5>\n","protected":false},"excerpt":{"rendered":"<p>&nbsp; Misja Szpitala &#8222;Jeste\u015bmy aby chroni\u0107 \u017cycie i godno\u015b\u0107, przywraca\u0107 zdrowie i dawa\u0107 nadziej\u0119&#8221;. Celem Szpitala jest udzielanie \u015bwiadcze\u0144 zdrowotnych i promocja zdrowia w spos\u00f3b profesjonalny, sumienny i przyjazny dla pacjenta, utrzymuj\u0105c standardy jako\u015bci us\u0142ug oraz wykonywanie zada\u0144 zgodnie ze &hellip; <a href=\"https:\/\/old.szpitaltoszek.pl\/?page_id=9\">Czytaj dalej <span class=\"meta-nav\">&rarr;<\/span><\/a><\/p>\n","protected":false},"author":1,"featured_media":0,"parent":0,"menu_order":1,"comment_status":"closed","ping_status":"open","template":"","meta":{"footnotes":""},"class_list":["post-9","page","type-page","status-publish","hentry"],"_links":{"self":[{"href":"https:\/\/old.szpitaltoszek.pl\/index.php?rest_route=\/wp\/v2\/pages\/9","targetHints":{"allow":["GET"]}}],"collection":[{"href":"https:\/\/old.szpitaltoszek.pl\/index.php?rest_route=\/wp\/v2\/pages"}],"about":[{"href":"https:\/\/old.szpitaltoszek.pl\/index.php?rest_route=\/wp\/v2\/types\/page"}],"author":[{"embeddable":true,"href":"https:\/\/old.szpitaltoszek.pl\/index.php?rest_route=\/wp\/v2\/users\/1"}],"replies":[{"embeddable":true,"href":"https:\/\/old.szpitaltoszek.pl\/index.php?rest_route=%2Fwp%2Fv2%2Fcomments&post=9"}],"version-history":[{"count":29,"href":"https:\/\/old.szpitaltoszek.pl\/index.php?rest_route=\/wp\/v2\/pages\/9\/revisions"}],"predecessor-version":[{"id":7132,"href":"https:\/\/old.szpitaltoszek.pl\/index.php?rest_route=\/wp\/v2\/pages\/9\/revisions\/7132"}],"wp:attachment":[{"href":"https:\/\/old.szpitaltoszek.pl\/index.php?rest_route=%2Fwp%2Fv2%2Fmedia&parent=9"}],"curies":[{"name":"wp","href":"https:\/\/api.w.org\/{rel}","templated":true}]}}