{"id":8948,"date":"2023-03-24T11:05:46","date_gmt":"2023-03-24T10:05:46","guid":{"rendered":"https:\/\/old.szpitaltoszek.pl\/?page_id=8948"},"modified":"2024-01-17T11:09:23","modified_gmt":"2024-01-17T10:09:23","slug":"centrum-zdrowia-psychicznego","status":"publish","type":"page","link":"https:\/\/old.szpitaltoszek.pl\/?page_id=8948","title":{"rendered":"Centrum Zdrowia Psychicznego"},"content":{"rendered":"<p><a href=\"https:\/\/old.szpitaltoszek.pl\/wp-content\/uploads\/2023\/03\/IMG-20230318-WA0005.jpg\"><img loading=\"lazy\" decoding=\"async\" class=\"aligncenter size-large wp-image-8951\" src=\"https:\/\/old.szpitaltoszek.pl\/wp-content\/uploads\/2023\/03\/IMG-20230318-WA0005-1024x265.jpg\" alt=\"CZP\" width=\"640\" height=\"166\" srcset=\"https:\/\/old.szpitaltoszek.pl\/wp-content\/uploads\/2023\/03\/IMG-20230318-WA0005-1024x265.jpg 1024w, https:\/\/old.szpitaltoszek.pl\/wp-content\/uploads\/2023\/03\/IMG-20230318-WA0005-300x78.jpg 300w, https:\/\/old.szpitaltoszek.pl\/wp-content\/uploads\/2023\/03\/IMG-20230318-WA0005-768x199.jpg 768w, https:\/\/old.szpitaltoszek.pl\/wp-content\/uploads\/2023\/03\/IMG-20230318-WA0005.jpg 1600w\" sizes=\"auto, (max-width: 640px) 100vw, 640px\" \/><\/a><\/p>\n<p>Samodzielny Publiczny Zak\u0142ad Opieki Zdrowotnej Szpital Psychiatryczny w Toszku przy ulicy Gliwickiej 5, od 1 marca 2023 roku uruchomi\u0142 Centrum Zdrowia Psychicznego dla mieszka\u0144c\u00f3w powiatu gliwickiego w ramach programu pilota\u017cowego. Centrum \u015bwiadczy us\u0142ugi w ramach zawartej umowy z Narodowym Funduszem Zdrowia w zakresie oddzia\u0142u psychiatrycznego og\u00f3lnego z 25 \u0142\u00f3\u017ckami, zespo\u0142u leczenia \u015brodowiskowego, oddzia\u0142u dziennego psychiatrycznego og\u00f3lnego i poradni zdrowia psychicznego z punktem zg\u0142oszeniowo-koordynacyjnym w Toszku oraz poradni zdrowia psychicznego w Knurowie\u00a0z punktem zg\u0142oszeniowo-koordynacyjnym czynnym od godziny 8.00 do 18.00. od poniedzia\u0142ku do pi\u0105tku, przy ulicy 1 Maja 51A.<\/p>\n<p><a href=\"https:\/\/old.szpitaltoszek.pl\/wp-content\/uploads\/2023\/03\/IMG-20230318-WA0004.jpg\"><img loading=\"lazy\" decoding=\"async\" class=\"aligncenter size-large wp-image-8953\" src=\"https:\/\/old.szpitaltoszek.pl\/wp-content\/uploads\/2023\/03\/IMG-20230318-WA0004-1024x685.jpg\" alt=\"CZP\" width=\"640\" height=\"428\" srcset=\"https:\/\/old.szpitaltoszek.pl\/wp-content\/uploads\/2023\/03\/IMG-20230318-WA0004-1024x685.jpg 1024w, https:\/\/old.szpitaltoszek.pl\/wp-content\/uploads\/2023\/03\/IMG-20230318-WA0004-300x201.jpg 300w, https:\/\/old.szpitaltoszek.pl\/wp-content\/uploads\/2023\/03\/IMG-20230318-WA0004-768x514.jpg 768w, https:\/\/old.szpitaltoszek.pl\/wp-content\/uploads\/2023\/03\/IMG-20230318-WA0004.jpg 1600w\" sizes=\"auto, (max-width: 640px) 100vw, 640px\" \/><\/a><\/p>\n<p>Z pomocy CZP mog\u0105 korzysta\u0107 osoby pe\u0142noletnie cierpi\u0105ce na zaburzenia psychiczne. R\u00f3wnie\u017c cz\u0142onkowie rodzin, a tak\u017ce bliscy i znajomi pacjent\u00f3w z zaburzeniami psychicznymi.<br \/>\nW przypadku pojawiaj\u0105cych si\u0119 pyta\u0144 czy w\u0105tpliwo\u015bci mog\u0105 skorzysta\u0107 ze wsparcia centrum, do kt\u00f3rego ich bliski zg\u0142osi\u0142 si\u0119 o pomoc. Z pomocy centrum\u00a0 mog\u0105 skorzysta\u0107 tak\u017ce osoby, kt\u00f3re zosta\u0142y wypisane ze szpitala, w celu uzyskania wsparcia w dalszym dochodzeniu do zdrowia.<\/p>\n<p><a href=\"https:\/\/old.szpitaltoszek.pl\/wp-content\/uploads\/2023\/03\/20230126_134911.jpg\"><img loading=\"lazy\" decoding=\"async\" class=\"aligncenter size-large wp-image-8952\" src=\"https:\/\/old.szpitaltoszek.pl\/wp-content\/uploads\/2023\/03\/20230126_134911-1024x768.jpg\" alt=\"CZP\" width=\"640\" height=\"480\" srcset=\"https:\/\/old.szpitaltoszek.pl\/wp-content\/uploads\/2023\/03\/20230126_134911-1024x768.jpg 1024w, https:\/\/old.szpitaltoszek.pl\/wp-content\/uploads\/2023\/03\/20230126_134911-300x225.jpg 300w, https:\/\/old.szpitaltoszek.pl\/wp-content\/uploads\/2023\/03\/20230126_134911-768x576.jpg 768w\" sizes=\"auto, (max-width: 640px) 100vw, 640px\" \/><\/a><\/p>\n<p><strong>Dane kontaktowe:<br \/>\n<\/strong><strong>Centrum Zdrowia Psychicznego w Toszku<br \/>\n<\/strong>Centrum Zdrowia Psychicznego Samodzielnego Publicznego Zak\u0142adu Opieki Zdrowotnej \u00a0Szpitala Psychiatrycznego<br \/>\nGliwicka 5, 44-180 Toszek<br \/>\ntel. 32\u00a0727 58 00 wew. 315<br \/>\ne-mail: <a href=\"mailto:centrum@szpitaltoszek.pl\">centrum@szpitaltoszek.pl<\/a><\/p>\n<p><strong>Poradnia Zdrowia Psychicznego z Punktem Zg\u0142oszeniowo-Koordynacyjnym<br \/>\n<\/strong>Gliwicka 5, 44-180 Toszek<br \/>\ntelefon: 32\u00a0727 58 00 wew.\u00a0 339 lub 298<br \/>\ntelefon do PZK: 665\u00a0545 582<br \/>\ne-mail: <a href=\"mailto:przychodnia@szpitaltoszek.pl\">przychodnia@szpitaltoszek.pl<\/a><br \/>\nPoradnia czynna od poniedzia\u0142ku do pi\u0105tku od godziny 8.00 do 18.00<\/p>\n<p><strong>Poradnia Zdrowia Psychicznego II z Punktem Zg\u0142oszeniowo-Koordynacyjnym<br \/>\n<\/strong>1 maja 51A, 44-190 Knur\u00f3w<br \/>\ntelefon: 665\u00a0622 646<br \/>\ne-mail: <a href=\"mailto:czp.pzpknurow@szpitaltoszek.pl\">czp.pzpknurow@szpitaltoszek.pl<\/a><br \/>\nPoradnia czynna od poniedzia\u0142ku do pi\u0105tku od godziny 8.00 do 18.00<\/p>\n<p><strong>Dzia\u0142 Przyj\u0119\u0107 Szpitala Psychiatrycznego<br \/>\n<\/strong>Gliwicka 5, 44-180 Toszek<br \/>\ntelefon kontaktowy: 603\u00a0336\u00a0337<\/p>\n<p><strong>Oddzia\u0142 psychiatryczny og\u00f3lny szpitalny ca\u0142odobowy CZP<br \/>\n<\/strong>Gliwicka 5, 44-180 Toszek<br \/>\ntelefon kontaktowy: 32\u00a0727 58 00 wew. 262, 222<\/p>\n<p><strong>Kierownik medyczny oddzia\u0142u<br \/>\n<\/strong>lek. med. Roman Janiczek<\/p>\n<p><b>Piel\u0119gniarka Oddzia\u0142owa<\/b><br \/>\nAleksandra Grot<\/p>\n<p>tel. 32 727 58 00<br \/>\nGabinet lekarski: 262<br \/>\nGabinet piel\u0119gniarski: 222<br \/>\ne-mail: <a href=\"mailto:czp.oddzial@szpitaltoszek.pl\">czp.oddzial@szpitaltoszek.pl<\/a><\/p>\n<p><strong>Telefon dla pacjent\u00f3w:\u00a0<\/strong>wew. 375<\/p>\n<p><strong>Oddzia\u0142 dzienny psychiatryczny<br \/>\n<\/strong>Gliwicka 5, 44-180 Toszek<br \/>\ntel. 32 727 58 00, wew. 333<\/p>\n<p>Oddzia\u0142y czynny od poniedzia\u0142ku do pi\u0105tku, od godziny 8.00 do 14.00<\/p>\n<p><strong>Kierownik medyczny oddzia\u0142u<br \/>\n<\/strong>lek. med. Micha\u0142 St\u0119pniak<\/p>\n<p><strong>Zesp\u00f3\u0142 Leczenia \u015arodowiskowego<br \/>\n<\/strong>Gliwicka 5, 44-180 Toszek<br \/>\ntel. 32 727 58 00, wew. 337<br \/>\ne-mail: <a href=\"mailto:czp.zls@szpitaltoszek.pl\">czp.zls@szpitaltoszek.pl<\/a><\/p>\n<p><strong>Podwykonawcy<br \/>\n<\/strong>Poradnia Zdrowia Psychicznego SP ZOZ Szpitala Psychiatrycznego<br \/>\nNiepubliczny Zak\u0142ad Opieki Zdrowotnej Centrum Us\u0142ug Medycznych AA \u201eREMEDIUM\u201d Awramienko Sp\u00f3\u0142ka Jawna<br \/>\nIgnacego Paderewskiego 11, 44-120 Pyskowice<\/p>\n<p>Poradnia Zdrowia Psychicznego SP ZOZ Szpitala Psychiatrycznego<br \/>\nIwona Ku\u017ami\u0144ska-Meryk i Partnerzy &#8211; Lekarze<br \/>\nWojska Polskiego 10, 44-120 Pyskowice<\/p>\n<p>Kom\u00f3rki organizacyjne obj\u0119te podwykonawstwem: Poradnia Zdrowia Psychicznego \u2013 1700<\/p>\n<p><strong>Dane kontaktowe do os\u00f3b zarz\u0105dzaj\u0105cych:<br \/>\n<\/strong><strong>Kierownik Centrum Zdrowia Psychicznego: <\/strong>\u00a0Anita Pas\u0142awska<br \/>\ntelefon: 32\u00a0727 58 00 wew. 315<br \/>\ne-mail: <a href=\"mailto:a.paslawska@szpitaltoszek.pl\">a.paslawska@szpitaltoszek.pl<\/a><\/p>\n","protected":false},"excerpt":{"rendered":"<p>Samodzielny Publiczny Zak\u0142ad Opieki Zdrowotnej Szpital Psychiatryczny w Toszku przy ulicy Gliwickiej 5, od 1 marca 2023 roku uruchomi\u0142 Centrum Zdrowia Psychicznego dla mieszka\u0144c\u00f3w powiatu gliwickiego w ramach programu pilota\u017cowego. Centrum \u015bwiadczy us\u0142ugi w ramach zawartej umowy z Narodowym Funduszem &hellip; <a href=\"https:\/\/old.szpitaltoszek.pl\/?page_id=8948\">Czytaj dalej <span class=\"meta-nav\">&rarr;<\/span><\/a><\/p>\n","protected":false},"author":1,"featured_media":0,"parent":0,"menu_order":0,"comment_status":"closed","ping_status":"closed","template":"","meta":{"footnotes":""},"class_list":["post-8948","page","type-page","status-publish","hentry"],"_links":{"self":[{"href":"https:\/\/old.szpitaltoszek.pl\/index.php?rest_route=\/wp\/v2\/pages\/8948","targetHints":{"allow":["GET"]}}],"collection":[{"href":"https:\/\/old.szpitaltoszek.pl\/index.php?rest_route=\/wp\/v2\/pages"}],"about":[{"href":"https:\/\/old.szpitaltoszek.pl\/index.php?rest_route=\/wp\/v2\/types\/page"}],"author":[{"embeddable":true,"href":"https:\/\/old.szpitaltoszek.pl\/index.php?rest_route=\/wp\/v2\/users\/1"}],"replies":[{"embeddable":true,"href":"https:\/\/old.szpitaltoszek.pl\/index.php?rest_route=%2Fwp%2Fv2%2Fcomments&post=8948"}],"version-history":[{"count":8,"href":"https:\/\/old.szpitaltoszek.pl\/index.php?rest_route=\/wp\/v2\/pages\/8948\/revisions"}],"predecessor-version":[{"id":9378,"href":"https:\/\/old.szpitaltoszek.pl\/index.php?rest_route=\/wp\/v2\/pages\/8948\/revisions\/9378"}],"wp:attachment":[{"href":"https:\/\/old.szpitaltoszek.pl\/index.php?rest_route=%2Fwp%2Fv2%2Fmedia&parent=8948"}],"curies":[{"name":"wp","href":"https:\/\/api.w.org\/{rel}","templated":true}]}}