{"id":8897,"date":"2023-01-05T07:55:36","date_gmt":"2023-01-05T06:55:36","guid":{"rendered":"https:\/\/old.szpitaltoszek.pl\/?page_id=8897"},"modified":"2023-01-05T07:55:36","modified_gmt":"2023-01-05T06:55:36","slug":"e-faktura","status":"publish","type":"page","link":"https:\/\/old.szpitaltoszek.pl\/?page_id=8897","title":{"rendered":"E-FAKTURA"},"content":{"rendered":"<p>SP ZOZ Szpital Psychiatryczny w Toszku przesy\u0142a i udost\u0119pnia faktury w formie elektronicznej, zgodnie z ustaw\u0105 z dnia 11.03.2004 r. o podatku od towar\u00f3w i us\u0142ug gwarantuj\u0105cych autentyczno\u015b\u0107 ich pochodzenia oraz integralno\u015b\u0107 tre\u015bci poprzez zastosowanie bezpiecznego kwalifikowanego podpisu elektronicznego (Dz. U. z 2017 r. poz. 1221).<\/p>\n<p><a href=\"https:\/\/old.szpitaltoszek.pl\/pliki\/inne\/efaktura_regulamin.pdf\">Regulamin wysy\u0142ania faktur w formie elektronicznej (pdf)<\/a><\/p>\n<p><a href=\"https:\/\/old.szpitaltoszek.pl\/pliki\/inne\/efaktura_druk.pdf\">Druk akceptacji \/ rezygnacji przesy\u0142ania i udost\u0119pniania faktur (pdf)<\/a><br \/>\n<a href=\"https:\/\/old.szpitaltoszek.pl\/pliki\/inne\/efaktura_druk.docx\">Druk akceptacji \/ rezygnacji przesy\u0142ania i udost\u0119pniania faktur (word)<\/a><\/p>\n<h6>Opublikowa\u0142: Pawe\u0142 Majowski, dnia 05.01.2023 r. o godz. 07.52<\/h6>\n","protected":false},"excerpt":{"rendered":"<p>SP ZOZ Szpital Psychiatryczny w Toszku przesy\u0142a i udost\u0119pnia faktury w formie elektronicznej, zgodnie z ustaw\u0105 z dnia 11.03.2004 r. o podatku od towar\u00f3w i us\u0142ug gwarantuj\u0105cych autentyczno\u015b\u0107 ich pochodzenia oraz integralno\u015b\u0107 tre\u015bci poprzez zastosowanie bezpiecznego kwalifikowanego podpisu elektronicznego (Dz. &hellip; <a href=\"https:\/\/old.szpitaltoszek.pl\/?page_id=8897\">Czytaj dalej <span class=\"meta-nav\">&rarr;<\/span><\/a><\/p>\n","protected":false},"author":67,"featured_media":0,"parent":9,"menu_order":0,"comment_status":"closed","ping_status":"closed","template":"","meta":{"footnotes":""},"class_list":["post-8897","page","type-page","status-publish","hentry"],"_links":{"self":[{"href":"https:\/\/old.szpitaltoszek.pl\/index.php?rest_route=\/wp\/v2\/pages\/8897","targetHints":{"allow":["GET"]}}],"collection":[{"href":"https:\/\/old.szpitaltoszek.pl\/index.php?rest_route=\/wp\/v2\/pages"}],"about":[{"href":"https:\/\/old.szpitaltoszek.pl\/index.php?rest_route=\/wp\/v2\/types\/page"}],"author":[{"embeddable":true,"href":"https:\/\/old.szpitaltoszek.pl\/index.php?rest_route=\/wp\/v2\/users\/67"}],"replies":[{"embeddable":true,"href":"https:\/\/old.szpitaltoszek.pl\/index.php?rest_route=%2Fwp%2Fv2%2Fcomments&post=8897"}],"version-history":[{"count":2,"href":"https:\/\/old.szpitaltoszek.pl\/index.php?rest_route=\/wp\/v2\/pages\/8897\/revisions"}],"predecessor-version":[{"id":8899,"href":"https:\/\/old.szpitaltoszek.pl\/index.php?rest_route=\/wp\/v2\/pages\/8897\/revisions\/8899"}],"up":[{"embeddable":true,"href":"https:\/\/old.szpitaltoszek.pl\/index.php?rest_route=\/wp\/v2\/pages\/9"}],"wp:attachment":[{"href":"https:\/\/old.szpitaltoszek.pl\/index.php?rest_route=%2Fwp%2Fv2%2Fmedia&parent=8897"}],"curies":[{"name":"wp","href":"https:\/\/api.w.org\/{rel}","templated":true}]}}