{"id":7988,"date":"2021-08-10T12:07:35","date_gmt":"2021-08-10T10:07:35","guid":{"rendered":"https:\/\/old.szpitaltoszek.pl\/?page_id=7988"},"modified":"2021-08-10T12:07:35","modified_gmt":"2021-08-10T10:07:35","slug":"procedura-antykorupcyjna","status":"publish","type":"page","link":"https:\/\/old.szpitaltoszek.pl\/?page_id=7988","title":{"rendered":"Procedura antykorupcyjna"},"content":{"rendered":"<p>Pracownik, pacjent, osoba postronna oraz podmiot wsp\u00f3\u0142pracuj\u0105cy ze Szpitalem , kt\u00f3ra\/y powzi\u0119\u0142a informacj\u0119 o zdarzeniu korupcyjnym na terenie Szpitala ma obowi\u0105zek poinformowania o tym fakcie Dyrektora Szpitala lub jego Zast\u0119pc\u00f3w w nast\u0119puj\u0105cy spos\u00f3b:<\/p>\n<ul>\n<li>pisemnie<\/li>\n<li>elektronicznie na adres e-mail: <a href=\"mailto:info@szpitaltoszek.pl\">info@szpitaltoszek.pl<\/a><\/li>\n<li>telefonicznie pod nr 32 233 41 12 wew. 215<\/li>\n<li>osobi\u015bcie w Sekretariacie Dyrektora Szpitala<\/li>\n<\/ul>\n<p>Zast\u0119pcy Dyrektora Szpitala zobowi\u0105zani s\u0105 do niezw\u0142ocznego przekazania Dyrektorowi uzyskanej informacji o zdarzeniu.<\/p>\n<p>Zdarzenie mo\u017ce zosta\u0107 zg\u0142oszone anonimowo.<\/p>\n<h6>Opublikowa\u0142: Pawe\u0142 Majowski, dnia 10.08.2021 r. o godz. 12.06<\/h6>\n","protected":false},"excerpt":{"rendered":"<p>Pracownik, pacjent, osoba postronna oraz podmiot wsp\u00f3\u0142pracuj\u0105cy ze Szpitalem , kt\u00f3ra\/y powzi\u0119\u0142a informacj\u0119 o zdarzeniu korupcyjnym na terenie Szpitala ma obowi\u0105zek poinformowania o tym fakcie Dyrektora Szpitala lub jego Zast\u0119pc\u00f3w w nast\u0119puj\u0105cy spos\u00f3b: pisemnie elektronicznie na adres e-mail: info@szpitaltoszek.pl telefonicznie &hellip; <a href=\"https:\/\/old.szpitaltoszek.pl\/?page_id=7988\">Czytaj dalej <span class=\"meta-nav\">&rarr;<\/span><\/a><\/p>\n","protected":false},"author":1,"featured_media":0,"parent":0,"menu_order":0,"comment_status":"closed","ping_status":"closed","template":"","meta":{"footnotes":""},"class_list":["post-7988","page","type-page","status-publish","hentry"],"_links":{"self":[{"href":"https:\/\/old.szpitaltoszek.pl\/index.php?rest_route=\/wp\/v2\/pages\/7988","targetHints":{"allow":["GET"]}}],"collection":[{"href":"https:\/\/old.szpitaltoszek.pl\/index.php?rest_route=\/wp\/v2\/pages"}],"about":[{"href":"https:\/\/old.szpitaltoszek.pl\/index.php?rest_route=\/wp\/v2\/types\/page"}],"author":[{"embeddable":true,"href":"https:\/\/old.szpitaltoszek.pl\/index.php?rest_route=\/wp\/v2\/users\/1"}],"replies":[{"embeddable":true,"href":"https:\/\/old.szpitaltoszek.pl\/index.php?rest_route=%2Fwp%2Fv2%2Fcomments&post=7988"}],"version-history":[{"count":1,"href":"https:\/\/old.szpitaltoszek.pl\/index.php?rest_route=\/wp\/v2\/pages\/7988\/revisions"}],"predecessor-version":[{"id":7989,"href":"https:\/\/old.szpitaltoszek.pl\/index.php?rest_route=\/wp\/v2\/pages\/7988\/revisions\/7989"}],"wp:attachment":[{"href":"https:\/\/old.szpitaltoszek.pl\/index.php?rest_route=%2Fwp%2Fv2%2Fmedia&parent=7988"}],"curies":[{"name":"wp","href":"https:\/\/api.w.org\/{rel}","templated":true}]}}