{"id":7818,"date":"2021-04-07T08:40:00","date_gmt":"2021-04-07T06:40:00","guid":{"rendered":"https:\/\/old.szpitaltoszek.pl\/?page_id=7818"},"modified":"2021-04-07T08:41:13","modified_gmt":"2021-04-07T06:41:13","slug":"dostep-do-informacji-publicznej","status":"publish","type":"page","link":"https:\/\/old.szpitaltoszek.pl\/?page_id=7818","title":{"rendered":"Dost\u0119p do informacji publicznej"},"content":{"rendered":"<p>Wniosek o dost\u0119p do informacji publicznej mo\u017cna z\u0142o\u017cy\u0107 za po\u015brednictwem<br \/>\npoczty e \u2013 mail : <a href=\"mailto:info@szpitaltoszek.pl\">info@szpitaltoszek.pl<\/a>, lub poczt\u0105 tradycyjn\u0105 na adres:<br \/>\nSP ZOZ Szpital Psychiatryczny w Toszku, ul. Gliwicka 5, 44 \u2013 180 Toszek<strong>.<\/strong><\/p>\n<p>Pliki do pobrania:<br \/>\n<a href=\"https:\/\/old.szpitaltoszek.pl\/pliki\/statut\/wniosek_informacja_publiczna.docx\">Wz\u00f3r wniosku o udost\u0119pnienie informacji publicznej (Word)<\/a><br \/>\n<a href=\"https:\/\/old.szpitaltoszek.pl\/pliki\/statut\/wniosek_informacja_publiczna.pdf\">Wz\u00f3r wniosku o udost\u0119pnienie informacji publicznej (pdf)<\/a><\/p>\n<p><strong>\u00a0<\/strong><strong>Prawo do informacji publicznej obejmuje uprawnienia do:<\/strong><\/p>\n<ul>\n<li>uzyskania informacji publicznej, w tym uzyskania informacji przetworzonej w takim zakresie, w jakim jest to szczeg\u00f3lnie istotne dla interesu publicznego,<\/li>\n<li>wgl\u0105du do dokument\u00f3w urz\u0119dowych (dokumentem urz\u0119dowym, zgodnie z art. 6 ust. 2 ustawy o dost\u0119pie do informacji publicznej, jest tre\u015b\u0107 o\u015bwiadczenia woli lub wiedzy, utrwalona i podpisana w dowolnej formie przez funkcjonariusza publicznego, w ramach jego kompetencji, skierowana do innego podmiotu lub z\u0142o\u017cona do akt sprawy),<\/li>\n<\/ul>\n<p><strong>Prawo do informacji publicznej obejmuje uprawnienia do niezw\u0142ocznego uzyskania informacji publicznej zawieraj\u0105cej aktualn\u0105 wiedz\u0119 o sprawach publicznych.<\/strong><\/p>\n<p><strong>Prawo dost\u0119pu do informacji publicznej podlega ograniczeniu ze wzgl\u0119du na:<\/strong><\/p>\n<ul>\n<li>ochron\u0119 informacji niejawnych,<\/li>\n<li>ochron\u0119 innych tajemnic ustawowo chronionych,<\/li>\n<li>ochron\u0119 prywatno\u015bci osoby fizycznej,<\/li>\n<li>ochron\u0119 tajemnicy przedsi\u0119biorcy,<\/li>\n<li>ochron\u0119 danych osobowych.<\/li>\n<\/ul>\n<p><strong>Udost\u0119pnianie informacji publicznej nast\u0119puje w drodze:<\/strong><\/p>\n<ul>\n<li><strong>og\u0142aszania w urz\u0119dowym publikatorze teleinformatycznym<\/strong> \u2013<br \/>\nBiuletynie Informacji Publicznej, kt\u00f3ry jest, zgodnie z ustaw\u0105, ujednoliconym systemem stron w sieci teleinformatycznej.<\/li>\n<li><strong>udost\u0119pnianie<\/strong>:<\/li>\n<\/ul>\n<ol>\n<li>b) na wniosek zainteresowanego<\/li>\n<li>c) w drodze wy\u0142o\u017cenia lub wywieszenia w miejscach og\u00f3lnie dost\u0119pnych,<\/li>\n<\/ol>\n<p><strong>Termin i spos\u00f3b za\u0142atwiania sprawy:<\/strong><\/p>\n<ul>\n<li>udost\u0119pnianie informacji publicznej na wniosek nast\u0119puje bez zb\u0119dnej zw\u0142oki, nie p\u00f3\u017aniej ni\u017c w terminie 14 dni od dnia z\u0142o\u017cenia wniosku,<\/li>\n<li>je\u017celi informacja publiczna nie mo\u017ce by\u0107 udost\u0119pniona w terminie 14 dni, nale\u017cy w tym terminie powiadomi\u0107 wnioskodawc\u0119 o powodach op\u00f3\u017anienia oraz o terminie, w jakim udost\u0119pniona zostanie informacja, nie d\u0142u\u017cszym jednak ni\u017c 2 miesi\u0105ce od dnia z\u0142o\u017cenia wniosku,<\/li>\n<li>je\u017celi informacja publiczna nie mo\u017ce by\u0107 udost\u0119pniona w spos\u00f3b lub w formie okre\u015blonej we wniosku, nale\u017cy powiadomi\u0107 pisemnie wnioskodawc\u0119 o przyczynach braku mo\u017cliwo\u015bci udost\u0119pnienia informacji zgodnie z wnioskiem i wskaza\u0107, w jaki spos\u00f3b lub w jakiej formie informacja mo\u017ce by\u0107 udost\u0119pniona niezw\u0142ocznie. W takim przypadku, je\u017celi w terminie 14 dni od powiadomienia wnioskodawca nie z\u0142o\u017cy wniosku o udost\u0119pnienie informacji w spos\u00f3b lub w formie wskazanej w powiadomieniu, post\u0119powanie o udost\u0119pnienie informacji umarza si\u0119.<\/li>\n<\/ul>\n<p><strong>Tryb odwo\u0142awczy:<\/strong><\/p>\n<ul>\n<li>odmowa udost\u0119pnienia informacji publicznej oraz umorzenie post\u0119powania o udost\u0119pnienie informacji nast\u0119puje w drodze decyzji, do decyzji stosuje si\u0119 przepisy Ustawy z dnia 14 czerwca 1960 r., Kodeks post\u0119powania administracyjnego (Dz. U. z 2000 r. Nr 98, poz. 1071 ze zm.) zgodnie, z kt\u00f3rymi organami wy\u017cszego stopnia w stosunku do wojewody s\u0105 w\u0142a\u015bciwi w sprawach ministrowie,<\/li>\n<li>uzasadnienie decyzji o odmowie udost\u0119pnienia informacji zawiera tak\u017ce imiona, nazwiska i funkcje os\u00f3b, kt\u00f3re zaj\u0119\u0142y stanowisko w toku post\u0119powania o udost\u0119pnienie informacji, oraz oznaczenie podmiot\u00f3w, ze wzgl\u0119du na kt\u00f3rych dobra wydano decyzj\u0119 o odmowie udost\u0119pnienia informacji,<\/li>\n<li>podmiotowi, kt\u00f3remu odm\u00f3wiono prawa dost\u0119pu do informacji publicznej ze wzgl\u0119du na wy\u0142\u0105czenie jej jawno\u015bci z powo\u0142aniem si\u0119 na ochron\u0119 danych osobowych, prawo do prywatno\u015bci oraz tajemnic\u0119 inn\u0105 ni\u017c pa\u0144stwowa, s\u0142u\u017cbowa, skarbowa lub statystyczna, przys\u0142uguje prawo wniesienia pow\u00f3dztwa do s\u0105du rejonowego w\u0142a\u015bciwego ze wzgl\u0119du na siedzib\u0119 podmiotu odmawiaj\u0105cego udost\u0119pnienia takiej informacji,<\/li>\n<li>w przypadku bezczynno\u015bci organu zobowi\u0105zanego do udzielenia informacji publicznej wnioskodawcy przys\u0142uguje prawo wniesienia skargi do s\u0105du administracyjnego.<\/li>\n<\/ul>\n<p>&nbsp;<\/p>\n<hr \/>\n<h6><a href=\"https:\/\/old.szpitaltoszek.pl\/?page_id=17\"><strong>Kontakt<\/strong><\/a><\/h6>\n","protected":false},"excerpt":{"rendered":"<p>Wniosek o dost\u0119p do informacji publicznej mo\u017cna z\u0142o\u017cy\u0107 za po\u015brednictwem poczty e \u2013 mail : info@szpitaltoszek.pl, lub poczt\u0105 tradycyjn\u0105 na adres: SP ZOZ Szpital Psychiatryczny w Toszku, ul. Gliwicka 5, 44 \u2013 180 Toszek. Pliki do pobrania: Wz\u00f3r wniosku o &hellip; <a href=\"https:\/\/old.szpitaltoszek.pl\/?page_id=7818\">Czytaj dalej <span class=\"meta-nav\">&rarr;<\/span><\/a><\/p>\n","protected":false},"author":1,"featured_media":0,"parent":17,"menu_order":0,"comment_status":"closed","ping_status":"closed","template":"","meta":{"footnotes":""},"class_list":["post-7818","page","type-page","status-publish","hentry"],"_links":{"self":[{"href":"https:\/\/old.szpitaltoszek.pl\/index.php?rest_route=\/wp\/v2\/pages\/7818","targetHints":{"allow":["GET"]}}],"collection":[{"href":"https:\/\/old.szpitaltoszek.pl\/index.php?rest_route=\/wp\/v2\/pages"}],"about":[{"href":"https:\/\/old.szpitaltoszek.pl\/index.php?rest_route=\/wp\/v2\/types\/page"}],"author":[{"embeddable":true,"href":"https:\/\/old.szpitaltoszek.pl\/index.php?rest_route=\/wp\/v2\/users\/1"}],"replies":[{"embeddable":true,"href":"https:\/\/old.szpitaltoszek.pl\/index.php?rest_route=%2Fwp%2Fv2%2Fcomments&post=7818"}],"version-history":[{"count":2,"href":"https:\/\/old.szpitaltoszek.pl\/index.php?rest_route=\/wp\/v2\/pages\/7818\/revisions"}],"predecessor-version":[{"id":7820,"href":"https:\/\/old.szpitaltoszek.pl\/index.php?rest_route=\/wp\/v2\/pages\/7818\/revisions\/7820"}],"up":[{"embeddable":true,"href":"https:\/\/old.szpitaltoszek.pl\/index.php?rest_route=\/wp\/v2\/pages\/17"}],"wp:attachment":[{"href":"https:\/\/old.szpitaltoszek.pl\/index.php?rest_route=%2Fwp%2Fv2%2Fmedia&parent=7818"}],"curies":[{"name":"wp","href":"https:\/\/api.w.org\/{rel}","templated":true}]}}