{"id":7346,"date":"2020-09-21T11:00:55","date_gmt":"2020-09-21T09:00:55","guid":{"rendered":"https:\/\/old.szpitaltoszek.pl\/?page_id=7346"},"modified":"2025-04-14T11:39:38","modified_gmt":"2025-04-14T09:39:38","slug":"deklaracja-dostepnosci","status":"publish","type":"page","link":"https:\/\/old.szpitaltoszek.pl\/?page_id=7346","title":{"rendered":"Deklaracja Dost\u0119pno\u015bci"},"content":{"rendered":"<section id=\"a11y-wstep\"><span id=\"a11y-podmiot\">Samodzielny Publiczny Zak\u0142ad Opieki Zdrowotnej Szpital Psychiatryczny w Toszku<\/span> zobowi\u0105zuje si\u0119 zapewni\u0107 dost\u0119pno\u015b\u0107 swojej <span id=\"a11y-zakres\">strony internetowej<\/span> zgodnie z ustaw\u0105 z dnia 4 kwietnia 2019 r. o dost\u0119pno\u015bci cyfrowej stron internetowych i aplikacji mobilnych podmiot\u00f3w publicznych.Deklaracja dost\u0119pno\u015bci dotyczy strony <a id=\"a11y-url\" href=\"https:\/\/old.szpitaltoszek.pl\" target=\"_blank\" rel=\"noopener\">http:\/\/www.szpitaltoszek.pl<\/a>.<\/p>\n<\/section>\n<section>\n<ul>\n<li>Data publikacji strony internetowej: <time id=\"a11y-data-publikacja\" datetime=\"2021-09-20\">20 wrze\u015bnia 2021 r.<\/time><\/li>\n<li>Data ostatniej istotnej aktualizacji: <time id=\"a11y-data-aktualizacja\" datetime=\"2020-06-23\">28 marca 2023 r.<\/time><\/li>\n<\/ul>\n<\/section>\n<section>\n<h2>Stan dost\u0119pno\u015bci cyfrowej<\/h2>\n<p id=\"a11y-status\">Ta strona internetowa jest cz\u0119\u015bciowo zgodna z za\u0142\u0105cznikiem do ustawy o dost\u0119pno\u015bci cyfrowej z dnia 4 kwietnia 2019 r. o dost\u0119pno\u015bci cyfrowej stron internetowych i aplikacji mobilnych podmiot\u00f3w publicznych z powodu [niezgodno\u015bci i wy\u0142\u0105cze\u0144] wymienionych poni\u017cej.<\/p>\n<\/section>\n<section>\n<h2>Niedost\u0119pne tre\u015bci<\/h2>\n<section>\n<h3>Niezgodno\u015b\u0107 z za\u0142\u0105cznikiem<\/h3>\n<ul>\n<li>Brak opis\u00f3w obraz\u00f3w zamieszczonych na stronie.<\/li>\n<li>Cz\u0119\u015b\u0107 dokument\u00f3w umieszczona jest w postaci skan\u00f3w.<\/li>\n<li>Budowa i wygl\u0105d strony nie spe\u0142niaj\u0105 wymaga\u0144 dot. dost\u0119pno\u015bci cyfrowej.<\/li>\n<\/ul>\n<\/section>\n<section>\n<h3>Tre\u015bci nieobj\u0119te przepisami<\/h3>\n<ul>\n<li>Dokumenty opublikowane przed 23 wrze\u015bnia 2018r. nie s\u0105 dost\u0119pne cyfrowo. Je\u015bli potrzebujesz, kt\u00f3rego\u015b z nich w formie dost\u0119pnej, skontaktuj si\u0119 z nami i wska\u017c, o kt\u00f3ry dokument chodzi.<\/li>\n<\/ul>\n<\/section>\n<\/section>\n<section>\n<h2>Przygotowanie deklaracji dost\u0119pno\u015bci<\/h2>\n<ul>\n<li>Data sporz\u0105dzenia deklaracji: <time id=\"a11y-data-sporzadzenie\" datetime=\"2020-01-03\">3 stycznia 2020 r.<\/time><\/li>\n<li>Data ostatniego przegl\u0105du deklaracji: <time id=\"a11y-data-przeglad\" datetime=\"2025-03-27\">27 marca 2025 r.<\/time><\/li>\n<\/ul>\n<p>Deklaracj\u0119 sporz\u0105dzili\u015bmy na podstawie samooceny w oparciu o <a href=\"https:\/\/www.gov.pl\/attachment\/1a3e2bb5-6d60-4897-ac2f-07a8e91e70ed\">List\u0119 kontroln\u0105 do badania dost\u0119pno\u015bci cyfrowej strony internetowej v. 2.2 (docx, 0,12MB)<\/a>.<\/p>\n<\/section>\n<section>\n<h2>Informacje zwrotne i dane kontaktowe<\/h2>\n<p>Wszystkie problemy z dost\u0119pno\u015bci\u0105 cyfrow\u0105 tej strony internetowej mo\u017cesz zg\u0142osi\u0107 do <span id=\"a11y-kontakt\">Pawe\u0142 Wojciechowski<\/span> &#8211; mejlowo <a id=\"a11y-email\" href=\"mailto:info@szpitaltoszek.pl\">info@szpitaltoszek.pl<\/a> lub telefonicznie <a id=\"a11y-telefon\" href=\"tel:327275800wew.215\">32 727 58 00 wew. 215<\/a>.<\/p>\n<p>Ka\u017cdy ma prawo wyst\u0105pi\u0107 z \u017c\u0105daniem zapewnienia dost\u0119pno\u015bci cyfrowej tej strony internetowej lub jej element\u00f3w.<\/p>\n<p>Zg\u0142aszaj\u0105c takie \u017c\u0105danie podaj:<\/p>\n<ul>\n<li>swoje imi\u0119 i nazwisko,<\/li>\n<li>swoje dane kontaktowe (np. numer telefonu, e-mail),<\/li>\n<li>dok\u0142adny adres strony internetowej, na kt\u00f3rej jest niedost\u0119pny cyfrowo element lub tre\u015b\u0107,<\/li>\n<li>opis na czym polega problem i jaki spos\u00f3b jego rozwi\u0105zania by\u0142by dla Ciebie najwygodniejszy.<\/li>\n<\/ul>\n<p>Na Twoje zg\u0142oszenie odpowiemy najszybciej jak to mo\u017cliwe, nie p\u00f3\u017aniej ni\u017c w ci\u0105gu 7 dni od jego otrzymania.<\/p>\n<p>Je\u017celi ten termin b\u0119dzie dla nas zbyt kr\u00f3tki poinformujemy Ci\u0119 o tym. W tej informacji podamy nowy termin, do kt\u00f3rego poprawimy zg\u0142oszone przez Ciebie b\u0142\u0119dy lub przygotujemy informacje w alternatywny spos\u00f3b. Ten nowy termin nie b\u0119dzie d\u0142u\u017cszy ni\u017c 2 miesi\u0105ce.<\/p>\n<p>Je\u017celi nie b\u0119dziemy w stanie zapewni\u0107 dost\u0119pno\u015bci cyfrowej strony internetowej lub tre\u015bci, wskazanej w Twoim \u017c\u0105daniu, zaproponujemy Ci dost\u0119p do nich w alternatywny spos\u00f3b.<\/p>\n<\/section>\n<section id=\"a11y-procedura\">\n<h2>Obs\u0142uga wniosk\u00f3w i skarg zwi\u0105zanych z dost\u0119pno\u015bci\u0105<\/h2>\n<p>Je\u017celi w odpowiedzi na Tw\u00f3j wniosek o zapewnienie dost\u0119pno\u015bci cyfrowej, odm\u00f3wimy zapewnienia \u017c\u0105danej przez Ciebie dost\u0119pno\u015bci cyfrowej, a Ty nie zgadzasz si\u0119 z t\u0105 odmow\u0105, masz prawo z\u0142o\u017cy\u0107 skarg\u0119.<\/p>\n<p>Skarg\u0119 masz prawo z\u0142o\u017cy\u0107 tak\u017ce, je\u015bli nie zgadzasz si\u0119 na skorzystanie z alternatywnego sposobu dost\u0119pu, kt\u00f3ry zaproponowali\u015bmy Ci w odpowiedzi na Tw\u00f3j wniosek o zapewnienie dost\u0119pno\u015bci cyfrowej.<\/p>\n<p>Ewentualn\u0105 skarg\u0119 z\u0142\u00f3\u017c listownie lub mailem do kierownictwa naszego urz\u0119du:<\/p>\n<ul>\n<li><span id=\"a11y-procedura-kierownik\">Mariusz Kasperczyk &#8211; P.O. Dyrektor Szpitala<\/span>,<\/li>\n<li>Adres: <span id=\"a11y-procedura-adres\">ul. Gliwicka 5, 44-180 Toszek<\/span>,<\/li>\n<li>mejl: <a id=\"a11y-procedura-email\" href=\"mailto:info@szpitaltoszek.pl\">info@szpitaltoszek.pl<\/a>.<\/li>\n<\/ul>\n<p><a href=\"https:\/\/www.gov.pl\/web\/gov\/zloz-wniosek-o-zapewnienie-dostepnosci-cyfrowej-strony-internetowej-lub-aplikacji-mobilnej\">Pomocne mog\u0105 by\u0107 informacje, kt\u00f3re mo\u017cna znale\u017a\u0107 na rz\u0105dowym portalu gov.pl<\/a>.<\/p>\n<p>Mo\u017cesz tak\u017ce poinformowa\u0107 o tej sytuacji <a href=\"https:\/\/bip.brpo.gov.pl\/\">Rzecznika Praw Obywatelskich<\/a> i poprosi\u0107 o interwencj\u0119 w Twojej sprawie.<\/p>\n<\/section>\n<section>\n<h2>Pozosta\u0142e informacje<\/h2>\n<section id=\"a11y-architektura\">\n<h3>Dost\u0119pno\u015b\u0107 architektoniczna<\/h3>\n<section>\n<h4>Budynek E<\/h4>\n<address>\n<div>ul. Gliwicka 5<\/div>\n<div>44-180 Toszek<\/div>\n<\/address>\n<p>Do budynku administracji (E) prowadzi jedno oznakowane wej\u015bcie przy portierni g\u0142\u00f3wnej. Budynek administracji nie jest przystosowany dla os\u00f3b niepe\u0142nosprawnych. Pro\u015bb\u0119 o kontakt z personelem administracji szpitala odbywa si\u0119 po zg\u0142oszeniu pro\u015bby pracownikowi portierni, znajduj\u0105cej si\u0119 w budynku E przy wej\u015bciu do szpitala. W budynku E nie ma windy. W budynku E mie\u015bci si\u0119 toaleta dla os\u00f3b niepe\u0142nosprawnych.<\/p>\n<\/section>\n<section>\n<h4>Budynek D<\/h4>\n<address>\n<div>Gliwicka 5<\/div>\n<div>44-180 Toszek<\/div>\n<\/address>\n<p>Do budynku D prowadz\u0105 dwa wej\u015bcia, znajduj\u0105ce si\u0119 z obu stron budynku. Nie s\u0105 one przystosowane dla os\u00f3b niepe\u0142nosprawnych. W budynku D znajduje si\u0119 winda, przystosowana dla potrzeb os\u00f3b niepe\u0142nosprawnych. Skorzystanie z niej odbywa si\u0119 w asy\u015bcie wyznaczonego personelu szpitala, po zg\u0142oszeniu tego faktu na portierni g\u0142\u00f3wnej. Winda umo\u017cliwia dost\u0119p do oddzia\u0142\u00f3w oraz pracowni znajduj\u0105cych si\u0119 w budynku D,<br \/>\nz zaznaczeniem, \u017ce w niekt\u00f3rych przypadkach nale\u017ca\u0142o b\u0119dzie przej\u015b\u0107 przez poszczeg\u00f3lne oddzia\u0142y szpitala.<\/p>\n<\/section>\n<section>\n<h4>Budynek M<\/h4>\n<address>\n<div>Gliwicka 5<\/div>\n<div>44-180 Toszek<\/div>\n<\/address>\n<p>Do budynku M prowadzi jedno wej\u015bcie. Budynek nie jest przystosowany dla potrzeb os\u00f3b niepe\u0142nosprawnych. W budynku nie ma windy.<\/p>\n<\/section>\n<section>\n<h4>Budynek \u0141<\/h4>\n<address>\n<div>Gliwicka 5<\/div>\n<div>44-180 Toszek<\/div>\n<\/address>\n<p>Do budynku prowadz\u0105 cztery wej\u015bcia. Wej\u015bcie g\u0142\u00f3wne znajduje si\u0119 z prawej strony budynku. Wej\u015bcie nie jest przystosowane dla potrzeb os\u00f3b niepe\u0142nosprawnych. Dodatkowe wej\u015bcie znajduje si\u0119 na froncie budynku, poprzez Centrum Zdrowia Psychicznego &#8211; Oddzia\u0142 og\u00f3lny dla doros\u0142ych. Wej\u015bcie to nie jest przystosowane dla potrzeb os\u00f3b niepe\u0142nosprawnych. W budynku \u0141 mie\u015bci si\u0119 Izba Przyj\u0119\u0107 Szpitala. Wej\u015bcie do Izby Przyj\u0119\u0107 jest oznakowane oraz przystosowane dla potrzeb os\u00f3b niepe\u0142nosprawnych. Na Izbie Przyj\u0119\u0107 znajduje si\u0119 r\u00f3wnie\u017c toaleta przystosowana dla potrzeb os\u00f3b niepe\u0142nosprawnych. Poprzez Izb\u0119 Przyj\u0119\u0107 mo\u017cna po uprzednim zg\u0142oszeniu skorzysta\u0107 z windy prowadz\u0105cej na poszczeg\u00f3lne oddzia\u0142y znajduj\u0105ce si\u0119 w budynku. Korzystanie z windy odbywa si\u0119 w asy\u015bcie personelu szpitala. W budynku mie\u015bci si\u0119 r\u00f3wnie\u017c Dzia\u0142 Przyj\u0119\u0107 Centrum Zdrowia Psychicznego. Wej\u015bcie jest przystosowane dla potrzeb os\u00f3b niepe\u0142nosprawnych.<\/p>\n<\/section>\n<section>\n<h4>Budynek S<\/h4>\n<address>\n<div>Gliwicka 5<\/div>\n<div>44-180 Toszek<\/div>\n<\/address>\n<p>Do budynku S znajduje si\u0119 jedno oznakowane wej\u015bcie. Budynek nie jest przystosowany dla potrzeb os\u00f3b niepe\u0142nosprawnych. W budynku nie ma windy.<\/p>\n<\/section>\n<section>\n<h4>Budynek ON<\/h4>\n<address>\n<div>Gliwicka 5<\/div>\n<div>44-180 Toszek<\/div>\n<\/address>\n<p>Do budynku ON prowadz\u0105 dwa oznakowane wej\u015bcia. Wej\u015bcie g\u0142\u00f3wne znajduje si\u0119 po lewej stronie budynku. Wej\u015bcie to jest przystosowane dla potrzeb os\u00f3b niepe\u0142nosprawnych. Wej\u015bcie dla personelu oraz os\u00f3b odwiedzaj\u0105cych znajduj\u0105 si\u0119 na froncie budynku. Wej\u015bcie to nie jest przystosowane dla potrzeb os\u00f3b niepe\u0142nosprawnych. W budynku ON znajduj\u0105 si\u0119 udogodnienia dla potrzeb os\u00f3b niepe\u0142nosprawnych.<\/p>\n<\/section>\n<section>\n<h4>Budynek P<\/h4>\n<address>\n<div>Gliwicka 5<\/div>\n<div>44-180 Toszek<\/div>\n<\/address>\n<p>Do budynku P prowadzi jedno oznakowane wej\u015bcie. Budynek jest przystosowany do potrzeb os\u00f3b niepe\u0142nosprawnych.<\/p>\n<\/section>\n<section>\n<h4>Budynek O<\/h4>\n<address>\n<div>Gliwicka 5<\/div>\n<div>44-180 Toszek<\/div>\n<\/address>\n<p>Budynek O nie jest dostosowany do potrzeb os\u00f3b niepe\u0142nosprawnych. Do budynku prowadzi jedno oznaczone wej\u015bcie. W budynku nie ma windy.<\/p>\n<\/section>\n<section>\n<h4>Oddzia\u0142 XVI Rehabilitacji Psychiatrycznej w D\u0105br\u00f3wce<\/h4>\n<address>\n<div>Rezerwat Przyrody Hubertus<\/div>\n<div>44-187 D\u0105br\u00f3wka<\/div>\n<\/address>\n<p>Oddzia\u0142 XVI mie\u015bci si\u0119 w dw\u00f3ch budynkach: Pawilony Chorych oraz Budynek Oddzia\u0142u i sale terapeutyczne. Budynki nie s\u0105 przystosowane dla os\u00f3b niepe\u0142nosprawnych. Do budynku oddzia\u0142u prowadz\u0105 trzy wej\u015bcia. Do budynku Pawilon\u00f3w Chorych prowadzi jedno wej\u015bcie.<\/p>\n<\/section>\n<section>\n<h4>Centrum Zdrowia Psychicznego &#8211; PZK w Knurowie<\/h4>\n<address>\n<div>1 maja 51A<\/div>\n<div>44-190 Knur\u00f3w<\/div>\n<\/address>\n<p>PZK w Knurowie mie\u015bci si\u0119 w budynkach Wsp\u00f3lnoty Mieszkaniowej. Do PZK prowadzi jedno wej\u015bcie, przystosowane dla potrzeb os\u00f3b niepe\u0142nosprawnych. Pomieszczenia PZK przystosowane s\u0105 dla potrzeb os\u00f3b niepe\u0142nosprawnych.<\/p>\n<\/section>\n<section>\n<h4>Centrum Zdrowia Psychicznego &#8211; PZK w Toszku<\/h4>\n<address>\n<div>Gliwicka 5<\/div>\n<div>44-180 Toszek<\/div>\n<\/address>\n<p>PZK w Toszku mie\u015bci si\u0119 w cz\u0119\u015bci budynku E. Do PZK prowadzi jedno wej\u015bcie przystosowane dla potrzeb os\u00f3b niepe\u0142nosprawnych. Pomieszczenia PZK s\u0105 cz\u0119\u015bciowo przystosowane dla potrzeb os\u00f3b niepe\u0142nosprawnych.<\/p>\n<\/section>\n<\/section>\n<section id=\"a11y-komunikacja\">\n<h3>Dost\u0119pno\u015b\u0107 komunikacyjno-informacyjna<\/h3>\n<ul>\n<li>Aktualny raport z zapewnienia\u00a0 dost\u0119pno\u015bci: [<a href=\"https:\/\/old.szpitaltoszek.pl\/wp-content\/uploads\/2025\/04\/raport.pdf\">pobierz raport<\/a>]<\/li>\n<li>\n<div>Do budynk\u00f3w mo\u017cna wej\u015b\u0107 z psem asystuj\u0105cym i psem przewodnikiem. Wej\u015bcie na teren oddzia\u0142\u00f3w wymaga zgody Kierownika Medycznego oddzia\u0142u.<br \/>\nW szpitalu nie ma oznacze\u0144 w alfabecie brajla ani oznacze\u0144 kontrastowych dla os\u00f3b niewidomych i s\u0142abowidz\u0105cych.<br \/>\nW szpitalu wyznaczone s\u0105 miejsca parkingowe przeznaczone dla os\u00f3b niepe\u0142nosprawnych, znajduj\u0105ce si\u0119 na parkingu g\u0142\u00f3wnym.<br \/>\nW szpitalu dost\u0119pny jest t\u0142umacz j\u0119zyka migowego (PJM), dost\u0119pny od poniedzia\u0142ku do pi\u0105tku od godziny 7.30 do 14.00.<\/div>\n<\/li>\n<li>Deklaracja dost\u0119pno\u015bci zosta\u0142a przygotowana w <a href=\"https:\/\/deklaracja-dostepnosci.info\/generator\">Generatorze Deklaracji Dost\u0119pno\u015bci<\/a>.<\/li>\n<\/ul>\n<\/section>\n<\/section>\n","protected":false},"excerpt":{"rendered":"<p>Samodzielny Publiczny Zak\u0142ad Opieki Zdrowotnej Szpital Psychiatryczny w Toszku zobowi\u0105zuje si\u0119 zapewni\u0107 dost\u0119pno\u015b\u0107 swojej strony internetowej zgodnie z ustaw\u0105 z dnia 4 kwietnia 2019 r. o dost\u0119pno\u015bci cyfrowej stron internetowych i aplikacji mobilnych podmiot\u00f3w publicznych.Deklaracja dost\u0119pno\u015bci dotyczy strony http:\/\/www.szpitaltoszek.pl. Data &hellip; <a href=\"https:\/\/old.szpitaltoszek.pl\/?page_id=7346\">Czytaj dalej <span class=\"meta-nav\">&rarr;<\/span><\/a><\/p>\n","protected":false},"author":1,"featured_media":0,"parent":0,"menu_order":0,"comment_status":"closed","ping_status":"closed","template":"","meta":{"footnotes":""},"class_list":["post-7346","page","type-page","status-publish","hentry"],"_links":{"self":[{"href":"https:\/\/old.szpitaltoszek.pl\/index.php?rest_route=\/wp\/v2\/pages\/7346","targetHints":{"allow":["GET"]}}],"collection":[{"href":"https:\/\/old.szpitaltoszek.pl\/index.php?rest_route=\/wp\/v2\/pages"}],"about":[{"href":"https:\/\/old.szpitaltoszek.pl\/index.php?rest_route=\/wp\/v2\/types\/page"}],"author":[{"embeddable":true,"href":"https:\/\/old.szpitaltoszek.pl\/index.php?rest_route=\/wp\/v2\/users\/1"}],"replies":[{"embeddable":true,"href":"https:\/\/old.szpitaltoszek.pl\/index.php?rest_route=%2Fwp%2Fv2%2Fcomments&post=7346"}],"version-history":[{"count":13,"href":"https:\/\/old.szpitaltoszek.pl\/index.php?rest_route=\/wp\/v2\/pages\/7346\/revisions"}],"predecessor-version":[{"id":11954,"href":"https:\/\/old.szpitaltoszek.pl\/index.php?rest_route=\/wp\/v2\/pages\/7346\/revisions\/11954"}],"wp:attachment":[{"href":"https:\/\/old.szpitaltoszek.pl\/index.php?rest_route=%2Fwp%2Fv2%2Fmedia&parent=7346"}],"curies":[{"name":"wp","href":"https:\/\/api.w.org\/{rel}","templated":true}]}}