{"id":6567,"date":"2020-01-22T13:15:16","date_gmt":"2020-01-22T12:15:16","guid":{"rendered":"https:\/\/old.szpitaltoszek.pl\/?page_id=6567"},"modified":"2025-04-03T13:44:00","modified_gmt":"2025-04-03T11:44:00","slug":"informacje-dla-mieszkancow","status":"publish","type":"page","link":"https:\/\/old.szpitaltoszek.pl\/?page_id=6567","title":{"rendered":"Informacje dla mieszka\u0144c\u00f3w"},"content":{"rendered":"<hr \/>\n<p class=\"entry-title\" style=\"text-align: center;\"><strong>Informacja o wprowadzeniu Regulaminu Parkingu Szpitala<\/strong><\/p>\n<p>&nbsp;<\/p>\n<p>Dnia 01.04.2025 r. Zarz\u0105dzeniem nr 27\/2025 Dyrektora SP ZOZ Szpitala Psychiatrycznego w Toszku zosta\u0142 wprowadzony Regulamin Parkingu Szpitala.<\/p>\n<p><a href=\"https:\/\/old.szpitaltoszek.pl\/wp-content\/uploads\/2025\/04\/parking_zarzadzenie.pdf\">Pe\u0142na tre\u015b\u0107 Zarz\u0105dzenia (pdf)<br \/><\/a><a href=\"https:\/\/old.szpitaltoszek.pl\/wp-content\/uploads\/2025\/04\/regulamin_parkingu.pdf\">Regulamin Parkingu SP ZOZ Szpitala Psychiatrycznego w Toszku (pdf)<\/a><\/p>\n<hr \/>\n<p style=\"text-align: center;\"><strong>INFORMACJA DLA MIESZKA\u0143C\u00d3W<\/strong><br \/><strong>w sprawie odczyt\u00f3w wody ciep\u0142ej i zimnej<\/strong><\/p>\n<p style=\"text-align: center;\">Informujemy, \u017ce od dnia 31.01.2020 r. b\u0119dzie mo\u017cna podawa\u0107 odczyty wodomierzy wody zimnej i wody ciep\u0142ej przy pomocy poczty elektronicznej e-mail, wysy\u0142aj\u0105c wiadomo\u015b\u0107 na adres:<\/p>\n<h2 style=\"text-align: center;\">mieszkancy@szpitaltoszek.pl<\/h2>\n<p style=\"text-align: center;\">W tre\u015bci wiadomo\u015bci prosz\u0119 poda\u0107: ulic\u0119, numer budynku i numer mieszkania oraz odczyt stanu wodomierzy.<\/p>\n<p>&nbsp;<\/p>\n<hr \/>\n<h6><a href=\"https:\/\/old.szpitaltoszek.pl\/?page_id=17\"><strong>Kontakt<\/strong><\/a><\/h6>\n\n\n<p><\/p>\n","protected":false},"excerpt":{"rendered":"<p>Informacja o wprowadzeniu Regulaminu Parkingu Szpitala &nbsp; Dnia 01.04.2025 r. Zarz\u0105dzeniem nr 27\/2025 Dyrektora SP ZOZ Szpitala Psychiatrycznego w Toszku zosta\u0142 wprowadzony Regulamin Parkingu Szpitala. Pe\u0142na tre\u015b\u0107 Zarz\u0105dzenia (pdf)Regulamin Parkingu SP ZOZ Szpitala Psychiatrycznego w Toszku (pdf) INFORMACJA DLA MIESZKA\u0143C\u00d3Ww &hellip; <a href=\"https:\/\/old.szpitaltoszek.pl\/?page_id=6567\">Czytaj dalej <span class=\"meta-nav\">&rarr;<\/span><\/a><\/p>\n","protected":false},"author":67,"featured_media":0,"parent":17,"menu_order":0,"comment_status":"closed","ping_status":"closed","template":"","meta":{"footnotes":""},"class_list":["post-6567","page","type-page","status-publish","hentry"],"_links":{"self":[{"href":"https:\/\/old.szpitaltoszek.pl\/index.php?rest_route=\/wp\/v2\/pages\/6567","targetHints":{"allow":["GET"]}}],"collection":[{"href":"https:\/\/old.szpitaltoszek.pl\/index.php?rest_route=\/wp\/v2\/pages"}],"about":[{"href":"https:\/\/old.szpitaltoszek.pl\/index.php?rest_route=\/wp\/v2\/types\/page"}],"author":[{"embeddable":true,"href":"https:\/\/old.szpitaltoszek.pl\/index.php?rest_route=\/wp\/v2\/users\/67"}],"replies":[{"embeddable":true,"href":"https:\/\/old.szpitaltoszek.pl\/index.php?rest_route=%2Fwp%2Fv2%2Fcomments&post=6567"}],"version-history":[{"count":8,"href":"https:\/\/old.szpitaltoszek.pl\/index.php?rest_route=\/wp\/v2\/pages\/6567\/revisions"}],"predecessor-version":[{"id":11909,"href":"https:\/\/old.szpitaltoszek.pl\/index.php?rest_route=\/wp\/v2\/pages\/6567\/revisions\/11909"}],"up":[{"embeddable":true,"href":"https:\/\/old.szpitaltoszek.pl\/index.php?rest_route=\/wp\/v2\/pages\/17"}],"wp:attachment":[{"href":"https:\/\/old.szpitaltoszek.pl\/index.php?rest_route=%2Fwp%2Fv2%2Fmedia&parent=6567"}],"curies":[{"name":"wp","href":"https:\/\/api.w.org\/{rel}","templated":true}]}}