{"id":6093,"date":"2019-08-30T09:38:47","date_gmt":"2019-08-30T07:38:47","guid":{"rendered":"https:\/\/old.szpitaltoszek.pl\/?page_id=6093"},"modified":"2019-08-30T11:09:07","modified_gmt":"2019-08-30T09:09:07","slug":"terapia-zajeciowa","status":"publish","type":"page","link":"https:\/\/old.szpitaltoszek.pl\/?page_id=6093","title":{"rendered":"Terapia zaj\u0119ciowa"},"content":{"rendered":"<p>Terapia Zaj\u0119ciowa w Szpitalu Psychiatrycznym w Toszku koncentruje si\u0119 wok\u00f3\u0142 os\u00f3b chorych psychicznie. To leczenie i usprawnienie za pomoc\u0105 okre\u015blanych czynno\u015bci, zaj\u0119\u0107 i pracy. Naszym celem jest promowanie talent\u00f3w os\u00f3b choruj\u0105cych, organizowaniem wystaw prac pacjent\u00f3w oraz imprez o charakterze integracyjnym. W toku terapii zaj\u0119ciowej osoby wykonuj\u0105 po\u017cyteczne, zorganizowane czynno\u015bci maj\u0105ce\u00a0 podtrzyma\u0107 ich aktywno\u015b\u0107, odwraca\u0107 uwag\u0119 od niepokoj\u0105cych my\u015bli i wyobra\u017ani, przywraca\u0107 utracon\u0105 sprawno\u015b\u0107 i przygotowa\u0107 ich do samodzielnego \u017cycia.<\/p>\n<p><strong>Rodzaje zaj\u0119\u0107 terapeutycznych w Szpitalu Psychiatrycznym w Toszku:<\/strong><\/p>\n<ol>\n<li>Ergoterapia \u2013 terapia poprzez prac\u0119 ( stolarstwo, krawiectwo, hafciarstwo).<\/li>\n<li>Silwoterapia \u2013 terapia poprzez kontakt z natur\u0105 ( wyj\u015bcia pacjent\u00f3w na teren szpitala).<\/li>\n<li>Arteterapia \u2013 terapia poprzez sztuk\u0119 ( malarstwo, zdobnictwo, rysunek).<\/li>\n<li>Choreoterapia \u2013 terapia poprzez taniec ( gry i zabawy).<\/li>\n<li>Muzykoterapia bierna \u2013 s\u0142uchanie muzyki.<\/li>\n<li>Terapia ruchem \u2013 terapia poprzez gimnastyk\u0119.<\/li>\n<li>Terapia manualna \u2013 terapia poprzez drobne prace ( rysowanie, wycinanie, kolorowanie).<\/li>\n<li>Biblioterapia \u2013 terapia poprzez czytanie.<\/li>\n<li>Trening bud\u017cetowy &#8211; kszta\u0142cenie umiej\u0119tno\u015bci samodzielnego dysponowania w\u0142asnymi finansami.<\/li>\n<li>Filmoterapia \u2013 terapia poprzez ogl\u0105danie filmu.<\/li>\n<\/ol>\n<p><strong>Formy organizacji terapii\u00a0 zaj\u0119ciowej.<\/strong><\/p>\n<p>&#8211; Indywidualna ( pacjent wykonuje zadania specjalnie dla niego przeznaczone dobrane do indywidualnych\u00a0 potrzeb i umiej\u0119tno\u015bci\u00a0 pacjenta.)<\/p>\n<p>&#8211; Grupowa polegaj\u0105ca na wykonywaniu r\u00f3\u017cnych b\u0105d\u017a tych samych zada\u0144 przez kilka os\u00f3b.<\/p>\n<p><a href=\"https:\/\/old.szpitaltoszek.pl\/?p=6206\">Galeria zdj\u0119\u0107 prac wykonanych na terapii<\/a><\/p>\n<hr \/>\n<p>&nbsp;<\/p>\n<h5><strong><a href=\"https:\/\/old.szpitaltoszek.pl\/?page_id=20\">Informacje dla Pacjent\u00f3w<\/a><br \/>\n<a href=\"https:\/\/old.szpitaltoszek.pl\/?page_id=1218\">Przyj\u0119cie do szpitala<\/a><\/strong><br \/>\n<strong><a href=\"https:\/\/old.szpitaltoszek.pl\/?page_id=1220\">Rzecznik Praw Pacjenta<\/a><\/strong><br \/>\n<strong><a href=\"https:\/\/old.szpitaltoszek.pl\/?page_id=1229\">\u015awiadczenia Opieki Zdrowotnej<\/a><br \/>\n<a href=\"https:\/\/old.szpitaltoszek.pl\/?page_id=5618\">Informacja zwi\u0105zana z Rozporz\u0105dzeniem Ochrony Danych Osobowych<\/a><\/strong><br \/>\n<strong><a href=\"https:\/\/old.szpitaltoszek.pl\/?page_id=1998\">Regulamin odwiedzin Pacjent\u00f3w &#8211; wszystkie oddzia\u0142y<\/a><br \/>\n<a href=\"https:\/\/old.szpitaltoszek.pl\/?page_id=6093\">Terapia zaj\u0119ciowa<\/a><\/strong><\/h5>\n","protected":false},"excerpt":{"rendered":"<p>Terapia Zaj\u0119ciowa w Szpitalu Psychiatrycznym w Toszku koncentruje si\u0119 wok\u00f3\u0142 os\u00f3b chorych psychicznie. To leczenie i usprawnienie za pomoc\u0105 okre\u015blanych czynno\u015bci, zaj\u0119\u0107 i pracy. Naszym celem jest promowanie talent\u00f3w os\u00f3b choruj\u0105cych, organizowaniem wystaw prac pacjent\u00f3w oraz imprez o charakterze integracyjnym. &hellip; <a href=\"https:\/\/old.szpitaltoszek.pl\/?page_id=6093\">Czytaj dalej <span class=\"meta-nav\">&rarr;<\/span><\/a><\/p>\n","protected":false},"author":67,"featured_media":0,"parent":20,"menu_order":0,"comment_status":"closed","ping_status":"closed","template":"","meta":{"footnotes":""},"class_list":["post-6093","page","type-page","status-publish","hentry"],"_links":{"self":[{"href":"https:\/\/old.szpitaltoszek.pl\/index.php?rest_route=\/wp\/v2\/pages\/6093","targetHints":{"allow":["GET"]}}],"collection":[{"href":"https:\/\/old.szpitaltoszek.pl\/index.php?rest_route=\/wp\/v2\/pages"}],"about":[{"href":"https:\/\/old.szpitaltoszek.pl\/index.php?rest_route=\/wp\/v2\/types\/page"}],"author":[{"embeddable":true,"href":"https:\/\/old.szpitaltoszek.pl\/index.php?rest_route=\/wp\/v2\/users\/67"}],"replies":[{"embeddable":true,"href":"https:\/\/old.szpitaltoszek.pl\/index.php?rest_route=%2Fwp%2Fv2%2Fcomments&post=6093"}],"version-history":[{"count":5,"href":"https:\/\/old.szpitaltoszek.pl\/index.php?rest_route=\/wp\/v2\/pages\/6093\/revisions"}],"predecessor-version":[{"id":6209,"href":"https:\/\/old.szpitaltoszek.pl\/index.php?rest_route=\/wp\/v2\/pages\/6093\/revisions\/6209"}],"up":[{"embeddable":true,"href":"https:\/\/old.szpitaltoszek.pl\/index.php?rest_route=\/wp\/v2\/pages\/20"}],"wp:attachment":[{"href":"https:\/\/old.szpitaltoszek.pl\/index.php?rest_route=%2Fwp%2Fv2%2Fmedia&parent=6093"}],"curies":[{"name":"wp","href":"https:\/\/api.w.org\/{rel}","templated":true}]}}