{"id":5618,"date":"2019-03-26T13:10:45","date_gmt":"2019-03-26T12:10:45","guid":{"rendered":"https:\/\/old.szpitaltoszek.pl\/?page_id=5618"},"modified":"2020-11-20T13:35:36","modified_gmt":"2020-11-20T12:35:36","slug":"informacja-zwiazana-z-rozporzadzeniem-ochrony-danych-osobowych","status":"publish","type":"page","link":"https:\/\/old.szpitaltoszek.pl\/?page_id=5618","title":{"rendered":"Informacja zwi\u0105zana z Rozporz\u0105dzeniem Ochrony Danych Osobowych"},"content":{"rendered":"<p>Zgodnie z art. 13 ust. 1 i 2 rozporz\u0105dzenia Parlamentu Europejskiego i Rady (UE) 2016\/679 z dnia 27 kwietnia 2016 r. w sprawie ochrony os\u00f3b fizycznych w zwi\u0105zku z przetwarzaniem danych osobowych i w sprawie swobodnego przep\u0142ywu takich danych oraz uchylenia dyrektywy 95\/46\/WE (dalej: Rozporz\u0105dzenie) informujemy, i\u017c:<\/p>\n<p>1. Administratorem danych osobowych jest Samodzielny Publiczny Zak\u0142ad Opieki Zdrowotnej Szpital Psychiatryczny w Toszku, dzia\u0142aj\u0105cy pod adresem 44-180 Toszek, ul. Gliwicka 5, kt\u00f3rego akta rejestrowej przechowuje S\u0105d Rejonowy w Gliwicach, X Wydzia\u0142 Gospodarczy Krajowego Rejestru S\u0105dowego pod numerem 0000044032, REGON: 000293114, NIP: 9690946632 (dalej: Szpital Psychiatryczny w Toszku), email: <a href=\"mailto:info@szpitaltoszek.pl\">info@szpitaltoszek.pl<\/a>, <a href=\"https:\/\/old.szpitaltoszek.pl\">szpitaltoszek.pl<\/a>;<br \/>\n2. Wyznaczony zosta\u0142 Inspektor Ochrony Danych: mgr Pawe\u0142 Wojciechowski z kt\u00f3rym mo\u017cna si\u0119 kontaktowa\u0107 pisz\u0105c na adres email: <a href=\"mailto:daneosobowe@szpitaltoszek.pl\">daneosobowe@szpitaltoszek.pl<\/a> w ka\u017cdej sprawie dotycz\u0105cej przetwarzania Pani\/Pana danych osobowych;<br \/>\n3. Pani\/Pana dane osobowe b\u0119d\u0105 przetwarzane w celu wype\u0142nienia obowi\u0105zku prawnego ci\u0105\u017c\u0105cego na administratorze na podstawie art. 6 ust. 1 lit. c Rozporz\u0105dzenia zwi\u0105zanego ze \u015bwiadczeniem us\u0142ug medycznych, zgodnie z art. 9 ust. 2 lit. h Rozporz\u0105dzenia, a w zakresie jakim podanie danych jest fakultatywne \u2013 na podstawie wyra\u017conej zgody okre\u015blonej w art. 6 ust. 1 lit. a Rozporz\u0105dzenia oraz art. 23 i 24 ustawy z dnia 6 listopada 2008 r. o prawach pacjenta i rzeczniku praw pacjenta.<br \/>\n4. W zwi\u0105zku z przetwarzaniem danych w celach wskazanych w pkt. 3, Pani\/Pana dane osobowe mog\u0105 by\u0107 udost\u0119pnione innym odbiorcom lub kategoriom odbiorc\u00f3w danych osobowych. Odbiorcami Pani\/Pana danych osobowych mog\u0105 by\u0107 tylko podmioty uprawnione na podstawie przepis\u00f3w prawa;<br \/>\n5. Informujemy, \u017ce obszar SP ZOZ Szpital Psychiatryczny w Toszku jest monitorowany \u2013monitoring obejmuje teren Szpitala, oraz drog\u0119 dojazdow\u0105. Pani\/Pana dane osobowe pozyskane z nagra\u0144 monitoringu b\u0119d\u0105 przechowywane przez okres do 5 dni a w przypadku wyst\u0105pienia incydentu, do czasu wyja\u015bnienia sprawy albo zako\u0144czenia odpowiednich post\u0119powa\u0144<br \/>\n6. Przetwarzanie Pana\/Pani danych osobowych pozyskanych z nagra\u0144 monitoringu ma na celu wy\u0142\u0105cznie zwi\u0119kszenie bezpiecze\u0144stwa pracy oraz umo\u017cliwienie wykrywania zachowa\u0144 szkodz\u0105cych Szpitalowi lub nara\u017caj\u0105cych go na straty( ustawa o Ochronie Danych Osobowych z dnia 10 maja 2018 roku Art.111 o dodanie art.22(2) i 22(3) w ustawie\u00a0 z dnia 26 czerwca 1974 r.-Kodeks pracy (Dz.U. z 2018 r. poz.917)<br \/>\n7. Odbiorc\u0105 Pani\/Pana danych osobowych pozyskanych z nagra\u0144 monitoringu mog\u0105 by\u0107: organy publiczne i s\u0142u\u017cby porz\u0105dkowe<br \/>\n8. Pani\/Pana dane osobowe z nagra\u0144 monitoringu nie b\u0119d\u0105 przekazywane do pa\u0144stwa trzeciego\/organizacji mi\u0119dzynarodowej.<br \/>\n9. Posiada Pani\/Pan prawo do informacji, prawo dost\u0119pu do nagra\u0144 monitoringu w uzasadnionych przypadkach; prawo do animizacji wizerunku lub do usuni\u0119cia danych jej dotycz\u0105cych; ograniczenia przetwarzania, prawo wniesienia sprzeciwu, prawo do przetwarzania danych przez ograniczony czas;<br \/>\n10. Pani\/Pana dane osobowe b\u0119d\u0105 przetwarzane przez okres wynikaj\u0105cy z regulacji prawnych \u2013 art. 29 ust. 1 ustawy z dnia 6 listopada 2008 r. o prawach pacjenta i rzeczniku praw pacjenta a w przypadku danych podanych fakultatywnie \u2013 do czasu wycofania zgody;<br \/>\n11. Zgodnie z RODO Przys\u0142uguje Pani\/Panu:<br \/>\na) Ka\u017cd\u0105 z wyra\u017conych zg\u00f3d mo\u017cna wycofa\u0107 w dowolnym momencie. Wycofanie zgody nie wp\u0142ywa na zgodno\u015b\u0107 z prawem przetwarzania dokonanego przed jej wycofaniem. Dla cel\u00f3w dowodowych Szpital Psychiatryczny w Toszku prosi o wycofanie zg\u00f3d drog\u0105 pisemn\u0105 na adres administratora lub elektroniczn\u0105 na adres email: <a href=\"mailto:daneosobowe@szpitaltoszek.pl\">daneosobowe@szpitaltoszek.pl<\/a>;<br \/>\nb) Przys\u0142uguje Pani\/Panu prawo \u017c\u0105dania od administratora dost\u0119pu do swoich danych osobowych, a tak\u017ce prawo do ich sprostowania, usuni\u0119cia lub ograniczenia przetwarzania, wniesienia sprzeciwu wobec ich przetwarzania;<br \/>\nc) Przys\u0142uguje Pani\/Panu prawo wniesienia skargi do Prezesa Urz\u0119du Ochrony Danych Osobowych, gdy uzna Pani\/Pan, i\u017c przetwarzanie danych osobowych Pani\/Pana dotycz\u0105cych narusza przepisy Rozporz\u0105dzenia;<br \/>\nd) Podanie przez Pani\u0105\/Pana danych osobowych jest wymogiem ustawowym koniecznym w celu \u015bwiadczenia us\u0142ug medycznych finansowanych przez Narodowy Fundusz Zdrowia, jest Pani\/Pan zobowi\u0105zana\/y do ich podania. W przypadku nie podania danych osobowych mo\u017ce skutkowa\u0107 odmow\u0105 realizacji wskazanych wy\u017cej cel\u00f3w.<br \/>\n12. Dane osobowe przetwarzane przez Administratora na podstawie Rozporz\u0105dzenia nie podlegaj\u0105 zautomatyzowanemu podejmowaniu decyzji, w tym o profilowaniu, o kt\u00f3rym mowa w art. 22 ust. 1 i 4 Rozporz\u0105dzenia.<\/p>\n<p>&nbsp;<\/p>\n<p>Informujemy r\u00f3wnie\u017c, \u017ce:<\/p>\n<p>Administrator dok\u0142ada wszelkich stara\u0144, aby zapewni\u0107 wszelkie \u015brodki fizycznej, technicznej i organizacyjnej ochrony danych osobowych przed ich przypadkowym czy umy\u015blnym zniszczeniem, przypadkow\u0105 utrat\u0105, zmian\u0105, nieuprawnionym ujawnieniem, wykorzystaniem czy dost\u0119pem, zgodnie ze wszystkimi obowi\u0105zuj\u0105cymi przepisami.<\/p>\n<hr \/>\n<p>&nbsp;<\/p>\n<h5><strong><a href=\"https:\/\/old.szpitaltoszek.pl\/?page_id=20\">Informacje dla Pacjent\u00f3w<\/a><br \/>\n<a href=\"https:\/\/old.szpitaltoszek.pl\/?page_id=1218\">Przyj\u0119cie do szpitala<\/a><\/strong><br \/>\n<strong><a href=\"https:\/\/old.szpitaltoszek.pl\/?page_id=1220\">Rzecznik Praw Pacjenta<\/a><\/strong><br \/>\n<strong><a href=\"https:\/\/old.szpitaltoszek.pl\/?page_id=1229\">\u015awiadczenia Opieki Zdrowotnej<\/a><br \/>\n<a href=\"https:\/\/old.szpitaltoszek.pl\/?page_id=5618\">Informacja zwi\u0105zana z Rozporz\u0105dzeniem Ochrony Danych Osobowych<\/a><\/strong><br \/>\n<strong><a href=\"https:\/\/old.szpitaltoszek.pl\/?page_id=1998\">Regulamin odwiedzin Pacjent\u00f3w &#8211; wszystkie oddzia\u0142y<\/a><br \/>\n<a href=\"https:\/\/old.szpitaltoszek.pl\/?page_id=6093\">Terapia zaj\u0119ciowa<\/a><\/strong><\/h5>\n","protected":false},"excerpt":{"rendered":"<p>Zgodnie z art. 13 ust. 1 i 2 rozporz\u0105dzenia Parlamentu Europejskiego i Rady (UE) 2016\/679 z dnia 27 kwietnia 2016 r. w sprawie ochrony os\u00f3b fizycznych w zwi\u0105zku z przetwarzaniem danych osobowych i w sprawie swobodnego przep\u0142ywu takich danych oraz &hellip; <a href=\"https:\/\/old.szpitaltoszek.pl\/?page_id=5618\">Czytaj dalej <span class=\"meta-nav\">&rarr;<\/span><\/a><\/p>\n","protected":false},"author":67,"featured_media":0,"parent":20,"menu_order":5,"comment_status":"closed","ping_status":"closed","template":"","meta":{"footnotes":""},"class_list":["post-5618","page","type-page","status-publish","hentry"],"_links":{"self":[{"href":"https:\/\/old.szpitaltoszek.pl\/index.php?rest_route=\/wp\/v2\/pages\/5618","targetHints":{"allow":["GET"]}}],"collection":[{"href":"https:\/\/old.szpitaltoszek.pl\/index.php?rest_route=\/wp\/v2\/pages"}],"about":[{"href":"https:\/\/old.szpitaltoszek.pl\/index.php?rest_route=\/wp\/v2\/types\/page"}],"author":[{"embeddable":true,"href":"https:\/\/old.szpitaltoszek.pl\/index.php?rest_route=\/wp\/v2\/users\/67"}],"replies":[{"embeddable":true,"href":"https:\/\/old.szpitaltoszek.pl\/index.php?rest_route=%2Fwp%2Fv2%2Fcomments&post=5618"}],"version-history":[{"count":5,"href":"https:\/\/old.szpitaltoszek.pl\/index.php?rest_route=\/wp\/v2\/pages\/5618\/revisions"}],"predecessor-version":[{"id":7517,"href":"https:\/\/old.szpitaltoszek.pl\/index.php?rest_route=\/wp\/v2\/pages\/5618\/revisions\/7517"}],"up":[{"embeddable":true,"href":"https:\/\/old.szpitaltoszek.pl\/index.php?rest_route=\/wp\/v2\/pages\/20"}],"wp:attachment":[{"href":"https:\/\/old.szpitaltoszek.pl\/index.php?rest_route=%2Fwp%2Fv2%2Fmedia&parent=5618"}],"curies":[{"name":"wp","href":"https:\/\/api.w.org\/{rel}","templated":true}]}}