{"id":4928,"date":"2018-09-27T13:27:28","date_gmt":"2018-09-27T11:27:28","guid":{"rendered":"https:\/\/old.szpitaltoszek.pl\/?page_id=4928"},"modified":"2023-10-30T09:42:09","modified_gmt":"2023-10-30T08:42:09","slug":"ksiazka-teleadresowa","status":"publish","type":"page","link":"https:\/\/old.szpitaltoszek.pl\/?page_id=4928","title":{"rendered":"Ksi\u0105\u017cka teleadresowa"},"content":{"rendered":"<h3 style=\"text-align: right;\">Nr telefonu szpitala (centrala): <strong>32 233-41-12, 32 727 58 00<\/strong><\/h3>\n<h2 id=\"tablepress-1-name\" class=\"tablepress-table-name tablepress-table-name-id-1\">Dyrekcja szpitala<\/h2>\n\n<table id=\"tablepress-1\" class=\"tablepress tablepress-id-1\" aria-labelledby=\"tablepress-1-name\">\n<thead>\n<tr class=\"row-1\">\n\t<th class=\"column-1\">Stanowisko<\/th><th class=\"column-2\">Imi\u0119 i nazwisko<\/th><th class=\"column-3\">e-mail<\/th><th class=\"column-4\">nr tel. lub wew.<\/th>\n<\/tr>\n<\/thead>\n<tbody class=\"row-striping row-hover\">\n<tr class=\"row-2\">\n\t<td class=\"column-1\">DN - P.O. Dyrektor Szpitala<\/td><td class=\"column-2\">Mariusz Kasperczyk<\/td><td class=\"column-3\">info@szpitaltoszek.pl<\/td><td class=\"column-4\">215<\/td>\n<\/tr>\n<tr class=\"row-3\">\n\t<td class=\"column-1\">DL - Zast\u0119pca Dyrektora ds. Lecznictwa<\/td><td class=\"column-2\">Mi\u0142osz Kotarba<\/td><td class=\"column-3\">info@szpitaltoszek.pl<\/td><td class=\"column-4\">216<\/td>\n<\/tr>\n<tr class=\"row-4\">\n\t<td class=\"column-1\">DOA - Zast\u0119pca Dyrektora ds. Organizacyjno-Administracyjnych<\/td><td class=\"column-2\">Anita Pas\u0142awska<\/td><td class=\"column-3\">info@szpitaltoszek.pl<\/td><td class=\"column-4\">315<\/td>\n<\/tr>\n<tr class=\"row-5\">\n\t<td class=\"column-1\">DT - Zast\u0119pca Dyrektora ds. Technicznych<\/td><td class=\"column-2\">Bogdan Le\u015bniowski<\/td><td class=\"column-3\">info@szpitaltoszek.pl<\/td><td class=\"column-4\">242<\/td>\n<\/tr>\n<tr class=\"row-6\">\n\t<td class=\"column-1\">DCZP - Zast\u0119pca Kierownika Centrum Zdrowia Psychicznego<\/td><td class=\"column-2\">Kalina Nowak<\/td><td class=\"column-3\">info@szpitaltoszek.pl<\/td><td class=\"column-4\">237<\/td>\n<\/tr>\n<tr class=\"row-7\">\n\t<td class=\"column-1\">DNP - P.O. Naczelna Piel\u0119gniarka<\/td><td class=\"column-2\">Ewa Cie\u015blik-St\u0119pniak<\/td><td class=\"column-3\">info@szpitaltoszek.pl<\/td><td class=\"column-4\">244<\/td>\n<\/tr>\n<\/tbody>\n<\/table>\n\n<h2 id=\"tablepress-3-name\" class=\"tablepress-table-name tablepress-table-name-id-3\">Pion Dyrektora Szpitala<\/h2>\n\n<table id=\"tablepress-3\" class=\"tablepress tablepress-id-3\" aria-labelledby=\"tablepress-3-name\">\n<thead>\n<tr class=\"row-1\">\n\t<th class=\"column-1\">Stanowisko<\/th><th class=\"column-2\">Imi\u0119 i nazwisko<\/th><th class=\"column-3\">e-mail<\/th><th class=\"column-4\">nr tel. lub wew.<\/th>\n<\/tr>\n<\/thead>\n<tbody class=\"row-striping row-hover\">\n<tr class=\"row-2\">\n\t<td class=\"column-1\">DK - Kierownik Dzia\u0142u Kadr<\/td><td class=\"column-2\">El\u017cbieta Janysek<\/td><td class=\"column-3\">kadry@szpitaltoszek.pl<\/td><td class=\"column-4\">218\/295<\/td>\n<\/tr>\n<tr class=\"row-3\">\n\t<td class=\"column-1\">DR - Kierownik Sekcji Rejestracji i Dokumentacji Chorych<\/td><td class=\"column-2\">Anna Grala<\/td><td class=\"column-3\">rch@szpitaltoszek.pl<\/td><td class=\"column-4\">237\/259<\/td>\n<\/tr>\n<tr class=\"row-4\">\n\t<td class=\"column-1\">DE - Piel\u0119gniarka Epidemiologiczna<\/td><td class=\"column-2\">Bo\u017cena Kurtycz<\/td><td class=\"column-3\">b.kurtycz@szpitaltoszek.pl<\/td><td class=\"column-4\">244<\/td>\n<\/tr>\n<tr class=\"row-5\">\n\t<td class=\"column-1\">DEG - G\u0142\u00f3wny Specjalista ds. Bezpiecze\u0144stwa i Higieny Pracy<\/td><td class=\"column-2\">Adam Kurpierz<\/td><td class=\"column-3\"><\/td><td class=\"column-4\">219<\/td>\n<\/tr>\n<tr class=\"row-6\">\n\t<td class=\"column-1\">DEG - Inspektor ds. Przeciwpo\u017carowych<\/td><td class=\"column-2\">J\u00f3zef Jaworek<\/td><td class=\"column-3\"><\/td><td class=\"column-4\">206<\/td>\n<\/tr>\n<tr class=\"row-7\">\n\t<td class=\"column-1\">DEG - Radca prawny<\/td><td class=\"column-2\">Agnieszka Janda<\/td><td class=\"column-3\"><\/td><td class=\"column-4\">206<\/td>\n<\/tr>\n<tr class=\"row-8\">\n\t<td class=\"column-1\">DEG - Inspektor ds. Nadzoru Budowlanego<\/td><td class=\"column-2\">Bernard Kowolik<\/td><td class=\"column-3\"><\/td><td class=\"column-4\">206<\/td>\n<\/tr>\n<tr class=\"row-9\">\n\t<td class=\"column-1\">GO - Inspektor ds. Obronnych i rezerw<\/td><td class=\"column-2\">J\u00f3zef D\u0105browski<\/td><td class=\"column-3\"><\/td><td class=\"column-4\">206<\/td>\n<\/tr>\n<tr class=\"row-10\">\n\t<td class=\"column-1\">DB - Kapelan szpitalny<\/td><td class=\"column-2\">Marian Wr\u00f3blewski<\/td><td class=\"column-3\"><\/td><td class=\"column-4\">502-565-277<\/td>\n<\/tr>\n<tr class=\"row-11\">\n\t<td class=\"column-1\">GZP - Kierownik Zam\u00f3wie\u0144 Publicznych<\/td><td class=\"column-2\">Anna Skandy<\/td><td class=\"column-3\">zampub@szpitaltoszek.pl<\/td><td class=\"column-4\">288<\/td>\n<\/tr>\n<tr class=\"row-12\">\n\t<td class=\"column-1\">GT - Kierownik Dzia\u0142u Technicznego-Gospodarczego<\/td><td class=\"column-2\">Katarzyna Hartman-Kotulla<\/td><td class=\"column-3\">k.hartman@szpitaltoszek.pl<\/td><td class=\"column-4\">240<\/td>\n<\/tr>\n<tr class=\"row-13\">\n\t<td class=\"column-1\">GT - Kierownik Kot\u0142owni<\/td><td class=\"column-2\">Leon Kocur<\/td><td class=\"column-3\">l.kocur@szpitaltoszek.pl<\/td><td class=\"column-4\">241<\/td>\n<\/tr>\n<tr class=\"row-14\">\n\t<td class=\"column-1\">GI - Kierownik Sekcji Informatyki <\/td><td class=\"column-2\">Bernard Kasprzik<\/td><td class=\"column-3\">b.kasprzik@szpitaltoszek.pl<\/td><td class=\"column-4\">555<\/td>\n<\/tr>\n<tr class=\"row-15\">\n\t<td class=\"column-1\">GZ - Kierownik Dzia\u0142u \u017bywienia<\/td><td class=\"column-2\">Aleksandra Koczorek<\/td><td class=\"column-3\">a.koczorek@szpitaltoszek.pl<\/td><td class=\"column-4\">289<\/td>\n<\/tr>\n<tr class=\"row-16\">\n\t<td class=\"column-1\">GT - Zarz\u0105dzaj\u0105ca Pralni\u0105<\/td><td class=\"column-2\">Aniela Sklorz<\/td><td class=\"column-3\"><\/td><td class=\"column-4\">238<\/td>\n<\/tr>\n<\/tbody>\n<\/table>\n\n<h2 id=\"tablepress-4-name\" class=\"tablepress-table-name tablepress-table-name-id-4\">Pion Zast\u0119pcy Dyrektora ds. Lecznictwa<\/h2>\n\n<table id=\"tablepress-4\" class=\"tablepress tablepress-id-4\" aria-labelledby=\"tablepress-4-name\">\n<thead>\n<tr class=\"row-1\">\n\t<th class=\"column-1\">Stanowisko<\/th><th class=\"column-2\">Imi\u0119 i nazwisko<\/th><th class=\"column-3\">e-mail<\/th><th class=\"column-4\">nr tel. lub wew.<\/th>\n<\/tr>\n<\/thead>\n<tbody class=\"row-striping row-hover\">\n<tr class=\"row-2\">\n\t<td class=\"column-1\">LIII - Kierownik Medyczny Oddzia\u0142u III Psychiatrycznego Og\u00f3lnego, odcinek IIIA<\/td><td class=\"column-2\">Wojciech Dworaczek<\/td><td class=\"column-3\">w.dworaczek@szpitaltoszek.pl<\/td><td class=\"column-4\">286<\/td>\n<\/tr>\n<tr class=\"row-3\">\n\t<td class=\"column-1\">LIII - Kierownik Medyczny Oddzia\u0142u III Psychiatrycznego Og\u00f3lnego, odcinek IIIB<\/td><td class=\"column-2\">Agnieszka Leyko<\/td><td class=\"column-3\"><\/td><td class=\"column-4\">281<\/td>\n<\/tr>\n<tr class=\"row-4\">\n\t<td class=\"column-1\">CZP - Kierownik Medyczny Oddzia\u0142u psychiatrycznego og\u00f3lnego szpitalnego ca\u0142odobowego CZP<\/td><td class=\"column-2\">Roman Janiczek<\/td><td class=\"column-3\"><\/td><td class=\"column-4\">262<\/td>\n<\/tr>\n<tr class=\"row-5\">\n\t<td class=\"column-1\">LIII - Kierownik Medyczny Oddzia\u0142u III Psychiatrycznego Og\u00f3lnego, odcinek IIID<\/td><td class=\"column-2\">Roman Janiczek<\/td><td class=\"column-3\"><\/td><td class=\"column-4\">260<\/td>\n<\/tr>\n<tr class=\"row-6\">\n\t<td class=\"column-1\">LIII - Kierownik Medyczny Oddzia\u0142u III Psychiatrycznego Og\u00f3lnego, odcinek IIIE<\/td><td class=\"column-2\">Mariusz Kosut<\/td><td class=\"column-3\"><\/td><td class=\"column-4\">208<\/td>\n<\/tr>\n<tr class=\"row-7\">\n\t<td class=\"column-1\">LV - Kierownik medyczny Oddzia\u0142u VA Psychiatrycznego S\u0105dowego<\/td><td class=\"column-2\">Dawid Wierzba<\/td><td class=\"column-3\"><\/td><td class=\"column-4\">272<\/td>\n<\/tr>\n<tr class=\"row-8\">\n\t<td class=\"column-1\">LVI - Kierownik medyczny Oddzia\u0142u VB Psychiatrycznego S\u0105dowego<\/td><td class=\"column-2\">Joanna Miko\u0142ajczyk-Dworaczek<\/td><td class=\"column-3\"><\/td><td class=\"column-4\">207<\/td>\n<\/tr>\n<tr class=\"row-9\">\n\t<td class=\"column-1\">LVII - Kierownik medyczny Oddzia\u0142u VII Psychiatrycznego S\u0105dowego Odwykowego<\/td><td class=\"column-2\">Anna Rusek<\/td><td class=\"column-3\"><\/td><td class=\"column-4\">300<\/td>\n<\/tr>\n<tr class=\"row-10\">\n\t<td class=\"column-1\">LVIII - Kierownik medyczny Oddzia\u0142u VIII Internistycznego<\/td><td class=\"column-2\">Stanis\u0142aw Skubis<\/td><td class=\"column-3\"><\/td><td class=\"column-4\">283<\/td>\n<\/tr>\n<tr class=\"row-11\">\n\t<td class=\"column-1\">LXI - Kierownik medyczny Oddzia\u0142u XI Psychiatrycznego Przewlek\u0142ego, odcinek XIA<\/td><td class=\"column-2\">Karolina Jagoda<\/td><td class=\"column-3\"><\/td><td class=\"column-4\">327<\/td>\n<\/tr>\n<tr class=\"row-12\">\n\t<td class=\"column-1\">LXI - Kontakt na Oddziale XI Psychiatrycznym Przewlek\u0142ym, odcinek XIB<\/td><td class=\"column-2\">Piotr Dworaczek<\/td><td class=\"column-3\"><\/td><td class=\"column-4\">235<\/td>\n<\/tr>\n<tr class=\"row-13\">\n\t<td class=\"column-1\">LXII - Kierownik Medyczny Oddzia\u0142u XII Detoksykacji Alkoholowej<\/td><td class=\"column-2\">Serhii Masiuk<\/td><td class=\"column-3\"><\/td><td class=\"column-4\">203<\/td>\n<\/tr>\n<tr class=\"row-14\">\n\t<td class=\"column-1\">LXIII - Kierownik Oddzia\u0142u XIII Odwykowego Alkoholowego<\/td><td class=\"column-2\">Agata M\u0142ynarczyk-Burek<br \/>\nPiotr Dworaczek<\/td><td class=\"column-3\">a.mlynarczyk@szpitaltoszek.pl<\/td><td class=\"column-4\">273<\/td>\n<\/tr>\n<tr class=\"row-15\">\n\t<td class=\"column-1\">LXVI - Kierownik medyczny Oddzia\u0142u XVI Rehabilitacji Psychiatrycznej w D\u0105br\u00f3wce<\/td><td class=\"column-2\">Przemys\u0142aw Frey<\/td><td class=\"column-3\">p.frey@szpitaltoszek.pl<\/td><td class=\"column-4\">215<\/td>\n<\/tr>\n<tr class=\"row-16\">\n\t<td class=\"column-1\">LXVII - Kierownik medyczny Oddzia\u0142u XVII dla Nieletnich o wzmocnionym zabezpieczeniu<\/td><td class=\"column-2\">Marek Paluch<\/td><td class=\"column-3\"><\/td><td class=\"column-4\">369<\/td>\n<\/tr>\n<tr class=\"row-17\">\n\t<td class=\"column-1\">LI - Piel\u0119gniarka Koordynuj\u0105ca Izby Przyj\u0119\u0107<\/td><td class=\"column-2\">Magdalena Wieczorek<\/td><td class=\"column-3\">izba@szpitaltoszek.pl<\/td><td class=\"column-4\">220<\/td>\n<\/tr>\n<tr class=\"row-18\">\n\t<td class=\"column-1\">LA - Kierownik Apteki Szpitalnej<\/td><td class=\"column-2\">Liliana Felkowska<\/td><td class=\"column-3\">apteka@szpitaltoszek.pl<\/td><td class=\"column-4\">248<\/td>\n<\/tr>\n<tr class=\"row-19\">\n\t<td class=\"column-1\">LL - Kierownik Medycznego Laboratorium Diagnostycznego<\/td><td class=\"column-2\">Ilona Szygu\u0142a<\/td><td class=\"column-3\">laboratorium@szpitaltoszek.pl<\/td><td class=\"column-4\">249\/349<\/td>\n<\/tr>\n<tr class=\"row-20\">\n\t<td class=\"column-1\">LPS - Kierownik Zespo\u0142u Pracownik\u00f3w Socjalnych<\/td><td class=\"column-2\">Barbara Wojnar<\/td><td class=\"column-3\">b.wojnar@szpitaltoszek.pl<\/td><td class=\"column-4\">250<\/td>\n<\/tr>\n<tr class=\"row-21\">\n\t<td class=\"column-1\">LT - Kierownik O\u015brodka Terapii Zaj\u0119ciowej<\/td><td class=\"column-2\">Aleksandra Senkowska<\/td><td class=\"column-3\">a.senkowska@szpitaltoszek.pl<\/td><td class=\"column-4\">270<\/td>\n<\/tr>\n<\/tbody>\n<\/table>\n\n<h2 id=\"tablepress-8-name\" class=\"tablepress-table-name tablepress-table-name-id-8\">Pion G\u0142\u00f3wnego Ksi\u0119gowego<\/h2>\n\n<table id=\"tablepress-8\" class=\"tablepress tablepress-id-8\" aria-labelledby=\"tablepress-8-name\">\n<thead>\n<tr class=\"row-1\">\n\t<th class=\"column-1\">Stanowisko<\/th><th class=\"column-2\">Imi\u0119 i nazwisko<\/th><th class=\"column-3\">e-mail<\/th><th class=\"column-4\">nr tel. lub wew.<\/th>\n<\/tr>\n<\/thead>\n<tbody class=\"row-striping row-hover\">\n<tr class=\"row-2\">\n\t<td class=\"column-1\">KF - Zast\u0119pca G\u0142\u00f3wnej Ksi\u0119gowej<\/td><td class=\"column-2\">Barbara Wr\u00f3bel<\/td><td class=\"column-3\">b.wrobel@szpitaltoszek.pl<\/td><td class=\"column-4\">266<\/td>\n<\/tr>\n<tr class=\"row-3\">\n\t<td class=\"column-1\">KP - Kierownik Sekcji P\u0142ac<\/td><td class=\"column-2\">Weronika Malinowska<\/td><td class=\"column-3\">w.malinowska@szpitaltoszek.pl<\/td><td class=\"column-4\">264<\/td>\n<\/tr>\n<tr class=\"row-4\">\n\t<td class=\"column-1\">KK - Kasa<\/td><td class=\"column-2\">Hanna Zuber<\/td><td class=\"column-3\"><\/td><td class=\"column-4\">274<\/td>\n<\/tr>\n<\/tbody>\n<\/table>\n\n<h2 id=\"tablepress-6-name\" class=\"tablepress-table-name tablepress-table-name-id-6\">Pion Zast\u0119pcy Dyrektora ds. Piel\u0119gniarstwa i Jako\u015bci, Naczelnej Piel\u0119gniarki<\/h2>\n\n<table id=\"tablepress-6\" class=\"tablepress tablepress-id-6\" aria-labelledby=\"tablepress-6-name\">\n<thead>\n<tr class=\"row-1\">\n\t<th class=\"column-1\">Stanowisko<\/th><th class=\"column-2\">Imi\u0119 i nazwisko<\/th><th class=\"column-3\">e-mail<\/th><th class=\"column-4\">nr tel. lub wew.<\/th>\n<\/tr>\n<\/thead>\n<tbody class=\"row-striping row-hover\">\n<tr class=\"row-2\">\n\t<td class=\"column-1\">LIII - Piel\u0119gniarka Oddzia\u0142owa Oddzia\u0142u III Psychiatrycznego Og\u00f3lnego, odcinek IIIA<\/td><td class=\"column-2\">Beata Wrzeciono<\/td><td class=\"column-3\">oddzial.3a@szpitaltoszek.pl<\/td><td class=\"column-4\">223<\/td>\n<\/tr>\n<tr class=\"row-3\">\n\t<td class=\"column-1\">LIII - Piel\u0119gniarka Oddzia\u0142owa Oddzia\u0142u III Psychiatrycznego Og\u00f3lnego, odcinek IIIB<\/td><td class=\"column-2\">Sylwia Podbro\u017cna<\/td><td class=\"column-3\">oddzial.3b@szpitaltoszek.pl<\/td><td class=\"column-4\">221<\/td>\n<\/tr>\n<tr class=\"row-4\">\n\t<td class=\"column-1\">CZP - Oddzia\u0142 Psychiatryczny Og\u00f3lny<\/td><td class=\"column-2\">Aleksandra Grot<\/td><td class=\"column-3\">czp.oddzial@szpitaltoszek.pl<\/td><td class=\"column-4\">222<\/td>\n<\/tr>\n<tr class=\"row-5\">\n\t<td class=\"column-1\">LIII - Piel\u0119gniarka Oddzia\u0142owa Oddzia\u0142u III Psychiatrycznego Og\u00f3lnego, odcinek IIID<\/td><td class=\"column-2\">Klaudia Krasucka<\/td><td class=\"column-3\">oddzial.3d@szpitaltoszek.pl<\/td><td class=\"column-4\">224<\/td>\n<\/tr>\n<tr class=\"row-6\">\n\t<td class=\"column-1\">LIII - Piel\u0119gniarka Oddzia\u0142owa Oddzia\u0142u III Psychiatrycznego Og\u00f3lnego, odcinek IIIE<\/td><td class=\"column-2\">Irena Broniszewska<\/td><td class=\"column-3\">oddzial.3e@szpitaltoszek.pl<\/td><td class=\"column-4\">229<\/td>\n<\/tr>\n<tr class=\"row-7\">\n\t<td class=\"column-1\">LV - Piel\u0119gniarka Oddzia\u0142owa Oddzia\u0142u VA Psychiatrycznego S\u0105dowego<\/td><td class=\"column-2\">Ewa Zab\u0142ocka<\/td><td class=\"column-3\">oddzial.5a@szpitaltoszek.pl<\/td><td class=\"column-4\">225<\/td>\n<\/tr>\n<tr class=\"row-8\">\n\t<td class=\"column-1\">LVI Piel\u0119gniarka Oddzia\u0142owa Oddzia\u0142u VB Psychiatrycznego S\u0105dowego<\/td><td class=\"column-2\">Jolanta Badura<\/td><td class=\"column-3\">oddzial.5b@szpitaltoszek.pl<\/td><td class=\"column-4\">226<\/td>\n<\/tr>\n<tr class=\"row-9\">\n\t<td class=\"column-1\">LVII - Piel\u0119gniarka Oddzia\u0142owa Oddzia\u0142u VII Psychiatrycznego S\u0105dowego Odwykowego<\/td><td class=\"column-2\">Ma\u0142gorzata Majkut-Maron<\/td><td class=\"column-3\">oddzial.7@szpitaltoszek.pl<\/td><td class=\"column-4\">227<\/td>\n<\/tr>\n<tr class=\"row-10\">\n\t<td class=\"column-1\">LVIII - Piel\u0119gniarka Oddzia\u0142owa Oddzia\u0142u VIII Internistycznego<\/td><td class=\"column-2\">Aniela Ko\u0142acka<\/td><td class=\"column-3\">i.kasprzyk@szpitaltoszek.pl<br \/>\ninterna@szpitaltoszek.pl<\/td><td class=\"column-4\">228<\/td>\n<\/tr>\n<tr class=\"row-11\">\n\t<td class=\"column-1\">LXI - Piel\u0119gniarka Oddzia\u0142owa Oddzia\u0142u XI Psychiatrycznego Przewlek\u0142ego, odcinek XIA<\/td><td class=\"column-2\">Ewa \u0141\u0119gowska<\/td><td class=\"column-3\">oddzial.11a@szpitaltoszek.pl<\/td><td class=\"column-4\">231<\/td>\n<\/tr>\n<tr class=\"row-12\">\n\t<td class=\"column-1\">LXI - Piel\u0119gniarka Oddzia\u0142owa Oddzia\u0142u XI Psychiatrycznego Przewlek\u0142ego, odcinek XIB<\/td><td class=\"column-2\">El\u017cbieta Tulczyjew<\/td><td class=\"column-3\">oddzial.11b@szpitaltoszek.pl<\/td><td class=\"column-4\">235, 236<\/td>\n<\/tr>\n<tr class=\"row-13\">\n\t<td class=\"column-1\">LXII - Piel\u0119gniarka Oddzia\u0142owa Oddzia\u0142u XII Detoksykacji Alkoholowej<\/td><td class=\"column-2\">Elwira Giemza<\/td><td class=\"column-3\">oddzial.12@szpitaltoszek.pl<\/td><td class=\"column-4\">232\/312<\/td>\n<\/tr>\n<tr class=\"row-14\">\n\t<td class=\"column-1\">LXIII - Piel\u0119gniarka Oddzia\u0142owa Oddzia\u0142u XIII Odwykowego Alkoholowego<\/td><td class=\"column-2\">Elwira Giemza<\/td><td class=\"column-3\">terapiaodwykowa@szpitaltoszek.pl<\/td><td class=\"column-4\">233<\/td>\n<\/tr>\n<tr class=\"row-15\">\n\t<td class=\"column-1\">LXVI - Piel\u0119gniarka Oddzia\u0142owa Oddzia\u0142u XVI Rehabilitacji Psychiatrycznej w D\u0105br\u00f3wce<\/td><td class=\"column-2\">Aleksandra Janysek-Pisarek<\/td><td class=\"column-3\">dabrowka@szpitaltoszek.pl<\/td><td class=\"column-4\">32 233-48-38<\/td>\n<\/tr>\n<tr class=\"row-16\">\n\t<td class=\"column-1\">LXVII - Piel\u0119gniarka Oddzia\u0142owa Oddzia\u0142u XVII Psychiatrycznego S\u0105dowego dla Nieletnich o wzmocnionym zabezpieczeniu<\/td><td class=\"column-2\">El\u017cbieta Baranek<\/td><td class=\"column-3\">oddzial.17@szpitaltoszek.pl<\/td><td class=\"column-4\">310<\/td>\n<\/tr>\n<\/tbody>\n<\/table>\n\n<h2 id=\"tablepress-5-name\" class=\"tablepress-table-name tablepress-table-name-id-5\">Pracownie Diagnostyczne<\/h2>\n\n<table id=\"tablepress-5\" class=\"tablepress tablepress-id-5\" aria-labelledby=\"tablepress-5-name\">\n<thead>\n<tr class=\"row-1\">\n\t<th class=\"column-1\">Stanowisko<\/th><th class=\"column-2\">Imi\u0119 i nazwisko<\/th><th class=\"column-3\">e-mail<\/th><th class=\"column-4\">nr tel. lub wew.<\/th>\n<\/tr>\n<\/thead>\n<tbody class=\"row-striping row-hover\">\n<tr class=\"row-2\">\n\t<td class=\"column-1\">LDR, LDU - Kierownik Pracowni Diagnostyki Obrazowej i Ultrad\u017awi\u0119kowej<\/td><td class=\"column-2\">Cezary Przeorek<\/td><td class=\"column-3\"><\/td><td class=\"column-4\">217<\/td>\n<\/tr>\n<tr class=\"row-3\">\n\t<td class=\"column-1\">LDE - Pracownia endoskopii<\/td><td class=\"column-2\"><\/td><td class=\"column-3\"><\/td><td class=\"column-4\">277<\/td>\n<\/tr>\n<tr class=\"row-4\">\n\t<td class=\"column-1\">LP - Przychodnia przyszpitalna z poradniami specjalistycznymi<\/td><td class=\"column-2\"><\/td><td class=\"column-3\">przychodnia@szpitaltoszek.pl<\/td><td class=\"column-4\">298<\/td>\n<\/tr>\n<tr class=\"row-5\">\n\t<td class=\"column-1\">LPZ - Poradnia Zdrowia Psychicznego<\/td><td class=\"column-2\"><\/td><td class=\"column-3\">przychodnia@szpitaltoszek.pl<\/td><td class=\"column-4\">298<\/td>\n<\/tr>\n<tr class=\"row-6\">\n\t<td class=\"column-1\">Poradnia chor\u00f3b wewn\u0119trznych - gastroenterologiczna<\/td><td class=\"column-2\">Iwona Pi\u0105tek<\/td><td class=\"column-3\"><\/td><td class=\"column-4\">298<\/td>\n<\/tr>\n<tr class=\"row-7\">\n\t<td class=\"column-1\">LPM - Poradnia Medycyny Pracy<\/td><td class=\"column-2\">Bo\u017cena Bajer<\/td><td class=\"column-3\">przychodnia@szpitaltoszek.pl<\/td><td class=\"column-4\">298<\/td>\n<\/tr>\n<\/tbody>\n<\/table>\n\n<hr \/>\n<h5><strong><a href=\"https:\/\/old.szpitaltoszek.pl\/\">O nas<\/a><br \/>\n<a href=\"https:\/\/old.szpitaltoszek.pl\/?page_id=1870\">Informacje og\u00f3lne<\/a><br \/>\n<\/strong><strong><a href=\"https:\/\/old.szpitaltoszek.pl\/?page_id=1952\">Dyrekcja<\/a><\/strong><br \/>\n<strong><a href=\"https:\/\/old.szpitaltoszek.pl\/?page_id=4991\">Bud\u017cet i maj\u0105tek<\/a><br \/>\n<a href=\"https:\/\/old.szpitaltoszek.pl\/?page_id=4928\">Ksi\u0105\u017cka teleadresowa<\/a><\/strong><\/h5>\n","protected":false},"excerpt":{"rendered":"<p>Nr telefonu szpitala (centrala): 32 233-41-12, 32 727 58 00 O nas Informacje og\u00f3lne Dyrekcja Bud\u017cet i maj\u0105tek Ksi\u0105\u017cka teleadresowa<\/p>\n","protected":false},"author":1,"featured_media":0,"parent":0,"menu_order":0,"comment_status":"closed","ping_status":"closed","template":"","meta":{"footnotes":""},"class_list":["post-4928","page","type-page","status-publish","hentry"],"_links":{"self":[{"href":"https:\/\/old.szpitaltoszek.pl\/index.php?rest_route=\/wp\/v2\/pages\/4928","targetHints":{"allow":["GET"]}}],"collection":[{"href":"https:\/\/old.szpitaltoszek.pl\/index.php?rest_route=\/wp\/v2\/pages"}],"about":[{"href":"https:\/\/old.szpitaltoszek.pl\/index.php?rest_route=\/wp\/v2\/types\/page"}],"author":[{"embeddable":true,"href":"https:\/\/old.szpitaltoszek.pl\/index.php?rest_route=\/wp\/v2\/users\/1"}],"replies":[{"embeddable":true,"href":"https:\/\/old.szpitaltoszek.pl\/index.php?rest_route=%2Fwp%2Fv2%2Fcomments&post=4928"}],"version-history":[{"count":19,"href":"https:\/\/old.szpitaltoszek.pl\/index.php?rest_route=\/wp\/v2\/pages\/4928\/revisions"}],"predecessor-version":[{"id":9155,"href":"https:\/\/old.szpitaltoszek.pl\/index.php?rest_route=\/wp\/v2\/pages\/4928\/revisions\/9155"}],"wp:attachment":[{"href":"https:\/\/old.szpitaltoszek.pl\/index.php?rest_route=%2Fwp%2Fv2%2Fmedia&parent=4928"}],"curies":[{"name":"wp","href":"https:\/\/api.w.org\/{rel}","templated":true}]}}