{"id":448,"date":"2012-05-15T08:24:20","date_gmt":"2012-05-15T06:24:20","guid":{"rendered":"https:\/\/old.szpitaltoszek.pl\/?page_id=448"},"modified":"2023-11-16T12:31:57","modified_gmt":"2023-11-16T11:31:57","slug":"xvi-rehabilitacji-psychiatrycznej-w-dabrowce","status":"publish","type":"page","link":"https:\/\/old.szpitaltoszek.pl\/?page_id=448","title":{"rendered":"Oddzia\u0142 XVI Rehabilitacji Psychiatrycznej w D\u0105br\u00f3wce"},"content":{"rendered":"<p>ul. Rezerwat Przyrody Hubertus, 44-187 D\u0105br\u00f3wka Hubertus<br \/>\nnr tel.\/fax. 32 233 48 38<\/p>\n<p><strong>adres do korespondencji:<\/strong><br \/>\nSP ZOZ Szpital Psychiatryczny<br \/>\nul. Gliwicka 5, 44-180 Toszek<\/p>\n<p>Oddzia\u0142 dysponuje 40 \u0142\u00f3\u017ckami dla os\u00f3b maj\u0105cych trudno\u015bci w kontakcie z innymi lud\u017ami nie radz\u0105cych sobie z trudno\u015bciami codziennego \u017cycia, cz\u0119sto nie posiadaj\u0105cych oparcia w najbli\u017cszym \u015brodowisku, chorymi na zaburzenia afektywne i schizofreni\u0119.<\/p>\n<p>Nad przebiegiem leczenia i rehabilitacji czuwaj\u0105 lekarze psychiatrzy, psycholog, piel\u0119gniarki, terapeuci zaj\u0119ciowi.<\/p>\n<p>W oddziale proponowane s\u0105:<\/p>\n<ul>\n<li>Treningi umiej\u0119tno\u015bci spo\u0142ecznych i interpersonalnych,<\/li>\n<li>Treningi umiej\u0119tno\u015bci rozwi\u0105zywania problem\u00f3w,<\/li>\n<li>Treningi praktycznych umiej\u0119tno\u015bci zwi\u0105zanych z codziennym funkcjonowaniem w \u015brodowisku,<\/li>\n<li>Zaj\u0119cia psychoedukacyjne<\/li>\n<li>Muzykoterapia<\/li>\n<li>Terapia zaj\u0119ciowa<\/li>\n<li>Zaj\u0119cia rekreacyjne<\/li>\n<\/ul>\n<p>Ka\u017cdy pacjent ma mo\u017cliwo\u015b\u0107 indywidualnego kontaktu terapeutycznego.<\/p>\n<p><strong>Kierownik medyczny oddzia\u0142u<br \/>\n<\/strong>lek. med. Przemys\u0142aw Frey<\/p>\n<p><strong>Piel\u0119gniarka Oddzia\u0142owa<br \/>\n<\/strong>Aleksandra Janysek-Pisarek<\/p>\n<p>tel. 32 233 48 38<br \/>\ne-mail: <a href=\"mailto:dabrowka@szpitaltoszek.pl\">dabrowka@szpitaltoszek.pl<\/a><\/p>\n<hr \/>\n<h5><strong><a href=\"https:\/\/old.szpitaltoszek.pl\/?page_id=13\">&lt;&#8212;powr\u00f3t do listy oddzia\u0142\u00f3w<\/a><\/strong><\/h5>\n","protected":false},"excerpt":{"rendered":"<p>ul. Rezerwat Przyrody Hubertus, 44-187 D\u0105br\u00f3wka Hubertus nr tel.\/fax. 32 233 48 38 adres do korespondencji: SP ZOZ Szpital Psychiatryczny ul. Gliwicka 5, 44-180 Toszek Oddzia\u0142 dysponuje 40 \u0142\u00f3\u017ckami dla os\u00f3b maj\u0105cych trudno\u015bci w kontakcie z innymi lud\u017ami nie radz\u0105cych &hellip; <a href=\"https:\/\/old.szpitaltoszek.pl\/?page_id=448\">Czytaj dalej <span class=\"meta-nav\">&rarr;<\/span><\/a><\/p>\n","protected":false},"author":1,"featured_media":0,"parent":13,"menu_order":16,"comment_status":"closed","ping_status":"closed","template":"","meta":{"footnotes":""},"class_list":["post-448","page","type-page","status-publish","hentry"],"_links":{"self":[{"href":"https:\/\/old.szpitaltoszek.pl\/index.php?rest_route=\/wp\/v2\/pages\/448","targetHints":{"allow":["GET"]}}],"collection":[{"href":"https:\/\/old.szpitaltoszek.pl\/index.php?rest_route=\/wp\/v2\/pages"}],"about":[{"href":"https:\/\/old.szpitaltoszek.pl\/index.php?rest_route=\/wp\/v2\/types\/page"}],"author":[{"embeddable":true,"href":"https:\/\/old.szpitaltoszek.pl\/index.php?rest_route=\/wp\/v2\/users\/1"}],"replies":[{"embeddable":true,"href":"https:\/\/old.szpitaltoszek.pl\/index.php?rest_route=%2Fwp%2Fv2%2Fcomments&post=448"}],"version-history":[{"count":17,"href":"https:\/\/old.szpitaltoszek.pl\/index.php?rest_route=\/wp\/v2\/pages\/448\/revisions"}],"predecessor-version":[{"id":9219,"href":"https:\/\/old.szpitaltoszek.pl\/index.php?rest_route=\/wp\/v2\/pages\/448\/revisions\/9219"}],"up":[{"embeddable":true,"href":"https:\/\/old.szpitaltoszek.pl\/index.php?rest_route=\/wp\/v2\/pages\/13"}],"wp:attachment":[{"href":"https:\/\/old.szpitaltoszek.pl\/index.php?rest_route=%2Fwp%2Fv2%2Fmedia&parent=448"}],"curies":[{"name":"wp","href":"https:\/\/api.w.org\/{rel}","templated":true}]}}