{"id":444,"date":"2012-05-15T08:21:37","date_gmt":"2012-05-15T06:21:37","guid":{"rendered":"https:\/\/old.szpitaltoszek.pl\/?page_id=444"},"modified":"2025-01-20T09:58:48","modified_gmt":"2025-01-20T08:58:48","slug":"xiv-psychiatryczny-przewlekly","status":"publish","type":"page","link":"https:\/\/old.szpitaltoszek.pl\/?page_id=444","title":{"rendered":"Oddzia\u0142 XI Psychiatryczny Przewlek\u0142y, odcinek XIB"},"content":{"rendered":"<p><strong>Kierownik medyczny oddzia\u0142u<br \/>\n<\/strong>lek. med. Piotr Dworaczek<\/p>\n<p><strong>Piel\u0119gniarka Oddzia\u0142owa<br \/>\n<\/strong>El\u017cbieta Tulczyjew<\/p>\n<p>tel. 32 233 41 12<br \/>\nGabinet piel\u0119gniarski: 235, 236<br \/>\ne-mail: <a href=\"mailto:oddzial.11b@szpitaltoszek.pl\">oddzial.11b@szpitaltoszek.pl<\/a><\/p>\n<p><strong>Telefon dla pacjent\u00f3w:\u00a0<\/strong>wew. 388<\/p>\n<hr \/>\n<h5><strong><a href=\"https:\/\/old.szpitaltoszek.pl\/?page_id=13\">&lt;&#8212;powr\u00f3t do listy oddzia\u0142\u00f3w<\/a><\/strong><\/h5>\n","protected":false},"excerpt":{"rendered":"<p>Kierownik medyczny oddzia\u0142u lek. med. Piotr Dworaczek Piel\u0119gniarka Oddzia\u0142owa El\u017cbieta Tulczyjew tel. 32 233 41 12 Gabinet piel\u0119gniarski: 235, 236 e-mail: oddzial.11b@szpitaltoszek.pl Telefon dla pacjent\u00f3w:\u00a0wew. 388 &lt;&#8212;powr\u00f3t do listy oddzia\u0142\u00f3w<\/p>\n","protected":false},"author":1,"featured_media":0,"parent":13,"menu_order":14,"comment_status":"closed","ping_status":"closed","template":"","meta":{"footnotes":""},"class_list":["post-444","page","type-page","status-publish","hentry"],"_links":{"self":[{"href":"https:\/\/old.szpitaltoszek.pl\/index.php?rest_route=\/wp\/v2\/pages\/444","targetHints":{"allow":["GET"]}}],"collection":[{"href":"https:\/\/old.szpitaltoszek.pl\/index.php?rest_route=\/wp\/v2\/pages"}],"about":[{"href":"https:\/\/old.szpitaltoszek.pl\/index.php?rest_route=\/wp\/v2\/types\/page"}],"author":[{"embeddable":true,"href":"https:\/\/old.szpitaltoszek.pl\/index.php?rest_route=\/wp\/v2\/users\/1"}],"replies":[{"embeddable":true,"href":"https:\/\/old.szpitaltoszek.pl\/index.php?rest_route=%2Fwp%2Fv2%2Fcomments&post=444"}],"version-history":[{"count":23,"href":"https:\/\/old.szpitaltoszek.pl\/index.php?rest_route=\/wp\/v2\/pages\/444\/revisions"}],"predecessor-version":[{"id":11424,"href":"https:\/\/old.szpitaltoszek.pl\/index.php?rest_route=\/wp\/v2\/pages\/444\/revisions\/11424"}],"up":[{"embeddable":true,"href":"https:\/\/old.szpitaltoszek.pl\/index.php?rest_route=\/wp\/v2\/pages\/13"}],"wp:attachment":[{"href":"https:\/\/old.szpitaltoszek.pl\/index.php?rest_route=%2Fwp%2Fv2%2Fmedia&parent=444"}],"curies":[{"name":"wp","href":"https:\/\/api.w.org\/{rel}","templated":true}]}}