{"id":440,"date":"2012-05-15T08:19:57","date_gmt":"2012-05-15T06:19:57","guid":{"rendered":"https:\/\/old.szpitaltoszek.pl\/?page_id=440"},"modified":"2024-01-17T11:07:46","modified_gmt":"2024-01-17T10:07:46","slug":"xii-detoksykacji-alkoholowej","status":"publish","type":"page","link":"https:\/\/old.szpitaltoszek.pl\/?page_id=440","title":{"rendered":"Oddzia\u0142 XII Detoksykacji Alkoholowej"},"content":{"rendered":"<p><strong>Kierownik medyczny oddzia\u0142u<br \/>\n<\/strong>lek. med. Serhii Masiuk<\/p>\n<p><span style=\"color: #000000;\"><b>Piel\u0119gniarka Oddzia\u0142owa<\/b><\/span><br \/>\nElwira Giemza<\/p>\n<p>tel. 32 233 41 12<br \/>\nGabinet lekarski: 203<br \/>\nGabinet piel\u0119gniarski: 232<br \/>\ne-mail: <a href=\"mailto:oddzial.12@szpitaltoszek.pl\">oddzial.12@szpitaltoszek.pl<\/a><\/p>\n<p><strong>Telefon dla pacjent\u00f3w:\u00a0<\/strong>wew. 377<\/p>\n<hr \/>\n<h5><strong><a href=\"https:\/\/old.szpitaltoszek.pl\/?page_id=13\">&lt;&#8212;powr\u00f3t do listy oddzia\u0142\u00f3w<\/a><\/strong><\/h5>\n","protected":false},"excerpt":{"rendered":"<p>Kierownik medyczny oddzia\u0142u lek. med. Serhii Masiuk Piel\u0119gniarka Oddzia\u0142owa Elwira Giemza tel. 32 233 41 12 Gabinet lekarski: 203 Gabinet piel\u0119gniarski: 232 e-mail: oddzial.12@szpitaltoszek.pl Telefon dla pacjent\u00f3w:\u00a0wew. 377 &lt;&#8212;powr\u00f3t do listy oddzia\u0142\u00f3w<\/p>\n","protected":false},"author":1,"featured_media":0,"parent":13,"menu_order":12,"comment_status":"closed","ping_status":"closed","template":"","meta":{"footnotes":""},"class_list":["post-440","page","type-page","status-publish","hentry"],"_links":{"self":[{"href":"https:\/\/old.szpitaltoszek.pl\/index.php?rest_route=\/wp\/v2\/pages\/440","targetHints":{"allow":["GET"]}}],"collection":[{"href":"https:\/\/old.szpitaltoszek.pl\/index.php?rest_route=\/wp\/v2\/pages"}],"about":[{"href":"https:\/\/old.szpitaltoszek.pl\/index.php?rest_route=\/wp\/v2\/types\/page"}],"author":[{"embeddable":true,"href":"https:\/\/old.szpitaltoszek.pl\/index.php?rest_route=\/wp\/v2\/users\/1"}],"replies":[{"embeddable":true,"href":"https:\/\/old.szpitaltoszek.pl\/index.php?rest_route=%2Fwp%2Fv2%2Fcomments&post=440"}],"version-history":[{"count":18,"href":"https:\/\/old.szpitaltoszek.pl\/index.php?rest_route=\/wp\/v2\/pages\/440\/revisions"}],"predecessor-version":[{"id":9374,"href":"https:\/\/old.szpitaltoszek.pl\/index.php?rest_route=\/wp\/v2\/pages\/440\/revisions\/9374"}],"up":[{"embeddable":true,"href":"https:\/\/old.szpitaltoszek.pl\/index.php?rest_route=\/wp\/v2\/pages\/13"}],"wp:attachment":[{"href":"https:\/\/old.szpitaltoszek.pl\/index.php?rest_route=%2Fwp%2Fv2%2Fmedia&parent=440"}],"curies":[{"name":"wp","href":"https:\/\/api.w.org\/{rel}","templated":true}]}}