{"id":438,"date":"2012-05-15T08:18:23","date_gmt":"2012-05-15T06:18:23","guid":{"rendered":"https:\/\/old.szpitaltoszek.pl\/?page_id=438"},"modified":"2025-01-10T10:40:23","modified_gmt":"2025-01-10T09:40:23","slug":"xi-psychiatryczny-przewlekly","status":"publish","type":"page","link":"https:\/\/old.szpitaltoszek.pl\/?page_id=438","title":{"rendered":"Oddzia\u0142 XI Psychiatryczny Przewlek\u0142y, odcinek XIA"},"content":{"rendered":"<p><strong>Kierownik medyczny oddzia\u0142u<br \/>\n<\/strong>lek. med. Karolina Jagoda<\/p>\n<p><span style=\"color: #000000;\"><b>Piel\u0119gniarka Oddzia\u0142owa<\/b><\/span><br \/>\nEwa \u0141\u0119gowska<\/p>\n<p>tel. 32 233 41 12<br \/>\nGabinet lekarski: 327<br \/>\nGabinet piel\u0119gniarski: 231<br \/>\ne-mail: <a href=\"mailto:oddzial.11a@szpitaltoszek.pl\">oddzial.11a@szpitaltoszek.pl<\/a><\/p>\n<p><strong>Telefon dla pacjent\u00f3w:\u00a0<\/strong>wew. 389<\/p>\n<hr \/>\n<h5><strong><a href=\"https:\/\/old.szpitaltoszek.pl\/?page_id=13\">&lt;&#8212;powr\u00f3t do listy oddzia\u0142\u00f3w<\/a><\/strong><\/h5>\n","protected":false},"excerpt":{"rendered":"<p>Kierownik medyczny oddzia\u0142u lek. med. Karolina Jagoda Piel\u0119gniarka Oddzia\u0142owa Ewa \u0141\u0119gowska tel. 32 233 41 12 Gabinet lekarski: 327 Gabinet piel\u0119gniarski: 231 e-mail: oddzial.11a@szpitaltoszek.pl Telefon dla pacjent\u00f3w:\u00a0wew. 389 &lt;&#8212;powr\u00f3t do listy oddzia\u0142\u00f3w<\/p>\n","protected":false},"author":1,"featured_media":0,"parent":13,"menu_order":11,"comment_status":"closed","ping_status":"closed","template":"","meta":{"footnotes":""},"class_list":["post-438","page","type-page","status-publish","hentry"],"_links":{"self":[{"href":"https:\/\/old.szpitaltoszek.pl\/index.php?rest_route=\/wp\/v2\/pages\/438","targetHints":{"allow":["GET"]}}],"collection":[{"href":"https:\/\/old.szpitaltoszek.pl\/index.php?rest_route=\/wp\/v2\/pages"}],"about":[{"href":"https:\/\/old.szpitaltoszek.pl\/index.php?rest_route=\/wp\/v2\/types\/page"}],"author":[{"embeddable":true,"href":"https:\/\/old.szpitaltoszek.pl\/index.php?rest_route=\/wp\/v2\/users\/1"}],"replies":[{"embeddable":true,"href":"https:\/\/old.szpitaltoszek.pl\/index.php?rest_route=%2Fwp%2Fv2%2Fcomments&post=438"}],"version-history":[{"count":17,"href":"https:\/\/old.szpitaltoszek.pl\/index.php?rest_route=\/wp\/v2\/pages\/438\/revisions"}],"predecessor-version":[{"id":11385,"href":"https:\/\/old.szpitaltoszek.pl\/index.php?rest_route=\/wp\/v2\/pages\/438\/revisions\/11385"}],"up":[{"embeddable":true,"href":"https:\/\/old.szpitaltoszek.pl\/index.php?rest_route=\/wp\/v2\/pages\/13"}],"wp:attachment":[{"href":"https:\/\/old.szpitaltoszek.pl\/index.php?rest_route=%2Fwp%2Fv2%2Fmedia&parent=438"}],"curies":[{"name":"wp","href":"https:\/\/api.w.org\/{rel}","templated":true}]}}