{"id":432,"date":"2012-05-15T08:14:09","date_gmt":"2012-05-15T06:14:09","guid":{"rendered":"https:\/\/old.szpitaltoszek.pl\/?page_id=432"},"modified":"2024-01-17T11:07:02","modified_gmt":"2024-01-17T10:07:02","slug":"viii-internistyczny","status":"publish","type":"page","link":"https:\/\/old.szpitaltoszek.pl\/?page_id=432","title":{"rendered":"Oddzia\u0142 VIII Internistyczny"},"content":{"rendered":"<p><strong>Kierownik medyczny oddzia\u0142u<br \/>\n<\/strong>dr n.med. Stanis\u0142aw Skubis<\/p>\n<p><span style=\"color: #000000;\"><b>Piel\u0119gniarka Oddzia\u0142owa<\/b><\/span><br \/>\nAniela Ko\u0142acka<\/p>\n<p>tel. 32 233 41 12<br \/>\nGabinet lekarski: 283<br \/>\nGabinet piel\u0119gniarski: 228<br \/>\ne-mail: <a href=\"mailto:interna@szpitaltoszek.pl\">interna@szpitaltoszek.pl<\/a><\/p>\n<p><strong>Telefon dla pacjent\u00f3w:\u00a0<\/strong>wew. 376<\/p>\n<hr \/>\n<h5><strong><a href=\"https:\/\/old.szpitaltoszek.pl\/?page_id=13\">&lt;&#8212;powr\u00f3t do listy oddzia\u0142\u00f3w<\/a><\/strong><\/h5>\n","protected":false},"excerpt":{"rendered":"<p>Kierownik medyczny oddzia\u0142u dr n.med. Stanis\u0142aw Skubis Piel\u0119gniarka Oddzia\u0142owa Aniela Ko\u0142acka tel. 32 233 41 12 Gabinet lekarski: 283 Gabinet piel\u0119gniarski: 228 e-mail: interna@szpitaltoszek.pl Telefon dla pacjent\u00f3w:\u00a0wew. 376 &lt;&#8212;powr\u00f3t do listy oddzia\u0142\u00f3w<\/p>\n","protected":false},"author":1,"featured_media":0,"parent":13,"menu_order":8,"comment_status":"closed","ping_status":"closed","template":"","meta":{"footnotes":""},"class_list":["post-432","page","type-page","status-publish","hentry"],"_links":{"self":[{"href":"https:\/\/old.szpitaltoszek.pl\/index.php?rest_route=\/wp\/v2\/pages\/432","targetHints":{"allow":["GET"]}}],"collection":[{"href":"https:\/\/old.szpitaltoszek.pl\/index.php?rest_route=\/wp\/v2\/pages"}],"about":[{"href":"https:\/\/old.szpitaltoszek.pl\/index.php?rest_route=\/wp\/v2\/types\/page"}],"author":[{"embeddable":true,"href":"https:\/\/old.szpitaltoszek.pl\/index.php?rest_route=\/wp\/v2\/users\/1"}],"replies":[{"embeddable":true,"href":"https:\/\/old.szpitaltoszek.pl\/index.php?rest_route=%2Fwp%2Fv2%2Fcomments&post=432"}],"version-history":[{"count":19,"href":"https:\/\/old.szpitaltoszek.pl\/index.php?rest_route=\/wp\/v2\/pages\/432\/revisions"}],"predecessor-version":[{"id":9370,"href":"https:\/\/old.szpitaltoszek.pl\/index.php?rest_route=\/wp\/v2\/pages\/432\/revisions\/9370"}],"up":[{"embeddable":true,"href":"https:\/\/old.szpitaltoszek.pl\/index.php?rest_route=\/wp\/v2\/pages\/13"}],"wp:attachment":[{"href":"https:\/\/old.szpitaltoszek.pl\/index.php?rest_route=%2Fwp%2Fv2%2Fmedia&parent=432"}],"curies":[{"name":"wp","href":"https:\/\/api.w.org\/{rel}","templated":true}]}}