{"id":430,"date":"2012-05-15T08:13:06","date_gmt":"2012-05-15T06:13:06","guid":{"rendered":"https:\/\/old.szpitaltoszek.pl\/?page_id=430"},"modified":"2025-01-10T10:39:46","modified_gmt":"2025-01-10T09:39:46","slug":"vii-sadowo-odwykowy-o-wzmocnionym-zabezpieczeniu","status":"publish","type":"page","link":"https:\/\/old.szpitaltoszek.pl\/?page_id=430","title":{"rendered":"Oddzia\u0142 VII Psychiatryczny S\u0105dowy Odwykowy"},"content":{"rendered":"<p><strong>Kierownik medyczny oddzia\u0142u<br \/>\n<\/strong>lek. med. Anna Rusek<\/p>\n<p><span style=\"color: #000000;\"><b>Piel\u0119gniarka Oddzia\u0142owa<\/b><\/span><br \/>\nMa\u0142gorzata Majkut-Maron<\/p>\n<p>tel. 32 233 41 12<br \/>\nGabinet lekarski: 300<br \/>\nGabinet piel\u0119gniarski: 227<br \/>\ne-mail: <a href=\"mailto:oddzial.7@szpitaltoszek.pl\">oddzial.7@szpitaltoszek.pl<\/a><\/p>\n<p><strong>Telefon dla pacjent\u00f3w:\u00a0<\/strong>wew. 386<\/p>\n<hr \/>\n<h5><strong><a href=\"https:\/\/old.szpitaltoszek.pl\/?page_id=13\">&lt;&#8212;powr\u00f3t do listy oddzia\u0142\u00f3w<\/a><\/strong><\/h5>\n","protected":false},"excerpt":{"rendered":"<p>Kierownik medyczny oddzia\u0142u lek. med. Anna Rusek Piel\u0119gniarka Oddzia\u0142owa Ma\u0142gorzata Majkut-Maron tel. 32 233 41 12 Gabinet lekarski: 300 Gabinet piel\u0119gniarski: 227 e-mail: oddzial.7@szpitaltoszek.pl Telefon dla pacjent\u00f3w:\u00a0wew. 386 &lt;&#8212;powr\u00f3t do listy oddzia\u0142\u00f3w<\/p>\n","protected":false},"author":1,"featured_media":0,"parent":13,"menu_order":7,"comment_status":"closed","ping_status":"closed","template":"","meta":{"footnotes":""},"class_list":["post-430","page","type-page","status-publish","hentry"],"_links":{"self":[{"href":"https:\/\/old.szpitaltoszek.pl\/index.php?rest_route=\/wp\/v2\/pages\/430","targetHints":{"allow":["GET"]}}],"collection":[{"href":"https:\/\/old.szpitaltoszek.pl\/index.php?rest_route=\/wp\/v2\/pages"}],"about":[{"href":"https:\/\/old.szpitaltoszek.pl\/index.php?rest_route=\/wp\/v2\/types\/page"}],"author":[{"embeddable":true,"href":"https:\/\/old.szpitaltoszek.pl\/index.php?rest_route=\/wp\/v2\/users\/1"}],"replies":[{"embeddable":true,"href":"https:\/\/old.szpitaltoszek.pl\/index.php?rest_route=%2Fwp%2Fv2%2Fcomments&post=430"}],"version-history":[{"count":17,"href":"https:\/\/old.szpitaltoszek.pl\/index.php?rest_route=\/wp\/v2\/pages\/430\/revisions"}],"predecessor-version":[{"id":11384,"href":"https:\/\/old.szpitaltoszek.pl\/index.php?rest_route=\/wp\/v2\/pages\/430\/revisions\/11384"}],"up":[{"embeddable":true,"href":"https:\/\/old.szpitaltoszek.pl\/index.php?rest_route=\/wp\/v2\/pages\/13"}],"wp:attachment":[{"href":"https:\/\/old.szpitaltoszek.pl\/index.php?rest_route=%2Fwp%2Fv2%2Fmedia&parent=430"}],"curies":[{"name":"wp","href":"https:\/\/api.w.org\/{rel}","templated":true}]}}