{"id":4278,"date":"2018-01-16T08:46:53","date_gmt":"2018-01-16T07:46:53","guid":{"rendered":"https:\/\/old.szpitaltoszek.pl\/?page_id=4278"},"modified":"2018-09-28T08:04:52","modified_gmt":"2018-09-28T06:04:52","slug":"konkursy","status":"publish","type":"page","link":"https:\/\/old.szpitaltoszek.pl\/?page_id=4278","title":{"rendered":"Konkursy"},"content":{"rendered":"<p><a href=\"https:\/\/old.szpitaltoszek.pl\/?cat=23\">Konkursy aktualne<\/a><br \/>\n<a href=\"https:\/\/old.szpitaltoszek.pl\/?cat=43\"> Konkursy &#8211; archiwum<\/a><\/p>\n<p>&nbsp;<\/p>\n<hr \/>\n<h5><a href=\"https:\/\/old.szpitaltoszek.pl\/\">&lt;&#8212;powr\u00f3t do strony g\u0142\u00f3wnej<\/a><\/h5>\n","protected":false},"excerpt":{"rendered":"<p>Konkursy aktualne Konkursy &#8211; archiwum &nbsp; &lt;&#8212;powr\u00f3t do strony g\u0142\u00f3wnej<\/p>\n","protected":false},"author":1,"featured_media":0,"parent":0,"menu_order":0,"comment_status":"closed","ping_status":"closed","template":"","meta":{"footnotes":""},"class_list":["post-4278","page","type-page","status-publish","hentry"],"_links":{"self":[{"href":"https:\/\/old.szpitaltoszek.pl\/index.php?rest_route=\/wp\/v2\/pages\/4278","targetHints":{"allow":["GET"]}}],"collection":[{"href":"https:\/\/old.szpitaltoszek.pl\/index.php?rest_route=\/wp\/v2\/pages"}],"about":[{"href":"https:\/\/old.szpitaltoszek.pl\/index.php?rest_route=\/wp\/v2\/types\/page"}],"author":[{"embeddable":true,"href":"https:\/\/old.szpitaltoszek.pl\/index.php?rest_route=\/wp\/v2\/users\/1"}],"replies":[{"embeddable":true,"href":"https:\/\/old.szpitaltoszek.pl\/index.php?rest_route=%2Fwp%2Fv2%2Fcomments&post=4278"}],"version-history":[{"count":4,"href":"https:\/\/old.szpitaltoszek.pl\/index.php?rest_route=\/wp\/v2\/pages\/4278\/revisions"}],"predecessor-version":[{"id":5051,"href":"https:\/\/old.szpitaltoszek.pl\/index.php?rest_route=\/wp\/v2\/pages\/4278\/revisions\/5051"}],"wp:attachment":[{"href":"https:\/\/old.szpitaltoszek.pl\/index.php?rest_route=%2Fwp%2Fv2%2Fmedia&parent=4278"}],"curies":[{"name":"wp","href":"https:\/\/api.w.org\/{rel}","templated":true}]}}