{"id":426,"date":"2012-05-15T08:10:15","date_gmt":"2012-05-15T06:10:15","guid":{"rendered":"https:\/\/old.szpitaltoszek.pl\/?page_id=426"},"modified":"2024-01-24T13:06:31","modified_gmt":"2024-01-24T12:06:31","slug":"v-psychiatryczny-sadowy-o-wzmocnionym-zabezpieczeniu","status":"publish","type":"page","link":"https:\/\/old.szpitaltoszek.pl\/?page_id=426","title":{"rendered":"Oddzia\u0142 V Psychiatryczny S\u0105dowy, odcinek VA"},"content":{"rendered":"<p><strong>Kierownik medyczny oddzia\u0142u<br \/>\n<\/strong>lek. med. Dawid Wierzba<\/p>\n<p><span style=\"color: #000000;\"><b>Piel\u0119gniarka Oddzia\u0142owa<\/b><\/span><br \/>\nEwa Zab\u0142ocka<\/p>\n<p>tel. 32 233 41 12<br \/>\nGabinet piel\u0119gniarski: 225<br \/>\ne-mail: <a href=\"mailto:oddzial.5a@szpitaltoszek.pl\">oddzial.5a@szpitaltoszek.pl<\/a><\/p>\n<p><strong>Telefon dla pacjent\u00f3w:\u00a0<\/strong>wew. 384<\/p>\n<hr \/>\n<h5><strong><a href=\"https:\/\/old.szpitaltoszek.pl\/?page_id=13\">&lt;&#8212;powr\u00f3t do listy oddzia\u0142\u00f3w<\/a><\/strong><\/h5>\n","protected":false},"excerpt":{"rendered":"<p>Kierownik medyczny oddzia\u0142u lek. med. Dawid Wierzba Piel\u0119gniarka Oddzia\u0142owa Ewa Zab\u0142ocka tel. 32 233 41 12 Gabinet piel\u0119gniarski: 225 e-mail: oddzial.5a@szpitaltoszek.pl Telefon dla pacjent\u00f3w:\u00a0wew. 384 &lt;&#8212;powr\u00f3t do listy oddzia\u0142\u00f3w<\/p>\n","protected":false},"author":1,"featured_media":0,"parent":13,"menu_order":5,"comment_status":"closed","ping_status":"closed","template":"","meta":{"footnotes":""},"class_list":["post-426","page","type-page","status-publish","hentry"],"_links":{"self":[{"href":"https:\/\/old.szpitaltoszek.pl\/index.php?rest_route=\/wp\/v2\/pages\/426","targetHints":{"allow":["GET"]}}],"collection":[{"href":"https:\/\/old.szpitaltoszek.pl\/index.php?rest_route=\/wp\/v2\/pages"}],"about":[{"href":"https:\/\/old.szpitaltoszek.pl\/index.php?rest_route=\/wp\/v2\/types\/page"}],"author":[{"embeddable":true,"href":"https:\/\/old.szpitaltoszek.pl\/index.php?rest_route=\/wp\/v2\/users\/1"}],"replies":[{"embeddable":true,"href":"https:\/\/old.szpitaltoszek.pl\/index.php?rest_route=%2Fwp%2Fv2%2Fcomments&post=426"}],"version-history":[{"count":18,"href":"https:\/\/old.szpitaltoszek.pl\/index.php?rest_route=\/wp\/v2\/pages\/426\/revisions"}],"predecessor-version":[{"id":9446,"href":"https:\/\/old.szpitaltoszek.pl\/index.php?rest_route=\/wp\/v2\/pages\/426\/revisions\/9446"}],"up":[{"embeddable":true,"href":"https:\/\/old.szpitaltoszek.pl\/index.php?rest_route=\/wp\/v2\/pages\/13"}],"wp:attachment":[{"href":"https:\/\/old.szpitaltoszek.pl\/index.php?rest_route=%2Fwp%2Fv2%2Fmedia&parent=426"}],"curies":[{"name":"wp","href":"https:\/\/api.w.org\/{rel}","templated":true}]}}