{"id":424,"date":"2012-05-15T08:09:07","date_gmt":"2012-05-15T06:09:07","guid":{"rendered":"https:\/\/old.szpitaltoszek.pl\/?page_id=424"},"modified":"2024-01-17T11:04:57","modified_gmt":"2024-01-17T10:04:57","slug":"iv-psychiatryczny-ogolny","status":"publish","type":"page","link":"https:\/\/old.szpitaltoszek.pl\/?page_id=424","title":{"rendered":"Oddzia\u0142 III Psychiatryczny Og\u00f3lny, odcinek IIID"},"content":{"rendered":"<p><strong>Kierownik medyczny oddzia\u0142u<br \/>\n<\/strong>lek. med. Roman Janiczek<\/p>\n<p><span style=\"color: #000000;\"><b>Piel\u0119gniarka Oddzia\u0142owa<\/b><\/span><br \/>\nKlaudia Krasucka<\/p>\n<p>tel. 32 233 41 12<br \/>\nGabinet lekarski: 260<br \/>\nGabinet piel\u0119gniarski: 224<br \/>\ne-mail: <a href=\"mailto:oddzial.3d@szpitaltoszek.pl\">oddzial.3d@szpitaltoszek.pl<\/a><\/p>\n<p><strong>Telefon dla pacjent\u00f3w:\u00a0<\/strong>wew. 373<\/p>\n<hr \/>\n<h5><strong><a href=\"https:\/\/old.szpitaltoszek.pl\/?page_id=13\">&lt;&#8212;powr\u00f3t do listy oddzia\u0142\u00f3w<\/a><\/strong><\/h5>\n","protected":false},"excerpt":{"rendered":"<p>Kierownik medyczny oddzia\u0142u lek. med. Roman Janiczek Piel\u0119gniarka Oddzia\u0142owa Klaudia Krasucka tel. 32 233 41 12 Gabinet lekarski: 260 Gabinet piel\u0119gniarski: 224 e-mail: oddzial.3d@szpitaltoszek.pl Telefon dla pacjent\u00f3w:\u00a0wew. 373 &lt;&#8212;powr\u00f3t do listy oddzia\u0142\u00f3w<\/p>\n","protected":false},"author":1,"featured_media":0,"parent":13,"menu_order":4,"comment_status":"closed","ping_status":"closed","template":"","meta":{"footnotes":""},"class_list":["post-424","page","type-page","status-publish","hentry"],"_links":{"self":[{"href":"https:\/\/old.szpitaltoszek.pl\/index.php?rest_route=\/wp\/v2\/pages\/424","targetHints":{"allow":["GET"]}}],"collection":[{"href":"https:\/\/old.szpitaltoszek.pl\/index.php?rest_route=\/wp\/v2\/pages"}],"about":[{"href":"https:\/\/old.szpitaltoszek.pl\/index.php?rest_route=\/wp\/v2\/types\/page"}],"author":[{"embeddable":true,"href":"https:\/\/old.szpitaltoszek.pl\/index.php?rest_route=\/wp\/v2\/users\/1"}],"replies":[{"embeddable":true,"href":"https:\/\/old.szpitaltoszek.pl\/index.php?rest_route=%2Fwp%2Fv2%2Fcomments&post=424"}],"version-history":[{"count":17,"href":"https:\/\/old.szpitaltoszek.pl\/index.php?rest_route=\/wp\/v2\/pages\/424\/revisions"}],"predecessor-version":[{"id":9366,"href":"https:\/\/old.szpitaltoszek.pl\/index.php?rest_route=\/wp\/v2\/pages\/424\/revisions\/9366"}],"up":[{"embeddable":true,"href":"https:\/\/old.szpitaltoszek.pl\/index.php?rest_route=\/wp\/v2\/pages\/13"}],"wp:attachment":[{"href":"https:\/\/old.szpitaltoszek.pl\/index.php?rest_route=%2Fwp%2Fv2%2Fmedia&parent=424"}],"curies":[{"name":"wp","href":"https:\/\/api.w.org\/{rel}","templated":true}]}}