{"id":422,"date":"2012-05-15T08:07:50","date_gmt":"2012-05-15T06:07:50","guid":{"rendered":"https:\/\/old.szpitaltoszek.pl\/?page_id=422"},"modified":"2024-01-17T11:04:32","modified_gmt":"2024-01-17T10:04:32","slug":"iii-psychiatryczny-ogolny","status":"publish","type":"page","link":"https:\/\/old.szpitaltoszek.pl\/?page_id=422","title":{"rendered":"Oddzia\u0142 III Psychiatryczny Og\u00f3lny, odcinek IIIA"},"content":{"rendered":"<p><strong>Kierownik medyczny oddzia\u0142u<br \/>\n<\/strong>lek. med. Wojciech Dworaczek<\/p>\n<p><span style=\"color: #000000;\"><b>Piel\u0119gniarka Oddzia\u0142owa<\/b><\/span><br \/>\nBeata Wrzeciono<\/p>\n<p>tel. 32 233 41 12<br \/>\nGabinet lekarski: 286<br \/>\nGabinet piel\u0119gniarski: 223<br \/>\ne-mail: <a href=\"mailto:oddzial.3a@szpitaltoszek.pl\">oddzial.3a@szpitaltoszek.pl<\/a><\/p>\n<p><strong>Telefon dla pacjent\u00f3w:\u00a0<\/strong>wew. 371<\/p>\n<hr \/>\n<h5><strong><a href=\"https:\/\/old.szpitaltoszek.pl\/?page_id=13\">&lt;&#8212;powr\u00f3t do listy oddzia\u0142\u00f3w<\/a><\/strong><\/h5>\n","protected":false},"excerpt":{"rendered":"<p>Kierownik medyczny oddzia\u0142u lek. med. Wojciech Dworaczek Piel\u0119gniarka Oddzia\u0142owa Beata Wrzeciono tel. 32 233 41 12 Gabinet lekarski: 286 Gabinet piel\u0119gniarski: 223 e-mail: oddzial.3a@szpitaltoszek.pl Telefon dla pacjent\u00f3w:\u00a0wew. 371 &lt;&#8212;powr\u00f3t do listy oddzia\u0142\u00f3w<\/p>\n","protected":false},"author":1,"featured_media":0,"parent":13,"menu_order":3,"comment_status":"closed","ping_status":"closed","template":"","meta":{"footnotes":""},"class_list":["post-422","page","type-page","status-publish","hentry"],"_links":{"self":[{"href":"https:\/\/old.szpitaltoszek.pl\/index.php?rest_route=\/wp\/v2\/pages\/422","targetHints":{"allow":["GET"]}}],"collection":[{"href":"https:\/\/old.szpitaltoszek.pl\/index.php?rest_route=\/wp\/v2\/pages"}],"about":[{"href":"https:\/\/old.szpitaltoszek.pl\/index.php?rest_route=\/wp\/v2\/types\/page"}],"author":[{"embeddable":true,"href":"https:\/\/old.szpitaltoszek.pl\/index.php?rest_route=\/wp\/v2\/users\/1"}],"replies":[{"embeddable":true,"href":"https:\/\/old.szpitaltoszek.pl\/index.php?rest_route=%2Fwp%2Fv2%2Fcomments&post=422"}],"version-history":[{"count":20,"href":"https:\/\/old.szpitaltoszek.pl\/index.php?rest_route=\/wp\/v2\/pages\/422\/revisions"}],"predecessor-version":[{"id":9365,"href":"https:\/\/old.szpitaltoszek.pl\/index.php?rest_route=\/wp\/v2\/pages\/422\/revisions\/9365"}],"up":[{"embeddable":true,"href":"https:\/\/old.szpitaltoszek.pl\/index.php?rest_route=\/wp\/v2\/pages\/13"}],"wp:attachment":[{"href":"https:\/\/old.szpitaltoszek.pl\/index.php?rest_route=%2Fwp%2Fv2%2Fmedia&parent=422"}],"curies":[{"name":"wp","href":"https:\/\/api.w.org\/{rel}","templated":true}]}}