{"id":415,"date":"2012-05-15T08:04:51","date_gmt":"2012-05-15T06:04:51","guid":{"rendered":"https:\/\/old.szpitaltoszek.pl\/?page_id=415"},"modified":"2022-04-21T13:02:43","modified_gmt":"2022-04-21T11:02:43","slug":"i-psychiatryczny-ogolny","status":"publish","type":"page","link":"https:\/\/old.szpitaltoszek.pl\/?page_id=415","title":{"rendered":"Oddzia\u0142 III Psychiatryczny Og\u00f3lny, odcinek IIIB"},"content":{"rendered":"<p><strong>Kierownik medyczny oddzia\u0142u<br \/>\n<\/strong>lek. med. Agnieszka Leyko<\/p>\n<p><span style=\"color: #000000;\"><b>Piel\u0119gniarka Oddzia\u0142owa<br \/>\n<\/b><\/span>Sylwia Podbro\u017cna<\/p>\n<p>tel. 32 233 41 12<br \/>\nGabinet lekarski: 281<br \/>\nGabinet piel\u0119gniarski: 221<br \/>\ne-mail: <a href=\"mailto:oddzial.3b@szpitaltoszek.pl\">oddzial.3b@szpitaltoszek.pl<\/a><\/p>\n<hr \/>\n<h5><strong><a href=\"https:\/\/old.szpitaltoszek.pl\/?page_id=13\">&lt;&#8212;powr\u00f3t do listy oddzia\u0142\u00f3w<\/a><\/strong><\/h5>\n","protected":false},"excerpt":{"rendered":"<p>Kierownik medyczny oddzia\u0142u lek. med. Agnieszka Leyko Piel\u0119gniarka Oddzia\u0142owa Sylwia Podbro\u017cna tel. 32 233 41 12 Gabinet lekarski: 281 Gabinet piel\u0119gniarski: 221 e-mail: oddzial.3b@szpitaltoszek.pl &lt;&#8212;powr\u00f3t do listy oddzia\u0142\u00f3w<\/p>\n","protected":false},"author":1,"featured_media":0,"parent":13,"menu_order":1,"comment_status":"closed","ping_status":"closed","template":"","meta":{"footnotes":""},"class_list":["post-415","page","type-page","status-publish","hentry"],"_links":{"self":[{"href":"https:\/\/old.szpitaltoszek.pl\/index.php?rest_route=\/wp\/v2\/pages\/415","targetHints":{"allow":["GET"]}}],"collection":[{"href":"https:\/\/old.szpitaltoszek.pl\/index.php?rest_route=\/wp\/v2\/pages"}],"about":[{"href":"https:\/\/old.szpitaltoszek.pl\/index.php?rest_route=\/wp\/v2\/types\/page"}],"author":[{"embeddable":true,"href":"https:\/\/old.szpitaltoszek.pl\/index.php?rest_route=\/wp\/v2\/users\/1"}],"replies":[{"embeddable":true,"href":"https:\/\/old.szpitaltoszek.pl\/index.php?rest_route=%2Fwp%2Fv2%2Fcomments&post=415"}],"version-history":[{"count":18,"href":"https:\/\/old.szpitaltoszek.pl\/index.php?rest_route=\/wp\/v2\/pages\/415\/revisions"}],"predecessor-version":[{"id":8535,"href":"https:\/\/old.szpitaltoszek.pl\/index.php?rest_route=\/wp\/v2\/pages\/415\/revisions\/8535"}],"up":[{"embeddable":true,"href":"https:\/\/old.szpitaltoszek.pl\/index.php?rest_route=\/wp\/v2\/pages\/13"}],"wp:attachment":[{"href":"https:\/\/old.szpitaltoszek.pl\/index.php?rest_route=%2Fwp%2Fv2%2Fmedia&parent=415"}],"curies":[{"name":"wp","href":"https:\/\/api.w.org\/{rel}","templated":true}]}}