{"id":20,"date":"2012-02-08T11:30:43","date_gmt":"2012-02-08T11:30:43","guid":{"rendered":"https:\/\/old.szpitaltoszek.pl\/?page_id=20"},"modified":"2024-07-11T11:25:43","modified_gmt":"2024-07-11T09:25:43","slug":"informacje-dla-pacjentow","status":"publish","type":"page","link":"https:\/\/old.szpitaltoszek.pl\/?page_id=20","title":{"rendered":"Informacje dla pacjent\u00f3w"},"content":{"rendered":"<p><a href=\"https:\/\/old.szpitaltoszek.pl\/pliki\/inne\/wykaz_placowek_otylosc.pdf\" target=\"_blank\" rel=\"noopener\">Szczeg\u00f3\u0142owe informacje dotycz\u0105ce plac\u00f3wek medycznych oraz dost\u0119pnych w nich \u015bwiadcze\u0144 zdrowotnych dla os\u00f3b oty\u0142ych<\/a><\/p>\n<p>&nbsp;<\/p>\n<hr \/>\n<h5><strong><a href=\"https:\/\/old.szpitaltoszek.pl\/?page_id=20\">Informacje dla Pacjent\u00f3w<\/a><br \/>\n<a href=\"https:\/\/old.szpitaltoszek.pl\/?page_id=1218\">Przyj\u0119cie do szpitala<\/a><\/strong><br \/>\n<strong><a href=\"https:\/\/old.szpitaltoszek.pl\/?page_id=1220\">Rzecznik Praw Pacjenta<\/a><\/strong><br \/>\n<strong><a href=\"https:\/\/old.szpitaltoszek.pl\/?page_id=1229\">\u015awiadczenia Opieki Zdrowotnej<\/a><br \/>\n<a href=\"https:\/\/old.szpitaltoszek.pl\/?page_id=5618\">Informacja zwi\u0105zana z Rozporz\u0105dzeniem Ochrony Danych Osobowych<\/a><\/strong><br \/>\n<strong><a href=\"https:\/\/old.szpitaltoszek.pl\/?page_id=1998\">Regulamin odwiedzin Pacjent\u00f3w &#8211; wszystkie oddzia\u0142y<\/a><br \/>\n<a href=\"https:\/\/old.szpitaltoszek.pl\/?page_id=6093\">Terapia zaj\u0119ciowa<\/a><\/strong><\/h5>\n","protected":false},"excerpt":{"rendered":"<p>Szczeg\u00f3\u0142owe informacje dotycz\u0105ce plac\u00f3wek medycznych oraz dost\u0119pnych w nich \u015bwiadcze\u0144 zdrowotnych dla os\u00f3b oty\u0142ych &nbsp; Informacje dla Pacjent\u00f3w Przyj\u0119cie do szpitala Rzecznik Praw Pacjenta \u015awiadczenia Opieki Zdrowotnej Informacja zwi\u0105zana z Rozporz\u0105dzeniem Ochrony Danych Osobowych Regulamin odwiedzin Pacjent\u00f3w &#8211; wszystkie oddzia\u0142y &hellip; <a href=\"https:\/\/old.szpitaltoszek.pl\/?page_id=20\">Czytaj dalej <span class=\"meta-nav\">&rarr;<\/span><\/a><\/p>\n","protected":false},"author":1,"featured_media":0,"parent":0,"menu_order":3,"comment_status":"closed","ping_status":"open","template":"","meta":{"footnotes":""},"class_list":["post-20","page","type-page","status-publish","hentry"],"_links":{"self":[{"href":"https:\/\/old.szpitaltoszek.pl\/index.php?rest_route=\/wp\/v2\/pages\/20","targetHints":{"allow":["GET"]}}],"collection":[{"href":"https:\/\/old.szpitaltoszek.pl\/index.php?rest_route=\/wp\/v2\/pages"}],"about":[{"href":"https:\/\/old.szpitaltoszek.pl\/index.php?rest_route=\/wp\/v2\/types\/page"}],"author":[{"embeddable":true,"href":"https:\/\/old.szpitaltoszek.pl\/index.php?rest_route=\/wp\/v2\/users\/1"}],"replies":[{"embeddable":true,"href":"https:\/\/old.szpitaltoszek.pl\/index.php?rest_route=%2Fwp%2Fv2%2Fcomments&post=20"}],"version-history":[{"count":21,"href":"https:\/\/old.szpitaltoszek.pl\/index.php?rest_route=\/wp\/v2\/pages\/20\/revisions"}],"predecessor-version":[{"id":6097,"href":"https:\/\/old.szpitaltoszek.pl\/index.php?rest_route=\/wp\/v2\/pages\/20\/revisions\/6097"}],"wp:attachment":[{"href":"https:\/\/old.szpitaltoszek.pl\/index.php?rest_route=%2Fwp%2Fv2%2Fmedia&parent=20"}],"curies":[{"name":"wp","href":"https:\/\/api.w.org\/{rel}","templated":true}]}}