{"id":1998,"date":"2015-03-11T10:43:42","date_gmt":"2015-03-11T09:43:42","guid":{"rendered":"https:\/\/old.szpitaltoszek.pl\/?page_id=1998"},"modified":"2024-01-11T08:58:42","modified_gmt":"2024-01-11T07:58:42","slug":"regulamin-odwiedzin-pacjentow-wszystkie-oddzialy","status":"publish","type":"page","link":"https:\/\/old.szpitaltoszek.pl\/?page_id=1998","title":{"rendered":"Regulamin odwiedzin pacjent\u00f3w &#8211; wszystkie oddzia\u0142y"},"content":{"rendered":"<p>1. Odwiedziny pacjent\u00f3w oddzia\u0142\u00f3w w oddzia\u0142ach zalecane s\u0105 w godzinach 9.00 &#8211; 20.00.<br \/>\n2. Osoby odwiedzaj\u0105ce zobowi\u0105zane s\u0105 do przestrzegania regulaminu szpitala.<br \/>\n3. Kontakt z osobami z zewn\u0105trz mo\u017ce odbywa\u0107 si\u0119, za zgod\u0105 Kierownika Medycznego Oddzia\u0142u lub lekarza przez niego upowa\u017cnionego, poza zalecanymi godzinami odwiedzin.<br \/>\n4. Osoby odwiedzaj\u0105ce s\u0105 wpuszczane do oddzia\u0142u przez personel oddzia\u0142u.<br \/>\n5. Osoba odwiedzaj\u0105ca ka\u017cdorazowo zg\u0142asza wizyt\u0119 Piel\u0119gniarce Dy\u017curnej.<br \/>\n6. Ze wzgl\u0119du na warunki przebywania w szpitalu innych pacjent\u00f3w i ich prawa do poszanowania intymno\u015bci &#8211; odwiedziny odbywaj\u0105 si\u0119 w wyznaczonych miejscach w oddziale, np. sto\u0142\u00f3wka, \u015bwietlica.<br \/>\n7. Odwiedziny na salach chorych mog\u0105 si\u0119 odbywa\u0107 w wyj\u0105tkowych sytuacjach, za zgod\u0105 piel\u0119gniarki.<br \/>\n8. Odwiedzaj\u0105cy jest zobowi\u0105zany do podporz\u0105dkowania si\u0119 wszelkim poleceniom personelu szpitalnego.<br \/>\n9, Zakazuje si\u0119 odwiedzin osobom pod wp\u0142ywem alkoholu, narkotyk\u00f3w lub innych \u015brodk\u00f3w odurzaj\u0105cych. Zakazuje si\u0119 wnoszenia i spo\u017cywania na terenie szpitala napoj\u00f3w alkoholowych, palenia wyrob\u00f3w tytoniowych oraz obrotu, posiadania i u\u017cywania narkotyk\u00f3w, \u015brodk\u00f3w odurzaj\u0105cych oraz innych substancji psychoaktywnych.<br \/>\n10. Osoby dotkni\u0119te chorob\u0105 zaka\u017an\u0105 lub infekcj\u0105 dr\u00f3g oddechowych nie powinny odwiedza\u0107 chorego w szpitalu.<br \/>\n11. Dzieci mog\u0105 odwiedza\u0107 pacjent\u00f3w wraz z osob\u0105 doros\u0142\u0105, za zgod\u0105 Kierownika Medycznego Oddzia\u0142u lub lekarza prowadz\u0105cego po podpisaniu o\u015bwiadczenia (druk wydaje piel\u0119gniarka dy\u017curna).<br \/>\n12. Osoby odwiedzaj\u0105ce winny zachowa\u0107 spok\u00f3j i by\u0107 uprzejme wobec innych pacjent\u00f3w, odwiedzaj\u0105cych i personelu.<br \/>\n13. W czasie odwiedzin zabrania si\u0119 siadania na \u0142\u00f3\u017ckach chorych.<br \/>\n14. Fakt przyniesienia artyku\u0142\u00f3w spo\u017cywczych nale\u017cy zg\u0142osi\u0107 piel\u0119gniarce, w celu w\u0142a\u015bciwego ich przechowywania.<br \/>\n15. W szpitalu obowi\u0105zuj\u0105 zakaz pos\u0142ugiwania si\u0119 telefonami kom\u00f3rkowymi w spos\u00f3b naruszaj\u0105cy prawa innych pacjent\u00f3w i personelu szpitala (rejestrowanie obrazu i d\u017awi\u0119ku).<br \/>\n16. W Oddziale Internistycznym na Sali intensywnej opieki medycznej nale\u017cy dodatkowo przestrzega\u0107 nast\u0119puj\u0105cych zasad:<\/p>\n<ul style=\"font-size: 16px;\">\n<li>odwiedziny pacjent\u00f3w tylko za zgod\u0105 personelu,<\/li>\n<li>przy \u0142\u00f3\u017cku chorego nie mo\u017ce przebywa\u0107 wi\u0119cej ni\u017c jedna osoba odwiedzaj\u0105ca,<\/li>\n<li>bez ustalenia z personelem chorych nie wolno karmi\u0107,<\/li>\n<li>w miar\u0119 mo\u017cliwo\u015bci odwiedziny powinny trwa\u0107 jak najkr\u00f3cej,<\/li>\n<li>informacje o stanie zdrowia udziela lekarz prowadz\u0105cy lub dy\u017curny tylko osobom upowa\u017cnionym.<\/li>\n<\/ul>\n<p>17. W Oddzia\u0142ach Psychiatrii S\u0105dowej o Wzmocnionym Zabezpieczeniu odwiedziny odbywaj\u0105 si\u0119 zgodnie z regulaminem oddzia\u0142\u00f3w, z uwzgl\u0119dnieniem ogranicze\u0144 prawa do odwiedzin i dodatkowych zasad wynikaj\u0105cych ze specyfiki oddzia\u0142\u00f3w.<br \/>\n18. Oddzia\u0142 psychiatryczny s\u0105dowy V:<\/p>\n<ul>\n<li><span style=\"line-height: 16px;\">odwiedziny codziennie od 14.00 do 20.00, w weekendy i dni wolne od 10.00 do 20.00 lub za zgod\u0105 Kierownika Medycznego Oddzia\u0142u\/lekarza dy\u017curnego inaczej,<\/span><\/li>\n<li>ze wzgl\u0119du na bezpiecze\u0144stwo odwiedzaj\u0105cych nie zaleca si\u0119 odwiedzin dzieci do lat 7,<\/li>\n<li>w dniu odwiedzin odwiedzaj\u0105cy ma obowi\u0105zek przedstawi\u0107 dokument potwierdzaj\u0105cy to\u017csamo\u015b\u0107,<\/li>\n<\/ul>\n<p>19. Oddzia\u0142 psychiatryczny s\u0105dowy odwykowy VII:<\/p>\n<ul>\n<li><span style=\"line-height: 16px;\">odwiedziny codziennie od 14.00 do 19.00, w weekendy i dni wolne od 10.00 do 19.00, lub za zgod\u0105 Kierownika Medycznego Oddzia\u0142u\/lekarza dy\u017curnego inaczej,<\/span><\/li>\n<li>osoba odwiedzaj\u0105ca jest zobowi\u0105zana ustali\u0107 telefonicznie b\u0105d\u017a osobi\u015bcie termin odwiedzin i w dniu odwiedzin przedstawi\u0107 dokument potwierdzaj\u0105cy to\u017csamo\u015b\u0107,<\/li>\n<li>ze wzgl\u0119du na bezpiecze\u0144stwo odwiedzaj\u0105cych nie zaleca si\u0119 odwiedzin dzieci do lat 7.<\/li>\n<\/ul>\n<p>20. Odzia\u0142 psychiatryczny s\u0105dowy dla nieletnich o wzmocnionym zabezpieczeniu XVII:<\/p>\n<ul>\n<li><span style=\"line-height: 16px;\">odwiedziny odbywaj\u0105 si\u0119 za zgod\u0105 Kierownika Medycznego Oddzia\u0142u lub lekarza dy\u017curnego w dni powszednie od 9.30 do 18.00, w niedziel\u0119 i \u015bwi\u0119ta od 11.00 do 18.00, lub za zgod\u0105 Kierownika Medycznego Oddzia\u0142u\/lekarza dy\u017curnego inaczej,<\/span><\/li>\n<li>jednego pacjenta mog\u0105 odwiedzi\u0107 r\u00f3wnocze\u015bnie najwy\u017cej dwie osoby, lub za zgod\u0105 Kierownika Medycznego Oddzia\u0142u\/lekarza dy\u017curnego inaczej,<\/li>\n<li>osoba odwiedzaj\u0105ca jest zobowi\u0105zana ustali\u0107 telefonicznie b\u0105d\u017a osobi\u015bcie termin odwiedzin i w dniu odwiedzin przedstawi\u0107 dokument potwierdzaj\u0105cy to\u017csamo\u015b\u0107.<\/li>\n<\/ul>\n<p>21. W przypadku wyst\u0105pienia zagro\u017cenia epidemiologicznego kierownik podmiotu leczniczego, ewentualnie upowa\u017cniony przez niego lekarz mo\u017ce wprowadzi\u0107 czasowe ograniczenie lub zakaz odwiedzin.<\/p>\n<hr \/>\n<h5><strong><a href=\"https:\/\/old.szpitaltoszek.pl\/?page_id=20\">Informacje dla Pacjent\u00f3w<\/a><br \/>\n<a href=\"https:\/\/old.szpitaltoszek.pl\/?page_id=1218\">Przyj\u0119cie do szpitala<\/a><\/strong><br \/>\n<strong><a href=\"https:\/\/old.szpitaltoszek.pl\/?page_id=1220\">Rzecznik Praw Pacjenta<\/a><\/strong><br \/>\n<strong><a href=\"https:\/\/old.szpitaltoszek.pl\/?page_id=1229\">\u015awiadczenia Opieki Zdrowotnej<\/a><br \/>\n<a href=\"https:\/\/old.szpitaltoszek.pl\/?page_id=5618\">Informacja zwi\u0105zana z Rozporz\u0105dzeniem Ochrony Danych Osobowych<\/a><\/strong><br \/>\n<strong><a href=\"https:\/\/old.szpitaltoszek.pl\/?page_id=1998\">Regulamin odwiedzin Pacjent\u00f3w &#8211; wszystkie oddzia\u0142y<\/a><br \/>\n<a href=\"https:\/\/old.szpitaltoszek.pl\/?page_id=6093\">Terapia zaj\u0119ciowa<\/a><\/strong><\/h5>\n","protected":false},"excerpt":{"rendered":"<p>1. Odwiedziny pacjent\u00f3w oddzia\u0142\u00f3w w oddzia\u0142ach zalecane s\u0105 w godzinach 9.00 &#8211; 20.00. 2. Osoby odwiedzaj\u0105ce zobowi\u0105zane s\u0105 do przestrzegania regulaminu szpitala. 3. Kontakt z osobami z zewn\u0105trz mo\u017ce odbywa\u0107 si\u0119, za zgod\u0105 Kierownika Medycznego Oddzia\u0142u lub lekarza przez niego &hellip; <a href=\"https:\/\/old.szpitaltoszek.pl\/?page_id=1998\">Czytaj dalej <span class=\"meta-nav\">&rarr;<\/span><\/a><\/p>\n","protected":false},"author":1,"featured_media":0,"parent":20,"menu_order":4,"comment_status":"closed","ping_status":"open","template":"","meta":{"footnotes":""},"class_list":["post-1998","page","type-page","status-publish","hentry"],"_links":{"self":[{"href":"https:\/\/old.szpitaltoszek.pl\/index.php?rest_route=\/wp\/v2\/pages\/1998","targetHints":{"allow":["GET"]}}],"collection":[{"href":"https:\/\/old.szpitaltoszek.pl\/index.php?rest_route=\/wp\/v2\/pages"}],"about":[{"href":"https:\/\/old.szpitaltoszek.pl\/index.php?rest_route=\/wp\/v2\/types\/page"}],"author":[{"embeddable":true,"href":"https:\/\/old.szpitaltoszek.pl\/index.php?rest_route=\/wp\/v2\/users\/1"}],"replies":[{"embeddable":true,"href":"https:\/\/old.szpitaltoszek.pl\/index.php?rest_route=%2Fwp%2Fv2%2Fcomments&post=1998"}],"version-history":[{"count":7,"href":"https:\/\/old.szpitaltoszek.pl\/index.php?rest_route=\/wp\/v2\/pages\/1998\/revisions"}],"predecessor-version":[{"id":9330,"href":"https:\/\/old.szpitaltoszek.pl\/index.php?rest_route=\/wp\/v2\/pages\/1998\/revisions\/9330"}],"up":[{"embeddable":true,"href":"https:\/\/old.szpitaltoszek.pl\/index.php?rest_route=\/wp\/v2\/pages\/20"}],"wp:attachment":[{"href":"https:\/\/old.szpitaltoszek.pl\/index.php?rest_route=%2Fwp%2Fv2%2Fmedia&parent=1998"}],"curies":[{"name":"wp","href":"https:\/\/api.w.org\/{rel}","templated":true}]}}