{"id":1952,"date":"2015-03-04T13:32:38","date_gmt":"2015-03-04T12:32:38","guid":{"rendered":"https:\/\/old.szpitaltoszek.pl\/?page_id=1952"},"modified":"2025-05-29T10:42:45","modified_gmt":"2025-05-29T08:42:45","slug":"dyrekcja","status":"publish","type":"page","link":"https:\/\/old.szpitaltoszek.pl\/?page_id=1952","title":{"rendered":"Dyrekcja"},"content":{"rendered":"<p><strong>P.O. Dyrektor Szpitala<br \/><\/strong>Mariusz Kasperczyk<br \/>tel. 32 233 41 12 wew. 215<br \/>fax. 32 233 52 44<\/p>\n<p><strong>Zast\u0119pca Dyrektora ds. Lecznictwa<br \/><\/strong>Mi\u0142osz Kotarba<br \/>tel. 32 233 41 12 wew. 216<\/p>\n<p><strong>P.O. Naczelna Piel\u0119gniarka<br \/><\/strong>Ewa Cie\u015blik-St\u0119pniak<br \/>tel. 32 233 41 12 wew. 244<\/p>\n<p><strong>Zast\u0119pca Dyrektora ds. Organizacyjno-Administracyjnych<br \/><\/strong>Anita Pas\u0142awska<br \/>tel. 32 233 41 12 wew. 315<\/p>\n<p><strong>Zast\u0119pca Kierownika Centrum Zdrowia Psychicznego<br \/><\/strong>Kalina Nowak<br \/>tel. 32 233 41 12 wew. 237<\/p>\n<p><strong>Zast\u0119pca Dyrektora ds. Technicznych<\/strong><strong><br \/><\/strong>Bogdan Le\u015bniowski<br \/>tel. 32 233 41 12 wew. 242<\/p>\n<hr \/>\n<h5><strong><a href=\"https:\/\/old.szpitaltoszek.pl\/\">O nas<\/a><br \/><a href=\"https:\/\/old.szpitaltoszek.pl\/?page_id=1870\">Informacje og\u00f3lne<\/a><br \/><\/strong><strong><a href=\"https:\/\/old.szpitaltoszek.pl\/?page_id=1952\">Dyrekcja<\/a><\/strong><br \/><strong><a href=\"https:\/\/old.szpitaltoszek.pl\/?page_id=4991\">Bud\u017cet i maj\u0105tek<\/a><br \/><a href=\"https:\/\/old.szpitaltoszek.pl\/?page_id=4928\">Ksi\u0105\u017cka teleadresowa<\/a><\/strong><br \/><strong><a href=\"https:\/\/old.szpitaltoszek.pl\/?page_id=1870\">Informacje og\u00f3lne<\/a><\/strong><\/h5>\n\n\n<p><\/p>\n","protected":false},"excerpt":{"rendered":"<p>P.O. Dyrektor SzpitalaMariusz Kasperczyktel. 32 233 41 12 wew. 215fax. 32 233 52 44 Zast\u0119pca Dyrektora ds. LecznictwaMi\u0142osz Kotarbatel. 32 233 41 12 wew. 216 P.O. Naczelna Piel\u0119gniarkaEwa Cie\u015blik-St\u0119pniaktel. 32 233 41 12 wew. 244 Zast\u0119pca Dyrektora ds. Organizacyjno-AdministracyjnychAnita Pas\u0142awskatel. &hellip; <a href=\"https:\/\/old.szpitaltoszek.pl\/?page_id=1952\">Czytaj dalej <span class=\"meta-nav\">&rarr;<\/span><\/a><\/p>\n","protected":false},"author":1,"featured_media":0,"parent":9,"menu_order":2,"comment_status":"closed","ping_status":"open","template":"","meta":{"footnotes":""},"class_list":["post-1952","page","type-page","status-publish","hentry"],"_links":{"self":[{"href":"https:\/\/old.szpitaltoszek.pl\/index.php?rest_route=\/wp\/v2\/pages\/1952","targetHints":{"allow":["GET"]}}],"collection":[{"href":"https:\/\/old.szpitaltoszek.pl\/index.php?rest_route=\/wp\/v2\/pages"}],"about":[{"href":"https:\/\/old.szpitaltoszek.pl\/index.php?rest_route=\/wp\/v2\/types\/page"}],"author":[{"embeddable":true,"href":"https:\/\/old.szpitaltoszek.pl\/index.php?rest_route=\/wp\/v2\/users\/1"}],"replies":[{"embeddable":true,"href":"https:\/\/old.szpitaltoszek.pl\/index.php?rest_route=%2Fwp%2Fv2%2Fcomments&post=1952"}],"version-history":[{"count":20,"href":"https:\/\/old.szpitaltoszek.pl\/index.php?rest_route=\/wp\/v2\/pages\/1952\/revisions"}],"predecessor-version":[{"id":12233,"href":"https:\/\/old.szpitaltoszek.pl\/index.php?rest_route=\/wp\/v2\/pages\/1952\/revisions\/12233"}],"up":[{"embeddable":true,"href":"https:\/\/old.szpitaltoszek.pl\/index.php?rest_route=\/wp\/v2\/pages\/9"}],"wp:attachment":[{"href":"https:\/\/old.szpitaltoszek.pl\/index.php?rest_route=%2Fwp%2Fv2%2Fmedia&parent=1952"}],"curies":[{"name":"wp","href":"https:\/\/api.w.org\/{rel}","templated":true}]}}