{"id":1918,"date":"2015-03-04T12:56:57","date_gmt":"2015-03-04T11:56:57","guid":{"rendered":"https:\/\/old.szpitaltoszek.pl\/?page_id=1918"},"modified":"2018-09-28T08:03:42","modified_gmt":"2018-09-28T06:03:42","slug":"mieszkania","status":"publish","type":"page","link":"https:\/\/old.szpitaltoszek.pl\/?page_id=1918","title":{"rendered":"Mieszkania"},"content":{"rendered":"<p><a href=\"https:\/\/old.szpitaltoszek.pl\/?cat=38\">Mieszkania &#8211; aktualne<\/a><br \/>\n<a href=\"https:\/\/old.szpitaltoszek.pl\/?cat=39\">Archiwalne<\/a><\/p>\n<p>&nbsp;<\/p>\n<hr \/>\n<h5><a href=\"https:\/\/old.szpitaltoszek.pl\/\">&lt;&#8212;powr\u00f3t do strony g\u0142\u00f3wnej<\/a><\/h5>\n","protected":false},"excerpt":{"rendered":"<p>Mieszkania &#8211; aktualne Archiwalne &nbsp; &lt;&#8212;powr\u00f3t do strony g\u0142\u00f3wnej<\/p>\n","protected":false},"author":1,"featured_media":0,"parent":0,"menu_order":0,"comment_status":"closed","ping_status":"open","template":"","meta":{"footnotes":""},"class_list":["post-1918","page","type-page","status-publish","hentry"],"_links":{"self":[{"href":"https:\/\/old.szpitaltoszek.pl\/index.php?rest_route=\/wp\/v2\/pages\/1918","targetHints":{"allow":["GET"]}}],"collection":[{"href":"https:\/\/old.szpitaltoszek.pl\/index.php?rest_route=\/wp\/v2\/pages"}],"about":[{"href":"https:\/\/old.szpitaltoszek.pl\/index.php?rest_route=\/wp\/v2\/types\/page"}],"author":[{"embeddable":true,"href":"https:\/\/old.szpitaltoszek.pl\/index.php?rest_route=\/wp\/v2\/users\/1"}],"replies":[{"embeddable":true,"href":"https:\/\/old.szpitaltoszek.pl\/index.php?rest_route=%2Fwp%2Fv2%2Fcomments&post=1918"}],"version-history":[{"count":5,"href":"https:\/\/old.szpitaltoszek.pl\/index.php?rest_route=\/wp\/v2\/pages\/1918\/revisions"}],"predecessor-version":[{"id":5050,"href":"https:\/\/old.szpitaltoszek.pl\/index.php?rest_route=\/wp\/v2\/pages\/1918\/revisions\/5050"}],"wp:attachment":[{"href":"https:\/\/old.szpitaltoszek.pl\/index.php?rest_route=%2Fwp%2Fv2%2Fmedia&parent=1918"}],"curies":[{"name":"wp","href":"https:\/\/api.w.org\/{rel}","templated":true}]}}