{"id":17,"date":"2012-02-08T11:29:07","date_gmt":"2012-02-08T11:29:07","guid":{"rendered":"https:\/\/old.szpitaltoszek.pl\/?page_id=17"},"modified":"2025-01-08T12:34:40","modified_gmt":"2025-01-08T11:34:40","slug":"kontakt","status":"publish","type":"page","link":"https:\/\/old.szpitaltoszek.pl\/?page_id=17","title":{"rendered":"Kontakt"},"content":{"rendered":"<p>Samodzielny Publiczny Zak\u0142ad Opieki Zdrowotnej Szpital Psychiatryczny<\/p>\n<p><strong>ADRES:<\/strong><br \/>\nul. Gliwicka 5<br \/>\n44-180 Toszek<\/p>\n<p><strong>KONTAKT:<\/strong><br \/>\ntel.: (32) 233 41 12, (32) 727 58 00<br \/>\nfax: +(48-32) 233 52 44 (czynny w godz. pracy)<br \/>\nfax: +(48-32) 233 43 25<br \/>\ne-mail: <a href=\"mailto:info@szpitaltoszek.pl\">info@szpitaltoszek.pl<\/a><\/p>\n<p>adres do e-Dor\u0119cze\u0144:<br \/>\nAE:PL-12648-47693-JDGHH-35<\/p>\n<p>adres Elektronicznej Skrzynki Podawczej na platformie ePUAP:<br \/>\n\/SPZOZ1_Toszek\/SkrytkaESP<\/p>\n<p>NIP: 969-09-46-632<br \/>\nREGON: 000293114<br \/>\nKRS: 0000044032<br \/>\nKsi\u0119ga rejestrowa wojewody:\u00a0000000013832<br \/>\nNumer w Bazie Danych Odpadowych: 000034691<\/p>\n<p><a href=\"https:\/\/www.facebook.com\/szpitaltoszek\/\" target=\"_blank\" rel=\"noopener\"><img loading=\"lazy\" decoding=\"async\" class=\"size-medium wp-image-7877 alignnone\" src=\"https:\/\/old.szpitaltoszek.pl\/wp-content\/uploads\/2021\/05\/indeks-300x106.png\" alt=\"\" width=\"300\" height=\"106\" srcset=\"https:\/\/old.szpitaltoszek.pl\/wp-content\/uploads\/2021\/05\/indeks-300x106.png 300w, https:\/\/old.szpitaltoszek.pl\/wp-content\/uploads\/2021\/05\/indeks.png 378w\" sizes=\"auto, (max-width: 300px) 100vw, 300px\" \/><\/a><\/p>\n<p><strong>Numery rachunk\u00f3w bankowych szpitala:<\/strong><\/p>\n<p><strong>Rachunek g\u0142\u00f3wny:<\/strong><br \/>\n96 1050 1285 1000 0002 0310 0144<\/p>\n<p><strong>Rachunek depozytowy:<\/strong><br \/>\n97 1050 1285 1000 0002 0417 4304<\/p>\n<p><strong>Rachunek Zak\u0142adowego Funduszu \u015awiadcze\u0144 Socjalnych:<\/strong><br \/>\n45 1050 1285 1000 0002 0417 4270<\/p>\n<p><a href=\"https:\/\/old.szpitaltoszek.pl\/?page_id=4928\">Ksi\u0105\u017cka teleadresowa<\/a><\/p>\n<p><iframe loading=\"lazy\" style=\"border: 0;\" src=\"https:\/\/www.google.com\/maps\/embed?pb=!1m18!1m12!1m3!1d2540.394940878481!2d18.520354915935264!3d50.45236989510731!2m3!1f0!2f0!3f0!3m2!1i1024!2i768!4f13.1!3m3!1m2!1s0x4711218690b6cadf%3A0x11c4879fc2296486!2sSzpital+Psychiatryczny+ZOZ!5e0!3m2!1spl!2spl!4v1538049396427\" width=\"600\" height=\"450\" frameborder=\"0\" allowfullscreen=\"allowfullscreen\"><\/iframe><\/p>\n","protected":false},"excerpt":{"rendered":"<p>Samodzielny Publiczny Zak\u0142ad Opieki Zdrowotnej Szpital Psychiatryczny ADRES: ul. Gliwicka 5 44-180 Toszek KONTAKT: tel.: (32) 233 41 12, (32) 727 58 00 fax: +(48-32) 233 52 44 (czynny w godz. pracy) fax: +(48-32) 233 43 25 e-mail: info@szpitaltoszek.pl adres &hellip; <a href=\"https:\/\/old.szpitaltoszek.pl\/?page_id=17\">Czytaj dalej <span class=\"meta-nav\">&rarr;<\/span><\/a><\/p>\n","protected":false},"author":1,"featured_media":0,"parent":0,"menu_order":6,"comment_status":"closed","ping_status":"open","template":"","meta":{"footnotes":""},"class_list":["post-17","page","type-page","status-publish","hentry"],"_links":{"self":[{"href":"https:\/\/old.szpitaltoszek.pl\/index.php?rest_route=\/wp\/v2\/pages\/17","targetHints":{"allow":["GET"]}}],"collection":[{"href":"https:\/\/old.szpitaltoszek.pl\/index.php?rest_route=\/wp\/v2\/pages"}],"about":[{"href":"https:\/\/old.szpitaltoszek.pl\/index.php?rest_route=\/wp\/v2\/types\/page"}],"author":[{"embeddable":true,"href":"https:\/\/old.szpitaltoszek.pl\/index.php?rest_route=\/wp\/v2\/users\/1"}],"replies":[{"embeddable":true,"href":"https:\/\/old.szpitaltoszek.pl\/index.php?rest_route=%2Fwp%2Fv2%2Fcomments&post=17"}],"version-history":[{"count":38,"href":"https:\/\/old.szpitaltoszek.pl\/index.php?rest_route=\/wp\/v2\/pages\/17\/revisions"}],"predecessor-version":[{"id":11379,"href":"https:\/\/old.szpitaltoszek.pl\/index.php?rest_route=\/wp\/v2\/pages\/17\/revisions\/11379"}],"wp:attachment":[{"href":"https:\/\/old.szpitaltoszek.pl\/index.php?rest_route=%2Fwp%2Fv2%2Fmedia&parent=17"}],"curies":[{"name":"wp","href":"https:\/\/api.w.org\/{rel}","templated":true}]}}