{"id":13,"date":"2012-02-08T11:08:23","date_gmt":"2012-02-08T11:08:23","guid":{"rendered":"https:\/\/old.szpitaltoszek.pl\/?page_id=13"},"modified":"2023-11-16T11:48:04","modified_gmt":"2023-11-16T10:48:04","slug":"oddzialy-szpitala","status":"publish","type":"page","link":"https:\/\/old.szpitaltoszek.pl\/?page_id=13","title":{"rendered":"Oddzia\u0142y"},"content":{"rendered":"<ol>\n<li><a href=\"https:\/\/old.szpitaltoszek.pl\/?page_id=422\">Oddzia\u0142 III Psychiatryczny Og\u00f3lny, odcinek IIIA<\/a><\/li>\n<li><a href=\"https:\/\/old.szpitaltoszek.pl\/?page_id=415\">Oddzia\u0142 III Psychiatryczny Og\u00f3lny, odcinek IIIB<\/a><\/li>\n<li><a href=\"https:\/\/old.szpitaltoszek.pl\/?page_id=424\">Oddzia\u0142 III Psychiatryczny Og\u00f3lny, odcinek IIID<\/a><\/li>\n<li><a href=\"https:\/\/old.szpitaltoszek.pl\/?page_id=434\">Oddzia\u0142 III Psychiatryczny Og\u00f3lny, odcinek IIIE<\/a><\/li>\n<li><a href=\"https:\/\/old.szpitaltoszek.pl\/?page_id=426\">Oddzia\u0142 V Psychiatryczny S\u0105dowy, odcinek VA<\/a><\/li>\n<li><a href=\"https:\/\/old.szpitaltoszek.pl\/?page_id=428\">Oddzia\u0142 V Psychiatryczny S\u0105dowy, odcinek VB<\/a><\/li>\n<li><a href=\"https:\/\/old.szpitaltoszek.pl\/?page_id=430\">Oddzia\u0142 VII Psychiatryczny S\u0105dowy Odwykowy<\/a><\/li>\n<li><a href=\"https:\/\/old.szpitaltoszek.pl\/?page_id=432\">Oddzia\u0142 VIII Internistyczny<\/a><\/li>\n<li><a href=\"https:\/\/old.szpitaltoszek.pl\/?page_id=438\">Oddzia\u0142 XI Psychiatryczny Przewlek\u0142y, odcinek XIA<\/a><\/li>\n<li><a href=\"https:\/\/old.szpitaltoszek.pl\/?page_id=444\">Oddzia\u0142 XI Psychiatryczny Przewlek\u0142y, odcinek XIB<\/a><\/li>\n<li><a href=\"https:\/\/old.szpitaltoszek.pl\/?page_id=440\">Oddzia\u0142 XII Detoksykacji Alkoholowej<\/a><\/li>\n<li><a href=\"https:\/\/old.szpitaltoszek.pl\/?page_id=442\">Oddzia\u0142 XIII Odwykowy Alkoholowy<\/a><\/li>\n<li><a href=\"https:\/\/old.szpitaltoszek.pl\/?page_id=448\">Oddzia\u0142 XVI Rehabilitacji Psychiatrycznej w D\u0105br\u00f3wce<\/a><\/li>\n<li><a href=\"https:\/\/old.szpitaltoszek.pl\/?page_id=450\">Oddzia\u0142 XVII Psychiatryczny S\u0105dowy dla Nieletnich o Wzmocnionym Zabezpieczeniu<\/a><\/li>\n<\/ol>\n","protected":false},"excerpt":{"rendered":"<p>Oddzia\u0142 III Psychiatryczny Og\u00f3lny, odcinek IIIA Oddzia\u0142 III Psychiatryczny Og\u00f3lny, odcinek IIIB Oddzia\u0142 III Psychiatryczny Og\u00f3lny, odcinek IIID Oddzia\u0142 III Psychiatryczny Og\u00f3lny, odcinek IIIE Oddzia\u0142 V Psychiatryczny S\u0105dowy, odcinek VA Oddzia\u0142 V Psychiatryczny S\u0105dowy, odcinek VB Oddzia\u0142 VII Psychiatryczny S\u0105dowy &hellip; <a href=\"https:\/\/old.szpitaltoszek.pl\/?page_id=13\">Czytaj dalej <span class=\"meta-nav\">&rarr;<\/span><\/a><\/p>\n","protected":false},"author":1,"featured_media":0,"parent":0,"menu_order":1,"comment_status":"open","ping_status":"open","template":"","meta":{"footnotes":""},"class_list":["post-13","page","type-page","status-publish","hentry"],"_links":{"self":[{"href":"https:\/\/old.szpitaltoszek.pl\/index.php?rest_route=\/wp\/v2\/pages\/13","targetHints":{"allow":["GET"]}}],"collection":[{"href":"https:\/\/old.szpitaltoszek.pl\/index.php?rest_route=\/wp\/v2\/pages"}],"about":[{"href":"https:\/\/old.szpitaltoszek.pl\/index.php?rest_route=\/wp\/v2\/types\/page"}],"author":[{"embeddable":true,"href":"https:\/\/old.szpitaltoszek.pl\/index.php?rest_route=\/wp\/v2\/users\/1"}],"replies":[{"embeddable":true,"href":"https:\/\/old.szpitaltoszek.pl\/index.php?rest_route=%2Fwp%2Fv2%2Fcomments&post=13"}],"version-history":[{"count":9,"href":"https:\/\/old.szpitaltoszek.pl\/index.php?rest_route=\/wp\/v2\/pages\/13\/revisions"}],"predecessor-version":[{"id":9199,"href":"https:\/\/old.szpitaltoszek.pl\/index.php?rest_route=\/wp\/v2\/pages\/13\/revisions\/9199"}],"wp:attachment":[{"href":"https:\/\/old.szpitaltoszek.pl\/index.php?rest_route=%2Fwp%2Fv2%2Fmedia&parent=13"}],"curies":[{"name":"wp","href":"https:\/\/api.w.org\/{rel}","templated":true}]}}