{"id":1233,"date":"2013-08-20T13:45:28","date_gmt":"2013-08-20T11:45:28","guid":{"rendered":"https:\/\/old.szpitaltoszek.pl\/?page_id=1233"},"modified":"2024-08-22T10:59:10","modified_gmt":"2024-08-22T08:59:10","slug":"rada-spoleczna","status":"publish","type":"page","link":"https:\/\/old.szpitaltoszek.pl\/?page_id=1233","title":{"rendered":"Rada Spo\u0142eczna"},"content":{"rendered":"<p><strong>RADA SPO\u0141ECZNA SZPITALA<\/strong><\/p>\n<p>Przy Szpitalu Psychiatrycznym w Toszku dzia\u0142a Rada Spo\u0142eczna, kt\u00f3ra jest organem inicjuj\u0105cym i opiniodawczym Organu Tworz\u0105cego oraz organem doradczym Dyrektora.<br \/>\nRad\u0119 Spo\u0142eczn\u0105 Szpitala powo\u0142uje i odwo\u0142uje Zarz\u0105d Wojew\u00f3dztwa \u015al\u0105skiego oraz dokonuje zmian w jej sk\u0142adzie.<br \/>\nRada Spo\u0142eczna liczy 7 os\u00f3b.<br \/>\nW sk\u0142ad Rady Spo\u0142ecznej wchodz\u0105:<\/p>\n<p>1. Jako przewodnicz\u0105cy:<\/p>\n<ul>\n<li><span style=\"font-size: medium;\">Marsza\u0142ek Wojew\u00f3dztwa \u015al\u0105skiego lub osoba przez niego upowa\u017cniona<\/span><\/li>\n<\/ul>\n<p>2. Jako cz\u0142onkowie<\/p>\n<ul>\n<li><span style=\"line-height: 16px;\">przedstawiciel Wojewody \u015al\u0105skiego<\/span><\/li>\n<li>przedstawiciele wy\u0142onieni przez Sejmik Wojew\u00f3dztwa \u015al\u0105skiego<\/li>\n<\/ul>\n<p><strong>SK\u0141AD RADY SPO\u0141ECZNEJ SZPITALA<\/strong><\/p>\n<p>Zgodnie z obowi\u0105zuj\u0105c\u0105 Uchwa\u0142\u0105 Nr 687\/494\/VI\/2024 Zarz\u0105du Wojew\u00f3dztwa \u015al\u0105skiego z dnia 20.03.2024 r. w sk\u0142ad Rady Spo\u0142ecznej Szpitala wchodz\u0105:<\/p>\n<ol>\n<li>Piotr Heli\u0144ski<\/li>\n<li>Dorota W\u00f3jtowicz<\/li>\n<li>Tomasz G\u0142ogowski<\/li>\n<li>Krystian Kie\u0142basa<\/li>\n<li>Ewa Nierych\u0142o<\/li>\n<li>Zbigniew Przedpe\u0142ski<\/li>\n<li>Tadeusz Sadowski<\/li>\n<\/ol>\n","protected":false},"excerpt":{"rendered":"<p>RADA SPO\u0141ECZNA SZPITALA Przy Szpitalu Psychiatrycznym w Toszku dzia\u0142a Rada Spo\u0142eczna, kt\u00f3ra jest organem inicjuj\u0105cym i opiniodawczym Organu Tworz\u0105cego oraz organem doradczym Dyrektora. Rad\u0119 Spo\u0142eczn\u0105 Szpitala powo\u0142uje i odwo\u0142uje Zarz\u0105d Wojew\u00f3dztwa \u015al\u0105skiego oraz dokonuje zmian w jej sk\u0142adzie. Rada Spo\u0142eczna &hellip; <a href=\"https:\/\/old.szpitaltoszek.pl\/?page_id=1233\">Czytaj dalej <span class=\"meta-nav\">&rarr;<\/span><\/a><\/p>\n","protected":false},"author":1,"featured_media":0,"parent":0,"menu_order":0,"comment_status":"closed","ping_status":"open","template":"","meta":{"footnotes":""},"class_list":["post-1233","page","type-page","status-publish","hentry"],"_links":{"self":[{"href":"https:\/\/old.szpitaltoszek.pl\/index.php?rest_route=\/wp\/v2\/pages\/1233","targetHints":{"allow":["GET"]}}],"collection":[{"href":"https:\/\/old.szpitaltoszek.pl\/index.php?rest_route=\/wp\/v2\/pages"}],"about":[{"href":"https:\/\/old.szpitaltoszek.pl\/index.php?rest_route=\/wp\/v2\/types\/page"}],"author":[{"embeddable":true,"href":"https:\/\/old.szpitaltoszek.pl\/index.php?rest_route=\/wp\/v2\/users\/1"}],"replies":[{"embeddable":true,"href":"https:\/\/old.szpitaltoszek.pl\/index.php?rest_route=%2Fwp%2Fv2%2Fcomments&post=1233"}],"version-history":[{"count":6,"href":"https:\/\/old.szpitaltoszek.pl\/index.php?rest_route=\/wp\/v2\/pages\/1233\/revisions"}],"predecessor-version":[{"id":10602,"href":"https:\/\/old.szpitaltoszek.pl\/index.php?rest_route=\/wp\/v2\/pages\/1233\/revisions\/10602"}],"wp:attachment":[{"href":"https:\/\/old.szpitaltoszek.pl\/index.php?rest_route=%2Fwp%2Fv2%2Fmedia&parent=1233"}],"curies":[{"name":"wp","href":"https:\/\/api.w.org\/{rel}","templated":true}]}}