{"id":1229,"date":"2013-08-20T13:10:18","date_gmt":"2013-08-20T11:10:18","guid":{"rendered":"https:\/\/old.szpitaltoszek.pl\/?page_id=1229"},"modified":"2023-11-16T11:42:36","modified_gmt":"2023-11-16T10:42:36","slug":"swiadczenia-opieki-zdrowotnej","status":"publish","type":"page","link":"https:\/\/old.szpitaltoszek.pl\/?page_id=1229","title":{"rendered":"\u015awiadczenia Opieki Zdrowotnej"},"content":{"rendered":"<p style=\"text-align: center;\"><strong>\u015awiadczenia Opieki Zdrowotnej udzielane<\/strong><br \/>\n<strong>w Samodzielnym Publicznym Zak\u0142adzie Opieki Zdrowotnej <\/strong><br \/>\n<strong>Szpitalu Psychiatrycznym w Toszku<\/strong><\/p>\n<p style=\"text-align: left;\"><strong>I. Opieka psychiatryczna i leczenia uzale\u017cnie\u0144:<\/strong><\/p>\n<ol>\n<li>\u015awiadczenia psychiatryczne dla doros\u0142ych<\/li>\n<li>\u015awiadczenia psychiatryczne dla przewlekle chorych<\/li>\n<li>\u015awiadczenia rehabilitacji psychiatrycznej<\/li>\n<li>\u015awiadczenia psychiatrii s\u0105dowej w warunkach wzmocnionego zabezpieczenia<\/li>\n<li>\u015awiadczenia odwykowe s\u0105dowe w warunkach wzmocnionego zabezpieczenia<\/li>\n<li>\u015awiadczenia psychiatryczne s\u0105dowe w warunkach wzmocnionego zabezpieczenia dla nieletnich<\/li>\n<li>Leczenie alkoholowych zespo\u0142\u00f3w abstynencyjnych (detoksykacja)<\/li>\n<li>\u015awiadczenia terapii uzale\u017cnienia od alkoholu stacjonarne<\/li>\n<li>\u015awiadczenia w izbie przyj\u0119\u0107<\/li>\n<li>\u015awiadczenia psychiatryczne ambulatoryjne dla doros\u0142ych<\/li>\n<\/ol>\n<p><strong>II. Leczenie szpitalne<\/strong><\/p>\n<ol>\n<li><span style=\"line-height: 16px;\">Choroby wewn\u0119trzne hospitalizacja<\/span><\/li>\n<\/ol>\n<p><strong>III. Ambulatoryjna opieka zdrowotna<\/strong><\/p>\n<ol>\n<li>\u015awiadczenia w zakresie gastroenterologii<\/li>\n<li>Diagnostyczne \u015bwiadczenie kosztoch\u0142onne:<\/li>\n<\/ol>\n<ul>\n<li><span style=\"font-size: medium;\">badania endoskopowe przewodu pokarmowego &#8211; gastroskopia<\/span><\/li>\n<li>badania endoskopowe przewodu pokarmowego &#8211; kolonoskopia<\/li>\n<\/ul>\n<hr \/>\n<h5><\/h5>\n<h5><strong><a href=\"https:\/\/old.szpitaltoszek.pl\/?page_id=20\">Informacje dla Pacjent\u00f3w<\/a><br \/>\n<a href=\"https:\/\/old.szpitaltoszek.pl\/?page_id=1218\">Przyj\u0119cie do szpitala<\/a><\/strong><br \/>\n<strong><a href=\"https:\/\/old.szpitaltoszek.pl\/?page_id=1220\">Rzecznik Praw Pacjenta<\/a><\/strong><br \/>\n<strong><a href=\"https:\/\/old.szpitaltoszek.pl\/?page_id=1229\">\u015awiadczenia Opieki Zdrowotnej<\/a><\/strong><br \/>\n<strong><a href=\"https:\/\/old.szpitaltoszek.pl\/?page_id=1998\">Regulamin odwiedzin Pacjent\u00f3w &#8211; wszystkie oddzia\u0142y<\/a><\/strong><\/h5>\n","protected":false},"excerpt":{"rendered":"<p>\u015awiadczenia Opieki Zdrowotnej udzielane w Samodzielnym Publicznym Zak\u0142adzie Opieki Zdrowotnej Szpitalu Psychiatrycznym w Toszku I. Opieka psychiatryczna i leczenia uzale\u017cnie\u0144: \u015awiadczenia psychiatryczne dla doros\u0142ych \u015awiadczenia psychiatryczne dla przewlekle chorych \u015awiadczenia rehabilitacji psychiatrycznej \u015awiadczenia psychiatrii s\u0105dowej w warunkach wzmocnionego zabezpieczenia \u015awiadczenia &hellip; <a href=\"https:\/\/old.szpitaltoszek.pl\/?page_id=1229\">Czytaj dalej <span class=\"meta-nav\">&rarr;<\/span><\/a><\/p>\n","protected":false},"author":1,"featured_media":0,"parent":20,"menu_order":0,"comment_status":"closed","ping_status":"open","template":"","meta":{"footnotes":""},"class_list":["post-1229","page","type-page","status-publish","hentry"],"_links":{"self":[{"href":"https:\/\/old.szpitaltoszek.pl\/index.php?rest_route=\/wp\/v2\/pages\/1229","targetHints":{"allow":["GET"]}}],"collection":[{"href":"https:\/\/old.szpitaltoszek.pl\/index.php?rest_route=\/wp\/v2\/pages"}],"about":[{"href":"https:\/\/old.szpitaltoszek.pl\/index.php?rest_route=\/wp\/v2\/types\/page"}],"author":[{"embeddable":true,"href":"https:\/\/old.szpitaltoszek.pl\/index.php?rest_route=\/wp\/v2\/users\/1"}],"replies":[{"embeddable":true,"href":"https:\/\/old.szpitaltoszek.pl\/index.php?rest_route=%2Fwp%2Fv2%2Fcomments&post=1229"}],"version-history":[{"count":7,"href":"https:\/\/old.szpitaltoszek.pl\/index.php?rest_route=\/wp\/v2\/pages\/1229\/revisions"}],"predecessor-version":[{"id":9195,"href":"https:\/\/old.szpitaltoszek.pl\/index.php?rest_route=\/wp\/v2\/pages\/1229\/revisions\/9195"}],"up":[{"embeddable":true,"href":"https:\/\/old.szpitaltoszek.pl\/index.php?rest_route=\/wp\/v2\/pages\/20"}],"wp:attachment":[{"href":"https:\/\/old.szpitaltoszek.pl\/index.php?rest_route=%2Fwp%2Fv2%2Fmedia&parent=1229"}],"curies":[{"name":"wp","href":"https:\/\/api.w.org\/{rel}","templated":true}]}}