{"id":1220,"date":"2013-08-20T12:44:36","date_gmt":"2013-08-20T10:44:36","guid":{"rendered":"https:\/\/old.szpitaltoszek.pl\/?page_id=1220"},"modified":"2023-10-30T09:55:45","modified_gmt":"2023-10-30T08:55:45","slug":"rzecznik-praw-pacjenta","status":"publish","type":"page","link":"https:\/\/old.szpitaltoszek.pl\/?page_id=1220","title":{"rendered":"Rzecznik Praw Pacjenta"},"content":{"rendered":"<h1 style=\"text-align: center;\"><a href=\"https:\/\/old.szpitaltoszek.pl\/wp-content\/uploads\/2013\/08\/rzecznik.jpg\"><img loading=\"lazy\" decoding=\"async\" class=\"aligncenter size-full wp-image-2541\" src=\"https:\/\/old.szpitaltoszek.pl\/wp-content\/uploads\/2013\/08\/rzecznik.jpg\" alt=\"rzecznik\" width=\"500\" height=\"209\" srcset=\"https:\/\/old.szpitaltoszek.pl\/wp-content\/uploads\/2013\/08\/rzecznik.jpg 500w, https:\/\/old.szpitaltoszek.pl\/wp-content\/uploads\/2013\/08\/rzecznik-300x125.jpg 300w\" sizes=\"auto, (max-width: 500px) 100vw, 500px\" \/><\/a>Szanowni Pa\u0144stwo!<\/h1>\n<p>Pacjent, przedstawiciel ustawowy pacjenta lub opiekun prawny lub faktyczny pacjenta mog\u0105 korzysta\u0107 z pomocy <strong>Rzecznika Praw Pacjenta Szpitala Psychiatrycznego<\/strong>.<\/p>\n<p><strong>Biuro Rzecznika Praw Pacjenta<br \/>\nRzecznik Praw Pacjenta<br \/>\nPan Grzegorz Pendrasik<\/strong><\/p>\n<p>Mo\u017cliwo\u015b\u0107 kontaktu:<br \/>\nOg\u00f3lnopolska bezp\u0142atna infolinia Rzecznika Praw Pacjenta:<br \/>\n800 190 590 (z tel. stacjonarnych i kom\u00f3rkowych)<\/p>\n<p>Kontakt bezpo\u015brednio do RzPSzP:<br \/>\ntel. 664 089 561, e-mail: g.pendrasik@rpp.gov.pl<\/p>\n<p>Biuro Rzecznika Praw Pacjenta<br \/>\nul. M\u0142ynarska 46<br \/>\n01-171 Warszawa<\/p>\n<p>e-mail:\u00a0kancelaria@rpp.gov.pl<\/p>\n<hr \/>\n<p><a href=\"https:\/\/old.szpitaltoszek.pl\/wp-content\/uploads\/2013\/08\/plakat_rzecznik.jpg\"><img loading=\"lazy\" decoding=\"async\" class=\"aligncenter size-full wp-image-1732\" src=\"https:\/\/old.szpitaltoszek.pl\/wp-content\/uploads\/2013\/08\/plakat_rzecznik.jpg\" alt=\"plakat_rzecznik\" width=\"650\" height=\"929\" srcset=\"https:\/\/old.szpitaltoszek.pl\/wp-content\/uploads\/2013\/08\/plakat_rzecznik.jpg 650w, https:\/\/old.szpitaltoszek.pl\/wp-content\/uploads\/2013\/08\/plakat_rzecznik-209x300.jpg 209w\" sizes=\"auto, (max-width: 650px) 100vw, 650px\" \/><\/a><\/p>\n<hr \/>\n<h5><strong><a href=\"https:\/\/old.szpitaltoszek.pl\/?page_id=20\">Informacje dla Pacjent\u00f3w<\/a><br \/>\n<a href=\"https:\/\/old.szpitaltoszek.pl\/?page_id=1218\">Przyj\u0119cie do szpitala<\/a><\/strong><br \/>\n<strong><a href=\"https:\/\/old.szpitaltoszek.pl\/?page_id=1220\">Rzecznik Praw Pacjenta<\/a><\/strong><br \/>\n<strong><a href=\"https:\/\/old.szpitaltoszek.pl\/?page_id=1229\">\u015awiadczenia Opieki Zdrowotnej<\/a><br \/>\n<a href=\"https:\/\/old.szpitaltoszek.pl\/?page_id=5618\">Informacja zwi\u0105zana z Rozporz\u0105dzeniem Ochrony Danych Osobowych<\/a><\/strong><br \/>\n<strong><a href=\"https:\/\/old.szpitaltoszek.pl\/?page_id=1998\">Regulamin odwiedzin Pacjent\u00f3w &#8211; wszystkie oddzia\u0142y<\/a><br \/>\n<a href=\"https:\/\/old.szpitaltoszek.pl\/?page_id=6093\">Terapia zaj\u0119ciowa<\/a><\/strong><\/h5>\n","protected":false},"excerpt":{"rendered":"<p>Szanowni Pa\u0144stwo! Pacjent, przedstawiciel ustawowy pacjenta lub opiekun prawny lub faktyczny pacjenta mog\u0105 korzysta\u0107 z pomocy Rzecznika Praw Pacjenta Szpitala Psychiatrycznego. Biuro Rzecznika Praw Pacjenta Rzecznik Praw Pacjenta Pan Grzegorz Pendrasik Mo\u017cliwo\u015b\u0107 kontaktu: Og\u00f3lnopolska bezp\u0142atna infolinia Rzecznika Praw Pacjenta: 800 &hellip; <a href=\"https:\/\/old.szpitaltoszek.pl\/?page_id=1220\">Czytaj dalej <span class=\"meta-nav\">&rarr;<\/span><\/a><\/p>\n","protected":false},"author":1,"featured_media":0,"parent":20,"menu_order":0,"comment_status":"closed","ping_status":"open","template":"","meta":{"footnotes":""},"class_list":["post-1220","page","type-page","status-publish","hentry"],"_links":{"self":[{"href":"https:\/\/old.szpitaltoszek.pl\/index.php?rest_route=\/wp\/v2\/pages\/1220","targetHints":{"allow":["GET"]}}],"collection":[{"href":"https:\/\/old.szpitaltoszek.pl\/index.php?rest_route=\/wp\/v2\/pages"}],"about":[{"href":"https:\/\/old.szpitaltoszek.pl\/index.php?rest_route=\/wp\/v2\/types\/page"}],"author":[{"embeddable":true,"href":"https:\/\/old.szpitaltoszek.pl\/index.php?rest_route=\/wp\/v2\/users\/1"}],"replies":[{"embeddable":true,"href":"https:\/\/old.szpitaltoszek.pl\/index.php?rest_route=%2Fwp%2Fv2%2Fcomments&post=1220"}],"version-history":[{"count":45,"href":"https:\/\/old.szpitaltoszek.pl\/index.php?rest_route=\/wp\/v2\/pages\/1220\/revisions"}],"predecessor-version":[{"id":9160,"href":"https:\/\/old.szpitaltoszek.pl\/index.php?rest_route=\/wp\/v2\/pages\/1220\/revisions\/9160"}],"up":[{"embeddable":true,"href":"https:\/\/old.szpitaltoszek.pl\/index.php?rest_route=\/wp\/v2\/pages\/20"}],"wp:attachment":[{"href":"https:\/\/old.szpitaltoszek.pl\/index.php?rest_route=%2Fwp%2Fv2%2Fmedia&parent=1220"}],"curies":[{"name":"wp","href":"https:\/\/api.w.org\/{rel}","templated":true}]}}