{"id":1218,"date":"2013-08-20T12:44:23","date_gmt":"2013-08-20T10:44:23","guid":{"rendered":"https:\/\/old.szpitaltoszek.pl\/?page_id=1218"},"modified":"2019-08-30T09:44:21","modified_gmt":"2019-08-30T07:44:21","slug":"przyjecie-do-szpitala","status":"publish","type":"page","link":"https:\/\/old.szpitaltoszek.pl\/?page_id=1218","title":{"rendered":"Przyj\u0119cie do szpitala"},"content":{"rendered":"<p><strong>Dokumenty wymagane przy przyj\u0119ciu do Szpitala<\/strong><\/p>\n<p>Aktualne skierowanie<br \/>\nDow\u00f3d osobisty z numerem PESEL<br \/>\nWa\u017cny dow\u00f3d ubezpieczenia<br \/>\nOdcinek renty lub emerytury<br \/>\nW przypadku os\u00f3b zarejestrowanych w Urz\u0119dzie Pracy aktualne za\u015bwiadczenie z UP.<\/p>\n<p><strong>Pacjenci przyjmuj\u0105cy si\u0119 do Szpitala powinni mie\u0107 przy sobie:<\/strong><\/p>\n<ol>\n<li>w\u0142asn\u0105 pi\u017cam\u0119<\/li>\n<li>myd\u0142o<\/li>\n<li>szampon do w\u0142os\u00f3w<\/li>\n<li>szczotka\/grzebie\u0144<\/li>\n<li>r\u0119cznik<\/li>\n<li>szczoteczka i pasta do z\u0119b\u00f3w<\/li>\n<\/ol>\n<p><strong>Depozyty<\/strong><\/p>\n<p>Przy przyj\u0119ciu do Szpitala pacjent ma prawo do pozostawienia rzeczy warto\u015bciowych w depozycie Szpitala.<br \/>\nKorzystanie z Depozytu przez pacjenta jest dobrowolne.<br \/>\nPacjent mo\u017ce postanowi\u0107 o pozostawieniu posiadanych pieni\u0119dzy i\/lub rzeczy warto\u015bciowych przy sobie.<\/p>\n<p><span style=\"text-decoration: underline;\"><strong>Szpital nie ponosi odpowiedzialno\u015bci za rzeczy warto\u015bciowe nie z\u0142o\u017cone do depozytu Szpitala.<\/strong><\/span><\/p>\n<p>&nbsp;<\/p>\n<hr \/>\n<h5><strong><a href=\"https:\/\/old.szpitaltoszek.pl\/?page_id=20\">Informacje dla Pacjent\u00f3w<\/a><br \/>\n<a href=\"https:\/\/old.szpitaltoszek.pl\/?page_id=1218\">Przyj\u0119cie do szpitala<\/a><\/strong><br \/>\n<strong><a href=\"https:\/\/old.szpitaltoszek.pl\/?page_id=1220\">Rzecznik Praw Pacjenta<\/a><\/strong><br \/>\n<strong><a href=\"https:\/\/old.szpitaltoszek.pl\/?page_id=1229\">\u015awiadczenia Opieki Zdrowotnej<\/a><br \/>\n<a href=\"https:\/\/old.szpitaltoszek.pl\/?page_id=5618\">Informacja zwi\u0105zana z Rozporz\u0105dzeniem Ochrony Danych Osobowych<\/a><\/strong><br \/>\n<strong><a href=\"https:\/\/old.szpitaltoszek.pl\/?page_id=1998\">Regulamin odwiedzin Pacjent\u00f3w &#8211; wszystkie oddzia\u0142y<\/a><br \/>\n<a href=\"https:\/\/old.szpitaltoszek.pl\/?page_id=6093\">Terapia zaj\u0119ciowa<\/a><\/strong><\/h5>\n","protected":false},"excerpt":{"rendered":"<p>Dokumenty wymagane przy przyj\u0119ciu do Szpitala Aktualne skierowanie Dow\u00f3d osobisty z numerem PESEL Wa\u017cny dow\u00f3d ubezpieczenia Odcinek renty lub emerytury W przypadku os\u00f3b zarejestrowanych w Urz\u0119dzie Pracy aktualne za\u015bwiadczenie z UP. Pacjenci przyjmuj\u0105cy si\u0119 do Szpitala powinni mie\u0107 przy sobie: &hellip; <a href=\"https:\/\/old.szpitaltoszek.pl\/?page_id=1218\">Czytaj dalej <span class=\"meta-nav\">&rarr;<\/span><\/a><\/p>\n","protected":false},"author":1,"featured_media":0,"parent":20,"menu_order":0,"comment_status":"closed","ping_status":"open","template":"","meta":{"footnotes":""},"class_list":["post-1218","page","type-page","status-publish","hentry"],"_links":{"self":[{"href":"https:\/\/old.szpitaltoszek.pl\/index.php?rest_route=\/wp\/v2\/pages\/1218","targetHints":{"allow":["GET"]}}],"collection":[{"href":"https:\/\/old.szpitaltoszek.pl\/index.php?rest_route=\/wp\/v2\/pages"}],"about":[{"href":"https:\/\/old.szpitaltoszek.pl\/index.php?rest_route=\/wp\/v2\/types\/page"}],"author":[{"embeddable":true,"href":"https:\/\/old.szpitaltoszek.pl\/index.php?rest_route=\/wp\/v2\/users\/1"}],"replies":[{"embeddable":true,"href":"https:\/\/old.szpitaltoszek.pl\/index.php?rest_route=%2Fwp%2Fv2%2Fcomments&post=1218"}],"version-history":[{"count":12,"href":"https:\/\/old.szpitaltoszek.pl\/index.php?rest_route=\/wp\/v2\/pages\/1218\/revisions"}],"predecessor-version":[{"id":6098,"href":"https:\/\/old.szpitaltoszek.pl\/index.php?rest_route=\/wp\/v2\/pages\/1218\/revisions\/6098"}],"up":[{"embeddable":true,"href":"https:\/\/old.szpitaltoszek.pl\/index.php?rest_route=\/wp\/v2\/pages\/20"}],"wp:attachment":[{"href":"https:\/\/old.szpitaltoszek.pl\/index.php?rest_route=%2Fwp%2Fv2%2Fmedia&parent=1218"}],"curies":[{"name":"wp","href":"https:\/\/api.w.org\/{rel}","templated":true}]}}