{"id":12110,"date":"2025-05-07T08:24:43","date_gmt":"2025-05-07T06:24:43","guid":{"rendered":"https:\/\/old.szpitaltoszek.pl\/?page_id=12110"},"modified":"2025-05-07T08:28:02","modified_gmt":"2025-05-07T06:28:02","slug":"pracownia-diagnostyki-obrazowej-rtg-i-usg","status":"publish","type":"page","link":"https:\/\/old.szpitaltoszek.pl\/?page_id=12110","title":{"rendered":"Pracownia Diagnostyki Obrazowej RTG i USG"},"content":{"rendered":"\n<p>czynna od poniedzia\u0142ku do pi\u0105tku w godz. 7.30-15.00<br>badania RTG wykonujemy w godzinach 7.30-14.00<\/p>\n\n\n\n<p>W pracowni wykonuje si\u0119 badania radiologiczne &#8211; w systemie radiografii cyfrowej.<\/p>\n\n\n\n<p>Oferujemy nowoczesn\u0105 diagnostyk\u0119 rentgenowsk\u0105 aparatem cyfrowym firmy Siemens Multix Fusion Digital w pe\u0142nym zakresie zdj\u0119\u0107 og\u00f3lnych (z wyj\u0105tkiem zdj\u0119\u0107 wymagaj\u0105cych podania kontrastu) w tym:<\/p>\n\n\n\n<ul class=\"wp-block-list\">\n<li>zdj\u0119cia klatki piersiowej<\/li>\n\n\n\n<li>zdj\u0119cia kostne<\/li>\n\n\n\n<li>rtg staw\u00f3w kolanowych i st\u00f3p w pozycji stoj\u0105cej<\/li>\n\n\n\n<li>zdj\u0119cia przegl\u0105dowe jamy brzusznej<\/li>\n<\/ul>\n\n\n\n<p>Pracownia Diagnostyki Radiologicznej spe\u0142nia polskie oraz europejskie normy jako\u015bci. Naszym celem jest dostarczenie Pacjentom oraz lekarzom wysokiej jako\u015bci zdj\u0119\u0107 RTG przy r\u00f3wnoczesnym zachowaniu restrykcyjnych zasad ochrony radiologicznej badanych os\u00f3b. W Pracowni RTG wdro\u017cyli\u015bmy i utrzymujemy system zarz\u0105dzania jako\u015bci\u0105. <\/p>\n\n\n\n<p>\u015awiadczymy us\u0142ugi diagnostyczne zar\u00f3wno dla pacjent\u00f3w hospitalizowanych w oddzia\u0142ach szpitalnych, jak i pacjentom ambulatoryjnym. <\/p>\n\n\n\n<p>Badania radiologiczne wymagaj\u0105ce przygotowania s\u0105 realizowane po uprzednim ustaleniu terminu badania. Do tej grupy nale\u017cy rtg jamy brzusznej, rtg kr\u0119gos\u0142upa L-S. Informacje o sposobie przygotowania si\u0119 pacjenta do danego rodzaju badania dost\u0119pne s\u0105 w Pracowni RTG.<\/p>\n\n\n\n<p><strong>Uwaga<\/strong><br>Badania RTG wykonywane s\u0105 wy\u0142\u0105cznie na podstawie skierowania od lekarza, zgodnie z zasadami ochrony radiologicznej pacjenta. <\/p>\n\n\n\n<p>Pracownia USG oferuje wykonywanie bada\u0144 w ramach kontrakt\u00f3w:<\/p>\n\n\n\n<ul class=\"wp-block-list\">\n<li>USG tarczycy i przytarczyc<\/li>\n\n\n\n<li>USG jamy brzusznej i miednicy (w tym nerek, moczowod\u00f3w i p\u0119cherza moczowego)<\/li>\n\n\n\n<li>USG piersi<\/li>\n\n\n\n<li>USG \u015blinianek, w\u0119z\u0142\u00f3w ch\u0142onnych<\/li>\n\n\n\n<li>USG przep\u0142ywy ko\u0144czyn dolnych, g\u00f3rnych, t\u0119tnic szyjnych i kr\u0119gowych<\/li>\n\n\n\n<li>USG tkanek mi\u0119kkich (pow\u0142ok sk\u00f3rnych)<\/li>\n\n\n\n<li>USG \u015blinianek<br>USG w\u0119z\u0142\u00f3w ch\u0142onnych obwodowe<\/li>\n\n\n\n<li>USB jamy op\u0142ucnej<\/li>\n<\/ul>\n\n\n\n<p>Dok\u0142adamy wszelkich stara\u0144, by badanie przebiega\u0142o w spos\u00f3b jak najbardziej bezpieczny i komfortowy. <\/p>\n\n\n\n<p>Pragniemy zapewni\u0107 wszystkim pacjentom poczucie bezpiecze\u0144stwa zdrowotnego i \u015bwiadczy\u0107 us\u0142ugi medyczne najwy\u017cszej jako\u015bci.<\/p>\n\n\n\n<p class=\"has-small-font-size\">Opublikowa\u0142: Pawe\u0142 Majowski, dnia 07.05.2025 r. o godz. 08:27<\/p>\n","protected":false},"excerpt":{"rendered":"<p>czynna od poniedzia\u0142ku do pi\u0105tku w godz. 7.30-15.00badania RTG wykonujemy w godzinach 7.30-14.00 W pracowni wykonuje si\u0119 badania radiologiczne &#8211; w systemie radiografii cyfrowej. Oferujemy nowoczesn\u0105 diagnostyk\u0119 rentgenowsk\u0105 aparatem cyfrowym firmy Siemens Multix Fusion Digital w pe\u0142nym zakresie zdj\u0119\u0107 og\u00f3lnych &hellip; <a href=\"https:\/\/old.szpitaltoszek.pl\/?page_id=12110\">Czytaj dalej <span class=\"meta-nav\">&rarr;<\/span><\/a><\/p>\n","protected":false},"author":67,"featured_media":0,"parent":0,"menu_order":0,"comment_status":"closed","ping_status":"closed","template":"","meta":{"footnotes":""},"class_list":["post-12110","page","type-page","status-publish","hentry"],"_links":{"self":[{"href":"https:\/\/old.szpitaltoszek.pl\/index.php?rest_route=\/wp\/v2\/pages\/12110","targetHints":{"allow":["GET"]}}],"collection":[{"href":"https:\/\/old.szpitaltoszek.pl\/index.php?rest_route=\/wp\/v2\/pages"}],"about":[{"href":"https:\/\/old.szpitaltoszek.pl\/index.php?rest_route=\/wp\/v2\/types\/page"}],"author":[{"embeddable":true,"href":"https:\/\/old.szpitaltoszek.pl\/index.php?rest_route=\/wp\/v2\/users\/67"}],"replies":[{"embeddable":true,"href":"https:\/\/old.szpitaltoszek.pl\/index.php?rest_route=%2Fwp%2Fv2%2Fcomments&post=12110"}],"version-history":[{"count":2,"href":"https:\/\/old.szpitaltoszek.pl\/index.php?rest_route=\/wp\/v2\/pages\/12110\/revisions"}],"predecessor-version":[{"id":12114,"href":"https:\/\/old.szpitaltoszek.pl\/index.php?rest_route=\/wp\/v2\/pages\/12110\/revisions\/12114"}],"wp:attachment":[{"href":"https:\/\/old.szpitaltoszek.pl\/index.php?rest_route=%2Fwp%2Fv2%2Fmedia&parent=12110"}],"curies":[{"name":"wp","href":"https:\/\/api.w.org\/{rel}","templated":true}]}}