{"id":11,"date":"2012-02-08T11:07:18","date_gmt":"2012-02-08T11:07:18","guid":{"rendered":"https:\/\/old.szpitaltoszek.pl\/?page_id=11"},"modified":"2024-07-11T11:28:28","modified_gmt":"2024-07-11T09:28:28","slug":"historia-i-rozwoj-szpitala","status":"publish","type":"page","link":"https:\/\/old.szpitaltoszek.pl\/?page_id=11","title":{"rendered":"Historia szpitala"},"content":{"rendered":"<p><a href=\"https:\/\/old.szpitaltoszek.pl\/?attachment_id=135\" rel=\"attachment wp-att-135\"><img loading=\"lazy\" decoding=\"async\" class=\"alignleft size-medium wp-image-135\" title=\"historia_rozwoj1\" src=\"https:\/\/old.szpitaltoszek.pl\/wp-content\/uploads\/2012\/04\/historia_rozwoj1-300x225.jpg\" alt=\"\" width=\"300\" height=\"225\" srcset=\"https:\/\/old.szpitaltoszek.pl\/wp-content\/uploads\/2012\/04\/historia_rozwoj1-300x225.jpg 300w, https:\/\/old.szpitaltoszek.pl\/wp-content\/uploads\/2012\/04\/historia_rozwoj1.jpg 800w\" sizes=\"auto, (max-width: 300px) 100vw, 300px\" \/><\/a>Dotychczasowe dzia\u0142ania na rzecz doskonalenia gospodarki zasobami Szpitala obejmuj\u0105 poni\u017cej przedstawione dzia\u0142ania :<\/p>\n<p>&#8211; jak najpe\u0142niejsze wykorzystanie specjalistycznej \/ psychiatria \/ kadry fachowej, aparatury medycznej, bazy \u0142\u00f3\u017ckowej itp.<br \/>\n&#8211; Wdra\u017canie opieki psychiatrycznej w zakresie aktualnych norm \u015bwiatowych w zakresie terapii oraz innych form przynosi efekt w postaci zwi\u0119kszania wykorzystania \u0142\u00f3\u017cek szpitalnych wraz ze skracaniem czasu pobytu pacjenta w szpitalu i zmniejszaj\u0105cym si\u0119 wska\u017anikiem rehospitalizacji w wybranych jednostkach chorobowych.<\/p>\n<p>Nad racjonaln\u0105 gospodark\u0105 lekiem, \u015brodkami opatrunkowymi oraz materia\u0142ami medycznymi czuwa Komitet Terapeutyczny.<\/p>\n<p>Podejmowane s\u0105 liczne dzia\u0142ania na rzecz sta\u0142ego podnoszenia jako\u015bci \u015bwiadczonych us\u0142ug medycznych obejmuj\u0105ce g\u0142\u00f3wnie:<\/p>\n<p>&#8211; podnoszenie kwalifikacji lekarzy organizacj\u0119 szkole\u0144 dla lekarzy i psycholog\u00f3w<br \/>\n&#8211; nawi\u0105zanie wsp\u00f3\u0142pracy z landowym szpitalem w Bad Schussenried ( Niemcy) obejmuj\u0105cej wzajemn\u0105 pomoc i wymian\u0119 do\u015bwiadcze\u0144 w zakresie optymalizacji leczenia oraz opieki nad osobami psychicznie chorymi<br \/>\n&#8211; aktywny udzia\u0142 lekarzy i psycholog\u00f3w w kursach doskonal\u0105cych po\u0142\u0105czony z uzyskiwaniem certyfikat\u00f3w zwi\u0119kszaj\u0105cych mo\u017cliwo\u015bci diagnostyczno-terapeutyczne kadry medycznej<br \/>\n&#8211; wzrastaj\u0105c\u0105 liczb\u0119 publikacji naukowych oraz prowadzenie prac badawczych<br \/>\n&#8211; aktywny udzia\u0142 przedstawicieli szpitala w Polskiej Sieci Szpitali Promuj\u0105cych Zdrowie.<\/p>\n<p>Szpital w miar\u0119 posiadanych mo\u017cliwo\u015bci zwi\u0119ksza w\u0142asn\u0105 baz\u0119 aparatury diagnostyczno-terapeutycznej, podnosz\u0105cej poziom \u015bwiadczonych us\u0142ug w tym m.in.<\/p>\n<p>pracownia diagnostyki kardiologicznej z systemem Holtera , pr\u00f3b wysi\u0142kowych oraz komputerow\u0105 analiz\u0105 danych, nowoczesnym aparatem do elektrowstrz\u0105s\u00f3w pracowni\u0105 diagnostyki obrazowej w tym :<br \/>\nUSG, pracownia Rtg, pracownia angiografii ( z cyfrow\u0105 subtrakcj\u0105) pracowni\u0105 endoskopii.<\/p>\n<p>W szpitalu funkcjonuje wielospecjalistyczna poradnia ( m.in. ginekolog, okulista, chirurg, urolog, dermatolog, gastroenterolog , psycholog ) oraz psychiatryczna konsultacyjna, w kt\u00f3rej kontynuuje si\u0119 leczenie pacjent\u00f3w stosuj\u0105c najnowocze\u015bniejsze formy terapii w psychiatrii ( leki w formie \u201e depot \u201d czy terapi\u0119 systemow\u0105 ).<\/p>\n<p><center><\/p>\n<h2><strong>STRATEGICZNY PLAN ROZWOJU ZAK\u0141ADU<\/strong><\/h2>\n<p><\/center><a href=\"https:\/\/old.szpitaltoszek.pl\/?attachment_id=136\" rel=\"attachment wp-att-136\"><img loading=\"lazy\" decoding=\"async\" class=\"alignleft size-medium wp-image-136\" title=\"historia_rozwoj2\" src=\"https:\/\/old.szpitaltoszek.pl\/wp-content\/uploads\/2012\/04\/historia_rozwoj2-300x225.jpg\" alt=\"\" width=\"300\" height=\"225\" srcset=\"https:\/\/old.szpitaltoszek.pl\/wp-content\/uploads\/2012\/04\/historia_rozwoj2-300x225.jpg 300w, https:\/\/old.szpitaltoszek.pl\/wp-content\/uploads\/2012\/04\/historia_rozwoj2.jpg 800w\" sizes=\"auto, (max-width: 300px) 100vw, 300px\" \/><\/a>Celem dzia\u0142ania Zak\u0142adu jest udzielanie \u015bwiadcze\u0144 medycznych, zapobieganie powstawaniu i rozpowszechnianiu zaburze\u0144 psychicznych, szerzenie o\u015bwiaty zdrowotnej, kszta\u0142cenie kadr medycznych ( m.in. lekarzy, psycholog\u00f3w, piel\u0119gniarek ) oraz prowadzenie prac badawczych w dziedzinach medycznych.<\/p>\n<p>Do zada\u0144 Zak\u0142adu nale\u017ce\u0107 b\u0119dzie szczeg\u00f3lnie:<\/p>\n<p>Sprawowanie kompleksowej opieki psychiatrycznej, stacjonarnej i niestacjonarnej, nad osobami powy\u017cej 18 roku \u017cycia z zaburzeniami psychicznymi, w tym mi\u0119dzy innymi:<\/p>\n<p>&#8211; prowadzenie kompleksowej diagnostyki zaburze\u0144 psychicznych z uwzgl\u0119dnieniem metod diagnostyki laboratoryjnej, RTG, EEG, i innych<br \/>\n&#8211; prowadzenie kompleksowej diagnostyki i leczenia internistycznego z uwzgl\u0119dnieniem metod diagnostyki laboratoryjnej, RTG, EEG, i innych<br \/>\n&#8211; kompleksowe leczenie zaburze\u0144 psychicznych uznanymi metodami farmakologicznymi oraz psychologicznymi, zgodnymi z aktualnym stanem wiedzy medycznej<br \/>\n&#8211; rehabilitacj\u0119 chorych psychicznie maj\u0105c\u0105 na celu popraw\u0119 ich funkcjonowania<br \/>\n&#8211; opiek\u0119 ambulatoryjn\u0105 dla by\u0142ych pacjent\u00f3w zak\u0142adu<br \/>\n&#8211; prowadzenie detoksykacji i rehabilitacji os\u00f3b uzale\u017cnionych od alkoholu, z jednoczesnym motywowaniem ich do dalszego leczenia ich w plac\u00f3wkach odwykowych.<\/p>\n<p>Prowadzenie orzecznictwa lekarskiego, w tym s\u0105dowo-psychiatrycznego.<\/p>\n<p>Kszta\u0142cenie kadr medycznych.<\/p>\n<p>Udzielanie \u015bwiadcze\u0144 profilaktycznych, promowanie zdrowia i dzia\u0142a\u0144 prozdrowotnych.<\/p>\n<p>Udzielanie wszelkich innych \u015bwiadcze\u0144 medycznych z wykorzystaniem posiadanej aparatury medycznej i potencja\u0142u kadrowego.<\/p>\n<p>Prowadzenie prac naukowo-badawczych w dziedzinie psychiatrii i innych dziedzinach medycznych.<\/p>\n<p>Dalsze zatrudnianie \u015bredniego personelu medycznego czyli stwarzanie dodatkowych miejsc pracy dla miasta i gminy Toszek.<\/p>\n","protected":false},"excerpt":{"rendered":"<p>Dotychczasowe dzia\u0142ania na rzecz doskonalenia gospodarki zasobami Szpitala obejmuj\u0105 poni\u017cej przedstawione dzia\u0142ania : &#8211; jak najpe\u0142niejsze wykorzystanie specjalistycznej \/ psychiatria \/ kadry fachowej, aparatury medycznej, bazy \u0142\u00f3\u017ckowej itp. &#8211; Wdra\u017canie opieki psychiatrycznej w zakresie aktualnych norm \u015bwiatowych w zakresie terapii &hellip; <a href=\"https:\/\/old.szpitaltoszek.pl\/?page_id=11\">Czytaj dalej <span class=\"meta-nav\">&rarr;<\/span><\/a><\/p>\n","protected":false},"author":1,"featured_media":0,"parent":0,"menu_order":4,"comment_status":"closed","ping_status":"open","template":"","meta":{"footnotes":""},"class_list":["post-11","page","type-page","status-publish","hentry"],"_links":{"self":[{"href":"https:\/\/old.szpitaltoszek.pl\/index.php?rest_route=\/wp\/v2\/pages\/11","targetHints":{"allow":["GET"]}}],"collection":[{"href":"https:\/\/old.szpitaltoszek.pl\/index.php?rest_route=\/wp\/v2\/pages"}],"about":[{"href":"https:\/\/old.szpitaltoszek.pl\/index.php?rest_route=\/wp\/v2\/types\/page"}],"author":[{"embeddable":true,"href":"https:\/\/old.szpitaltoszek.pl\/index.php?rest_route=\/wp\/v2\/users\/1"}],"replies":[{"embeddable":true,"href":"https:\/\/old.szpitaltoszek.pl\/index.php?rest_route=%2Fwp%2Fv2%2Fcomments&post=11"}],"version-history":[{"count":18,"href":"https:\/\/old.szpitaltoszek.pl\/index.php?rest_route=\/wp\/v2\/pages\/11\/revisions"}],"predecessor-version":[{"id":9198,"href":"https:\/\/old.szpitaltoszek.pl\/index.php?rest_route=\/wp\/v2\/pages\/11\/revisions\/9198"}],"wp:attachment":[{"href":"https:\/\/old.szpitaltoszek.pl\/index.php?rest_route=%2Fwp%2Fv2%2Fmedia&parent=11"}],"curies":[{"name":"wp","href":"https:\/\/api.w.org\/{rel}","templated":true}]}}