{"id":10560,"date":"2024-08-14T10:57:46","date_gmt":"2024-08-14T08:57:46","guid":{"rendered":"https:\/\/old.szpitaltoszek.pl\/?page_id=10560"},"modified":"2024-08-14T14:47:06","modified_gmt":"2024-08-14T12:47:06","slug":"standardy-ochrony-maloletnich","status":"publish","type":"page","link":"https:\/\/old.szpitaltoszek.pl\/?page_id=10560","title":{"rendered":"Standardy Ochrony Ma\u0142oletnich"},"content":{"rendered":"\n<p><a href=\"https:\/\/old.szpitaltoszek.pl\/wp-content\/uploads\/2024\/08\/SOM.pdf\">Zarz\u0105dzenie Dyrektora nr 48\/2024 z dnia 14 sierpnia 2024 r. w sprawie wprowadzenia Standard\u00f3w Ochrony Ma\u0142oletnich Przed Krzywdzeniem w SP ZOZ Szpitalu Psychiatrycznym w Toszku [pobierz plik] (pdf)<\/a><\/p>\n\n\n\n<p><a href=\"https:\/\/old.szpitaltoszek.pl\/wp-content\/uploads\/2024\/08\/SOM_wer_skr.pdf\">Standardy Ochrony Ma\u0142oletnich &#8211; wersja skr\u00f3cona [pobierz plik] (pdf)<\/a><\/p>\n\n\n\n<p class=\"has-small-font-size\">Opublikowa\u0142: Pawe\u0142 Majowski, dnia 14.08.2024 r. o godz. 14.05<\/p>\n","protected":false},"excerpt":{"rendered":"<p>Zarz\u0105dzenie Dyrektora nr 48\/2024 z dnia 14 sierpnia 2024 r. w sprawie wprowadzenia Standard\u00f3w Ochrony Ma\u0142oletnich Przed Krzywdzeniem w SP ZOZ Szpitalu Psychiatrycznym w Toszku [pobierz plik] (pdf) Standardy Ochrony Ma\u0142oletnich &#8211; wersja skr\u00f3cona [pobierz plik] (pdf) Opublikowa\u0142: Pawe\u0142 Majowski, &hellip; <a href=\"https:\/\/old.szpitaltoszek.pl\/?page_id=10560\">Czytaj dalej <span class=\"meta-nav\">&rarr;<\/span><\/a><\/p>\n","protected":false},"author":67,"featured_media":0,"parent":0,"menu_order":0,"comment_status":"closed","ping_status":"closed","template":"","meta":{"footnotes":""},"class_list":["post-10560","page","type-page","status-publish","hentry"],"_links":{"self":[{"href":"https:\/\/old.szpitaltoszek.pl\/index.php?rest_route=\/wp\/v2\/pages\/10560","targetHints":{"allow":["GET"]}}],"collection":[{"href":"https:\/\/old.szpitaltoszek.pl\/index.php?rest_route=\/wp\/v2\/pages"}],"about":[{"href":"https:\/\/old.szpitaltoszek.pl\/index.php?rest_route=\/wp\/v2\/types\/page"}],"author":[{"embeddable":true,"href":"https:\/\/old.szpitaltoszek.pl\/index.php?rest_route=\/wp\/v2\/users\/67"}],"replies":[{"embeddable":true,"href":"https:\/\/old.szpitaltoszek.pl\/index.php?rest_route=%2Fwp%2Fv2%2Fcomments&post=10560"}],"version-history":[{"count":4,"href":"https:\/\/old.szpitaltoszek.pl\/index.php?rest_route=\/wp\/v2\/pages\/10560\/revisions"}],"predecessor-version":[{"id":10575,"href":"https:\/\/old.szpitaltoszek.pl\/index.php?rest_route=\/wp\/v2\/pages\/10560\/revisions\/10575"}],"wp:attachment":[{"href":"https:\/\/old.szpitaltoszek.pl\/index.php?rest_route=%2Fwp%2Fv2%2Fmedia&parent=10560"}],"curies":[{"name":"wp","href":"https:\/\/api.w.org\/{rel}","templated":true}]}}