{"id":10551,"date":"2024-08-13T12:04:19","date_gmt":"2024-08-13T10:04:19","guid":{"rendered":"https:\/\/old.szpitaltoszek.pl\/?page_id=10551"},"modified":"2024-08-14T11:29:05","modified_gmt":"2024-08-14T09:29:05","slug":"medyczne-laboratorium-diagnostyczne","status":"publish","type":"page","link":"https:\/\/old.szpitaltoszek.pl\/?page_id=10551","title":{"rendered":"Medyczne Laboratorium Diagnostyczne"},"content":{"rendered":"\n<p><strong>telefon<\/strong>: 32 233 41 12 wew. 249 <br>lub 32 727 58 00 wew. 249<\/p>\n\n\n\n<p class=\"has-text-align-left\"><strong>Pobieranie materia\u0142u do bada\u0144 od pacjent\u00f3w ambulatoryjnych:<\/strong><\/p>\n\n\n\n<p>od <strong>poniedzia\u0142ku <\/strong>do <strong>pi\u0105tku <\/strong>w godzinach <strong>7.30 &#8211; 9.00<\/strong><\/p>\n\n\n\n<p>Wydawanie wynik\u00f3w bada\u0144 w dniu badania w godzinach 15.00 &#8211; 20.00 lub w dniach nast\u0119pnych od godziny 7.30 do 20.00.<\/p>\n\n\n\n<p><strong>Odbi\u00f3r wynik\u00f3w tylko za okazaniem dowodu to\u017csamo\u015bci lub upowa\u017cnienia.<\/strong><\/p>\n\n\n\n<hr class=\"wp-block-separator has-alpha-channel-opacity\"\/>\n\n\n\n<p><strong>MEDYCZNE LABORATORIUM DIAGNOSTYCZNE <\/strong>wykonuje czynno\u015bci z zakresu diagnostyki laboratoryjnej dla cel\u00f3w profilaktycznych, diagnostycznych i leczniczych obejmuj\u0105cych:<\/p>\n\n\n\n<ul class=\"wp-block-list\">\n<li>badania laboratoryjne okre\u015blaj\u0105ce w\u0142a\u015bciwo\u015bci fizyczne, chemiczne i biologiczne oraz sk\u0142ad p\u0142yn\u00f3w ustrojowych i wydalin (krew, mocz, ka\u0142), <\/li>\n<\/ul>\n\n\n\n<p>Badania wykonywane s\u0105 na potrzeby oddzia\u0142\u00f3w szpitalnych, poradni przyszpitalnych oraz dla pacjent\u00f3w ambulatoryjnych (odp\u0142atnie oraz w ramach um\u00f3w z gabinetami POZ). <\/p>\n\n\n\n<p>W celu zapewnienia najwy\u017cszej jako\u015bci bada\u0144 laboratoryjnych nasze laboratorium stosuje najnowsze metody bada\u0144 oraz pracuje na wysokiej jako\u015bci analizatorach laboratoryjnych. Mamy tak\u017ce opracowane i wdro\u017cone procedury wewn\u0105trzlaboratoryjnej kontroli jako\u015bci bada\u0144 oraz uczestniczymy w sprawdzianach zewn\u0105trzlaboratoryjnych, takich jak:<\/p>\n\n\n\n<ul class=\"wp-block-list\">\n<li>Krajowy Program Kontroli Jako\u015bci Bada\u0144 Laboratoryjnych prowadzony przez Centralny O\u015brodek Bada\u0144 Jako\u015bci w Diagnostyce Laboratoryjnej z siedzib\u0105 w \u0141odzi, <\/li>\n\n\n\n<li>Mi\u0119dzynarodowy Program Zewn\u0119trznej Oceny Jako\u015bci EQA Labquality prowadzony przez Instytut LABQUALITY  z Finlandii, <\/li>\n\n\n\n<li>STANDLAB EQA Zintegrowany System Mi\u0119dzylaboratoryjnej Kontroli Jako\u015bci, <\/li>\n\n\n\n<li>PREVECAL External Quality Assessment Program &#8211; Mi\u0119dzynarodowy Program Zewn\u0119trznej Oceny Jako\u015bci Bada\u0144 z Hiszpanii. <\/li>\n<\/ul>\n\n\n\n<hr class=\"wp-block-separator has-alpha-channel-opacity\"\/>\n\n\n\n<p class=\"has-text-align-center\"><strong>INFORMACJE DLA PACJENTA DOTYCZ\u0104CE PRZYGOTOWANIA SI\u0118 DO BADA\u0143 LABORATORYJNYCH<\/strong><\/p>\n\n\n\n<p>Pacjent przed pobraniem krwi na standardowe badania laboratoryjne powinien by\u0107:<\/p>\n\n\n\n<ul class=\"wp-block-list\">\n<li>na czczo (ostatnim posi\u0142kiem powinna by\u0107 <span style=\"text-decoration: underline;\">lekkostrawna kolacja<\/span>, zjedzona najp\u00f3\u017aniej do godziny 19.00 poprzedniego dnia), <\/li>\n\n\n\n<li>po wypoczynku nocnym, <\/li>\n\n\n\n<li>w dniu poprzedzaj\u0105cym badanie pacjent powinien unika\u0107 nadmiernego wysi\u0142ku fizycznego oraz nie powinien spo\u017cywa\u0107 alkoholu, <\/li>\n\n\n\n<li>przed badaniem pacjent nie powinien za\u017cywa\u0107 porannej porcji lek\u00f3w (chyba \u017ce lekarz zaleci inaczej), a na trzy dni przed pobraniem odstawi\u0107 r\u00f3\u017cne suplementy diety, np. preparaty zawieraj\u0105ce \u017celazo, witaminy, <\/li>\n\n\n\n<li>oko\u0142o 30 minut przed badaniem pacjent powinien wypi\u0107 szklank\u0119 wody.<\/li>\n<\/ul>\n\n\n\n<p><strong><span style=\"text-decoration: underline;\">BADANIE OG\u00d3LNE MOCZU<\/span><\/strong><\/p>\n\n\n\n<p>Przygotowa\u0107 jednorazowy pojemnik na mocz o obj\u0119to\u015bci 50-100 ml (zakupiony w aptece) na og\u00f3lne badanie moczu. <\/p>\n\n\n\n<ul class=\"wp-block-list\">\n<li>mocz do badania nale\u017cy pobra\u0107 rano (po wypoczynku nocnym), <\/li>\n\n\n\n<li>przed pobraniem moczu pacjent powinien dok\u0142adnie umy\u0107 okolice zewn\u0119trznych narz\u0105d\u00f3w moczowo-p\u0142ciowych, <\/li>\n\n\n\n<li>do przygotowanego kubka nale\u017cy odda\u0107 poranny mocz z tzw. &#8222;\u015brodkowego strumienia moczu&#8221;, czyli: pierwsz\u0105, niewielk\u0105 ilo\u015b\u0107 moczu nale\u017cy odda\u0107 do toalety, nast\u0119pn\u0105 porcj\u0119 do pojemnika, a ko\u0144cow\u0105 zn\u00f3w do toalety, <\/li>\n\n\n\n<li>pojemnik nale\u017cy opisa\u0107 nazwiskiem i imieniem, <\/li>\n\n\n\n<li>do chwili dostarczenia pr\u00f3bki moczu do badania pojemnik z moczem nale\u017cy przechowywa\u0107 w lod\u00f3wce, <\/li>\n\n\n\n<li>pobranie moczu powinno nast\u0105pi\u0107 przed rozpocz\u0119ciem leczenia lub po odstawieniu lek\u00f3w (o ile nie zaburzy to procesu terapeutycznego), <\/li>\n\n\n\n<li>u kobiet nie nale\u017cy przeprowadza\u0107 Badania Og\u00f3lnego Moczu przed, podczas lub w ci\u0105gu 3 dni po zako\u0144czeniu okresu menstruacyjnego, <\/li>\n\n\n\n<li>nie nale\u017cy pobiera\u0107 moczu po znacznym wysi\u0142ku fizycznym.<\/li>\n<\/ul>\n\n\n\n<p><strong><span style=\"text-decoration: underline;\">BADANIE KA\u0141U<\/span><\/strong><\/p>\n\n\n\n<p>Przygotowa\u0107 jednorazowy pojemnik z \u0142opatk\u0105 (zakupiony w aptece) do pobierania ka\u0142u.<\/p>\n\n\n\n<ul class=\"wp-block-list\">\n<li>pr\u00f3bk\u0119 ka\u0142u nale\u017cy pobra\u0107 z 2-3 r\u00f3\u017cnych miejsc pr\u00f3bki stolca, do badania wystarczy pr\u00f3bka ka\u0142u wielko\u015bci orzecha w\u0142oskiego, <\/li>\n\n\n\n<li>pojemnik nale\u017cy zamkn\u0105\u0107 i opisa\u0107 imieniem i nazwiskiem, <\/li>\n\n\n\n<li>materia\u0142 nale\u017cy dostarczy\u0107 do laboratorium do 12 godzin od pobrania, do czasu dostarczenia materia\u0142u pr\u00f3bk\u0119 nale\u017cy przechowywa\u0107 w lod\u00f3wce (NIE ZAMRA\u017bA\u0106). <\/li>\n<\/ul>\n\n\n\n<p><strong><span style=\"text-decoration: underline;\">DOUSTNY TEST GLUKOZ\u0104<\/span><\/strong><\/p>\n\n\n\n<p>Badanie wykonywane jest <strong><span style=\"text-decoration: underline;\">wy\u0142\u0105cznie<\/span><\/strong> ze zleceniem lekarskim, zawieraj\u0105cym dawk\u0119 glukozy, kt\u00f3r\u0105 ma by\u0107 obci\u0105\u017cony pacjent. Glukoz\u0119 do przeprowadzenia testu nale\u017cy zakupi\u0107 w aptece. <strong>Przeciwwskazaniem do wykonania testu jest oznaczony na czczo poziom glukozy powy\u017cej 145 mg\/dl.<\/strong><\/p>\n\n\n\n<p><span style=\"text-decoration: underline;\">PRZYGOTOWANIE PACJENTA<\/span><\/p>\n\n\n\n<p>Pacjent przed wykonaniem testu powinien:<\/p>\n\n\n\n<ul class=\"wp-block-list\">\n<li>na 3 dni przed wykonaniem testu (je\u015bli to mo\u017cliwe) odstawi\u0107 leki zaburzaj\u0105ce gospodark\u0119 w\u0119glowodanow\u0105 oraz przebywa\u0107 na normalnow\u0119glowodanowej diecie z uwzgl\u0119dnieniem normalnej aktywno\u015bci fizycznej, <\/li>\n\n\n\n<li>wieczorem w dniu poprzedzaj\u0105cym badanie pacjent powinien spo\u017cy\u0107 kolacj\u0119 zawieraj\u0105c\u0105 umiarkowan\u0105 ilo\u015b\u0107 (30 &#8211; 50g) w\u0119glowodan\u00f3w i pozosta\u0107 na czczo przez 8 &#8211; 12 godzin, <\/li>\n\n\n\n<li>pacjent nie powinien pali\u0107 papieros\u00f3w przez min. 8 godzin przed badaniem oraz w trakcie testu, <\/li>\n\n\n\n<li>przez ca\u0142y okres pr\u00f3by pacjent powinien unika\u0107 wysi\u0142ku fizycznego, pacjent nie mo\u017ce spo\u017cywa\u0107 \u017cadnych posi\u0142k\u00f3w, dozwolone s\u0105 niewielkie ilo\u015bci wody mineralnej.<\/li>\n<\/ul>\n\n\n\n<p><span style=\"text-decoration: underline;\">WYKONANIE PR\u00d3BY<\/span><\/p>\n\n\n\n<p>Test wykonuje si\u0119 w godzinach porannych, na czczo, po wypoczynku nocnym, krew \u017cyln\u0105 do badania pobiera si\u0119 dwukrotnie:<\/p>\n\n\n\n<ol class=\"wp-block-list\">\n<li>na czczo, nast\u0119pnie pacjent wypija zalecon\u0105 przez lekarza dawk\u0119 glukozy, rozpuszczon\u0105 w 200 &#8211; 300 ml wody w laboratorium (roztw\u00f3r glukozy powinien by\u0107 wypity w czasie nie d\u0142u\u017cszym ni\u017c 5 minut), <\/li>\n\n\n\n<li>po 2 godzinach od wypicia glukozy.<\/li>\n<\/ol>\n\n\n\n<p><strong><span style=\"text-decoration: underline;\">BADANIE PSA (SPECYFICZNY ANTYGEN PROSTATY)<\/span><\/strong><\/p>\n\n\n\n<ul class=\"wp-block-list\">\n<li>na badanie nale\u017cy zg\u0142osi\u0107 si\u0119 na czczo, przed wykonaniem jakiegokolwiek zabiegu na gruczole krokowym lub co najmniej tydzie\u0144 po badaniu per rectum i co najmniej miesi\u0105c po biopsji gruczo\u0142u krokowego, <\/li>\n\n\n\n<li>przez 2 dni przed badaniem zachowa\u0107 wstrzemi\u0119\u017aliwo\u015b\u0107 seksualn\u0105, unika\u0107 intensywnego wysi\u0142ku fizycznego i d\u0142ugotrwa\u0142ej jazdy na rowerze.<\/li>\n<\/ul>\n\n\n\n<p><a href=\"https:\/\/old.szpitaltoszek.pl\/pliki\/statut\/cennik_2024-05.pdf\">Szczeg\u00f3\u0142owy cennik us\u0142ug [do pobrania] (pdf)<\/a><\/p>\n\n\n\n<p class=\"has-small-font-size\">Opublikowa\u0142: Pawe\u0142 Majowski, dnia 13.08.2024 r. o godz. 12.05<\/p>\n","protected":false},"excerpt":{"rendered":"<p>telefon: 32 233 41 12 wew. 249 lub 32 727 58 00 wew. 249 Pobieranie materia\u0142u do bada\u0144 od pacjent\u00f3w ambulatoryjnych: od poniedzia\u0142ku do pi\u0105tku w godzinach 7.30 &#8211; 9.00 Wydawanie wynik\u00f3w bada\u0144 w dniu badania w godzinach 15.00 &#8211; &hellip; <a href=\"https:\/\/old.szpitaltoszek.pl\/?page_id=10551\">Czytaj dalej <span class=\"meta-nav\">&rarr;<\/span><\/a><\/p>\n","protected":false},"author":67,"featured_media":0,"parent":0,"menu_order":0,"comment_status":"closed","ping_status":"closed","template":"","meta":{"footnotes":""},"class_list":["post-10551","page","type-page","status-publish","hentry"],"_links":{"self":[{"href":"https:\/\/old.szpitaltoszek.pl\/index.php?rest_route=\/wp\/v2\/pages\/10551","targetHints":{"allow":["GET"]}}],"collection":[{"href":"https:\/\/old.szpitaltoszek.pl\/index.php?rest_route=\/wp\/v2\/pages"}],"about":[{"href":"https:\/\/old.szpitaltoszek.pl\/index.php?rest_route=\/wp\/v2\/types\/page"}],"author":[{"embeddable":true,"href":"https:\/\/old.szpitaltoszek.pl\/index.php?rest_route=\/wp\/v2\/users\/67"}],"replies":[{"embeddable":true,"href":"https:\/\/old.szpitaltoszek.pl\/index.php?rest_route=%2Fwp%2Fv2%2Fcomments&post=10551"}],"version-history":[{"count":5,"href":"https:\/\/old.szpitaltoszek.pl\/index.php?rest_route=\/wp\/v2\/pages\/10551\/revisions"}],"predecessor-version":[{"id":10564,"href":"https:\/\/old.szpitaltoszek.pl\/index.php?rest_route=\/wp\/v2\/pages\/10551\/revisions\/10564"}],"wp:attachment":[{"href":"https:\/\/old.szpitaltoszek.pl\/index.php?rest_route=%2Fwp%2Fv2%2Fmedia&parent=10551"}],"curies":[{"name":"wp","href":"https:\/\/api.w.org\/{rel}","templated":true}]}}